{"id":97,"date":"2021-03-11T19:42:07","date_gmt":"2021-03-11T19:42:07","guid":{"rendered":"https:\/\/inis.com.co\/?page_id=97"},"modified":"2023-07-24T23:58:20","modified_gmt":"2023-07-24T23:58:20","slug":"diplomado-en-etica-de-la-investigacion-bioetica-e-integridad-cientifica","status":"publish","type":"page","link":"https:\/\/inis.com.co\/index.php\/diplomado-en-etica-de-la-investigacion-bioetica-e-integridad-cientifica\/","title":{"rendered":"Curso consentimiento informado"},"content":{"rendered":"[mk_page_section bg_image=\u00bbhttps:\/\/inis.com.co\/wp-content\/uploads\/2021\/03\/Quienes-somos-banner.jpg\u00bb bg_position=\u00bbcenter center\u00bb sidebar=\u00bbsidebar-1&#8243;][vc_column][mk_fancy_title color=\u00bb#ffffff\u00bb size=\u00bb30&#8243; font_weight=\u00bbbold\u00bb margin_top=\u00bb10&#8243; margin_bottom=\u00bb10&#8243; font_family=\u00bbnone\u00bb align=\u00bbcenter\u00bb]Curso consentimiento informado[\/mk_fancy_title][\/vc_column][\/mk_page_section][mk_page_section][vc_column][mk_padding_divider size=\u00bb30&#8243;][vc_column_text align=\u00bbcenter\u00bb]\n<div class=\"page\" style=\"font-size: 20px;\" title=\"Page 2\"><strong>Objetivo:<\/strong> Formar competencias cr\u00edticas y creativas para el trabajo investigativo en torno a la pr\u00e1ctica del consentimiento informado para el dise\u00f1o de documentos bajo informaci\u00f3n que velen por los derechos de las personas intervenidas en<br \/>\ninvestigaciones.<\/div>\n[\/vc_column_text][mk_button dimension=\u00bbflat\u00bb size=\u00bbmedium\u00bb url=\u00bbhttps:\/\/inis.com.co\/wp-content\/uploads\/2021\/05\/Ver-detalle.-Curso-Consentimiento-Informado-Diseno-Instruccional.pdf\u00bb target=\u00bb_blank\u00bb align=\u00bbcenter\u00bb margin_top=\u00bb20&#8243; margin_bottom=\u00bb20&#8243; bg_color=\u00bb#0094c3&#8243; btn_hover_txt_color=\u00bb#ffffff\u00bb]Ver detalles[\/mk_button][mk_padding_divider size=\u00bb30&#8243;][\/vc_column][\/mk_page_section][mk_page_section][vc_column width=\u00bb1\/2&#8243;][mk_image src=\u00bbhttps:\/\/inis.com.co\/wp-content\/uploads\/2021\/03\/Captura-de-Pantalla-2021-03-16-a-las-7.03.53-p.-m..png\u00bb image_size=\u00bbfull\u00bb][mk_divider style=\u00bbthick_solid\u00bb border_color=\u00bb#004477&#8243;][vc_column_text]\n<div class=\"page\" style=\"font-size: 15px;\" title=\"Page 2\">\n<div class=\"layoutArea\">\n<div class=\"column\">\n<ul>\n<li><strong>Ofrece:<\/strong> Instituto Nacional de Investigaci\u00f3n e Innovaci\u00f3n Social<\/li>\n<li><strong>L\u00ednea de Investigaci\u00f3n:<\/strong> Bio\u00e9tica y educaci\u00f3n<\/li>\n<li><strong>Grupo de Investigaci\u00f3n:<\/strong> Filosof\u00eda, \u00e9tica y educaci\u00f3n (Categor\u00eda C \u2014Minciencias)<\/li>\n<li><strong>Modalidad:<\/strong> Virtual\/Educaci\u00f3n contin\u00faa<\/li>\n<li><strong>Intensidad horaria:<\/strong> 40 horas<\/li>\n<li><strong>Fecha de inicio:<\/strong>\u00a0Permanente<\/li>\n<li><strong>Contacto:<\/strong> innovacion@inis.com.co<\/li>\n<\/ul>\n<\/div>\n<\/div>\n<\/div>\n[\/vc_column_text][\/vc_column][vc_column width=\u00bb1\/2&#8243; css=\u00bb.vc_custom_1615918216634{padding-top: 20px !important;padding-right: 20px !important;padding-bottom: 20px !important;padding-left: 20px !important;background-color: #004477 !important;border-radius: 5px !important;}\u00bb][mk_fancy_title color=\u00bb#ffffff\u00bb size=\u00bb34&#8243; font_family=\u00bbnone\u00bb align=\u00bbcenter\u00bb]Quiero inscribirme&#8230;[\/mk_fancy_title][mk_fancy_title color=\u00bb#ffffff\u00bb font_family=\u00bbnone\u00bb align=\u00bbcenter\u00bb]Si este es el curso adecuado para ti no dudes en hacer una preinscripci\u00f3n, recuerda que son pocos cupos y debes hacer el proceso de inscripci\u00f3n antes de la fecha de inicio.[\/mk_fancy_title][mk_button dimension=\u00bboutline\u00bb size=\u00bbmedium\u00bb url=\u00bbhttps:\/\/forms.gle\/LVg1SE2SM2eaUnab9&#8243; target=\u00bb_blank\u00bb align=\u00bbcenter\u00bb margin_top=\u00bb20&#8243; margin_bottom=\u00bb20&#8243; outline_skin=\u00bblight\u00bb]Inscr\u00edbete aqui[\/mk_button][\/vc_column][\/mk_page_section][mk_page_section][vc_column][mk_divider style=\u00bbthick_solid\u00bb border_color=\u00bb#004477&#8243;][vc_column_text]\n<div class=\"page\" title=\"Page 2\">\n<p><span style=\"font-size: 20px;\"><b>Presentaci\u00f3n:<\/b><\/span><\/p>\n<div class=\"page\" title=\"Page 2\">\n<div class=\"layoutArea\">\n<div class=\"column\">\n<p align=\"justify\">Es importante reconocer que la ciencia hist\u00f3ricamente para obtener resultados ha accedido a las personas para realizar procesos de objetivaci\u00f3n de los problemas de investigaci\u00f3n que la inquietaban en sus diferentes momentos y circunstancias contextuales, pero en el proceso es de resaltar que se han cometido abusos y se han da\u00f1ado personas en contextos de guerra como lo fue en el periodo de la segunda guerra mundial, y en especial en los campos de concentraci\u00f3n nazi, en la que los m\u00e9dicos y cient\u00edficos, desde las ideolog\u00edas de superioridad de la raza experimentaron con jud\u00edos, comunistas y homosexuales, trat\u00e1ndolos como objetos y extermin\u00e1ndolos en el proceso.<br \/>\nDe all\u00ed, que despu\u00e9s del fin de la guerra, y al descubrirse todas estas situaciones la comunidad internacional logr\u00f3 avanzar desde el c\u00f3digo de Nuremberg para el cuidado y protecci\u00f3n de los pacientes y en especial el respeto por el derecho a decidir o interrumpir cualquier procedimiento que afectara su integridad.<\/p>\n<\/div>\n<\/div>\n<\/div>\n<\/div>\n[\/vc_column_text][mk_divider style=\u00bbthick_solid\u00bb border_color=\u00bb#004477&#8243;][vc_column_text]\n<div class=\"page\" title=\"Page 2\">\n<p><span style=\"font-size: 20px;\"><b>Inversi\u00f3n:<\/b><\/span><\/p>\n<div class=\"page\" title=\"Page 2\">\n<div class=\"layoutArea\">\n<div class=\"column\">\n<div class=\"page\" title=\"Page 6\">\n<div class=\"section\">\n<div class=\"layoutArea\">\n<div class=\"column\">\n<p><strong>Profesores investigadores de universidades nacionales e internacionales: <\/strong>USD140.00 (en Colombia $500.000)<\/p>\n<p><strong>Personal administrativo de centros de investigaci\u00f3n, de instituciones de ciencia y tecnolog\u00eda:\u00a0<\/strong> USD140.00 (en Colombia $500.000)<\/p>\n<p><strong>Coordinadores, directores y vicerrectores de Investigaci\u00f3n:<\/strong> USD140.00 (en Colombia $500.000)<\/p>\n<p><strong>Estudiantes de pregrado:<\/strong> USD 80.00<\/p>\n<p><strong>Estudiantes de posgrados:<\/strong> USD.100.00<\/p>\n<p><strong>Red Nacional de profesores(as) de \u00e9tica:<\/strong> USD.100.00<\/p>\n<\/div>\n<\/div>\n<\/div>\n<\/div>\n<\/div>\n<\/div>\n<\/div>\n<\/div>\n[\/vc_column_text][\/vc_column][\/mk_page_section]\n","protected":false},"excerpt":{"rendered":"<p>[mk_page_section bg_image=\u00bbhttps:\/\/inis.com.co\/wp-content\/uploads\/2021\/03\/Quienes-somos-banner.jpg\u00bb bg_position=\u00bbcenter center\u00bb sidebar=\u00bbsidebar-1&#8243;][vc_column][mk_fancy_title color=\u00bb#ffffff\u00bb size=\u00bb30&#8243; font_weight=\u00bbbold\u00bb margin_top=\u00bb10&#8243; margin_bottom=\u00bb10&#8243; font_family=\u00bbnone\u00bb align=\u00bbcenter\u00bb]Curso consentimiento informado[\/mk_fancy_title][\/vc_column][\/mk_page_section][mk_page_section][vc_column][mk_padding_divider size=\u00bb30&#8243;][vc_column_text align=\u00bbcenter\u00bb] Objetivo: Formar competencias cr\u00edticas y creativas para el trabajo investigativo en torno a la pr\u00e1ctica del consentimiento informado para el dise\u00f1o de documentos bajo informaci\u00f3n que velen por los derechos de las personas intervenidas en investigaciones. [\/vc_column_text][mk_button dimension=\u00bbflat\u00bb size=\u00bbmedium\u00bb [&hellip;]<\/p>\n","protected":false},"author":1,"featured_media":0,"parent":0,"menu_order":0,"comment_status":"closed","ping_status":"closed","template":"","meta":[],"_links":{"self":[{"href":"https:\/\/inis.com.co\/index.php\/wp-json\/wp\/v2\/pages\/97"}],"collection":[{"href":"https:\/\/inis.com.co\/index.php\/wp-json\/wp\/v2\/pages"}],"about":[{"href":"https:\/\/inis.com.co\/index.php\/wp-json\/wp\/v2\/types\/page"}],"author":[{"embeddable":true,"href":"https:\/\/inis.com.co\/index.php\/wp-json\/wp\/v2\/users\/1"}],"replies":[{"embeddable":true,"href":"https:\/\/inis.com.co\/index.php\/wp-json\/wp\/v2\/comments?post=97"}],"version-history":[{"count":11,"href":"https:\/\/inis.com.co\/index.php\/wp-json\/wp\/v2\/pages\/97\/revisions"}],"predecessor-version":[{"id":2124,"href":"https:\/\/inis.com.co\/index.php\/wp-json\/wp\/v2\/pages\/97\/revisions\/2124"}],"wp:attachment":[{"href":"https:\/\/inis.com.co\/index.php\/wp-json\/wp\/v2\/media?parent=97"}],"curies":[{"name":"wp","href":"https:\/\/api.w.org\/{rel}","templated":true}]}}