{"id":89,"date":"2021-03-11T19:37:55","date_gmt":"2021-03-11T19:37:55","guid":{"rendered":"https:\/\/inis.com.co\/?page_id=89"},"modified":"2021-10-20T13:51:17","modified_gmt":"2021-10-20T13:51:17","slug":"formacion-etica","status":"publish","type":"page","link":"https:\/\/inis.com.co\/index.php\/formacion-etica\/","title":{"rendered":"Formaci\u00f3n \u00c9tica"},"content":{"rendered":"[mk_page_section bg_image=\u00bbhttps:\/\/inis.com.co\/wp-content\/uploads\/2021\/03\/Quienes-somos-banner.jpg\u00bb bg_position=\u00bbcenter center\u00bb sidebar=\u00bbsidebar-1&#8243;][vc_column][mk_fancy_title color=\u00bb#ffffff\u00bb size=\u00bb40&#8243; font_weight=\u00bbbold\u00bb margin_top=\u00bb10&#8243; margin_bottom=\u00bb10&#8243; font_family=\u00bbnone\u00bb align=\u00bbcenter\u00bb]Formaci\u00f3n \u00c9tica[\/mk_fancy_title][\/vc_column][\/mk_page_section][mk_page_section][vc_column][\/vc_column][\/mk_page_section][mk_page_section][vc_column][vc_row_inner][vc_column_inner][vc_column_text align=\u00bbcenter\u00bb]\n<h3 style=\"text-align: center;\">El centro de Formaci\u00f3n \u00c9tica es una unidad acad\u00e9mica y administrativa del Instituto<br \/>\nNacional de Investigaci\u00f3n e Innovaci\u00f3n Social.<\/h3>\n[\/vc_column_text][mk_divider style=\u00bbthick_solid\u00bb divider_width=\u00bbone_third\u00bb border_color=\u00bb#07b8ea\u00bb margin_top=\u00bb0&#8243;][\/vc_column_inner][\/vc_row_inner][\/vc_column][\/mk_page_section][mk_page_section bg_color=\u00bb#004477&#8243; sidebar=\u00bbsidebar-1&#8243;][vc_column][mk_fancy_title color=\u00bb#ffffff\u00bb size=\u00bb30&#8243; font_weight=\u00bbbold\u00bb margin_top=\u00bb10&#8243; margin_bottom=\u00bb10&#8243; font_family=\u00bbnone\u00bb]Objetivos.[\/mk_fancy_title][vc_row_inner][vc_column_inner width=\u00bb1\/2&#8243;][mk_image src=\u00bbhttps:\/\/inis.com.co\/wp-content\/uploads\/2021\/03\/investigacion.png\u00bb image_width=\u00bb576&#8243; align=\u00bbcenter\u00bb][mk_padding_divider][\/vc_column_inner][vc_column_inner width=\u00bb1\/2&#8243;][mk_padding_divider][mk_custom_list style=\u00bbe634&#8243;]\n<ul style=\"color: #ffffff;\">\n<li>Desarrollar iniciativas para fortalecer la investigaci\u00f3n en temas relacionados a la \u00e9tica desde una perspectiva interdisciplinaria.<\/li>\n<li>Realizar proyectos de investigaci\u00f3n sobre \u00e9tica e integridad cient\u00edfica en alianzas con institucionales nacionales e internacionales.<\/li>\n<li>Promover el debate e iniciativas pedag\u00f3gicas sobre la ense\u00f1anza de la \u00e9tica en el contexto de la educaci\u00f3n en Colombia y Am\u00e9rica Latina.<\/li>\n<li>Liderar y participar en las redes de \u00e9tica.<\/li>\n<li>Ser \u00f3rgano consultor para los comit\u00e9s de \u00e9tica del pa\u00eds y la regi\u00f3n.<\/li>\n<\/ul>\n[\/mk_custom_list][\/vc_column_inner][\/vc_row_inner][\/vc_column][\/mk_page_section][mk_page_section min_height=\u00bb0&#8243; visibility=\u00bbhidden-sm\u00bb sidebar=\u00bbsidebar-1&#8243;][vc_column][mk_padding_divider][vc_column_text]\n<h2><strong>Subdirector<\/strong><\/h2>\n[\/vc_column_text][mk_divider style=\u00bbthick_solid\u00bb divider_width=\u00bbone_third\u00bb align=\u00bbleft\u00bb margin_top=\u00bb5&#8243; margin_bottom=\u00bb10&#8243;][vc_column_text]\n<h3>Alexander Zuluaga<\/h3>\n[\/vc_column_text][\/vc_column][\/mk_page_section][mk_page_section min_height=\u00bb0&#8243; visibility=\u00bbhidden-sm\u00bb sidebar=\u00bbsidebar-1&#8243;][vc_column][mk_padding_divider size=\u00bb35&#8243;][\/vc_column][\/mk_page_section]\n","protected":false},"excerpt":{"rendered":"<p>[mk_page_section bg_image=\u00bbhttps:\/\/inis.com.co\/wp-content\/uploads\/2021\/03\/Quienes-somos-banner.jpg\u00bb bg_position=\u00bbcenter center\u00bb sidebar=\u00bbsidebar-1&#8243;][vc_column][mk_fancy_title color=\u00bb#ffffff\u00bb size=\u00bb40&#8243; font_weight=\u00bbbold\u00bb margin_top=\u00bb10&#8243; margin_bottom=\u00bb10&#8243; font_family=\u00bbnone\u00bb align=\u00bbcenter\u00bb]Formaci\u00f3n \u00c9tica[\/mk_fancy_title][\/vc_column][\/mk_page_section][mk_page_section][vc_column][\/vc_column][\/mk_page_section][mk_page_section][vc_column][vc_row_inner][vc_column_inner][vc_column_text align=\u00bbcenter\u00bb] El centro de Formaci\u00f3n \u00c9tica es una unidad acad\u00e9mica y administrativa del Instituto Nacional de Investigaci\u00f3n e Innovaci\u00f3n Social. [\/vc_column_text][mk_divider style=\u00bbthick_solid\u00bb divider_width=\u00bbone_third\u00bb border_color=\u00bb#07b8ea\u00bb margin_top=\u00bb0&#8243;][\/vc_column_inner][\/vc_row_inner][\/vc_column][\/mk_page_section][mk_page_section bg_color=\u00bb#004477&#8243; sidebar=\u00bbsidebar-1&#8243;][vc_column][mk_fancy_title color=\u00bb#ffffff\u00bb size=\u00bb30&#8243; font_weight=\u00bbbold\u00bb margin_top=\u00bb10&#8243; margin_bottom=\u00bb10&#8243; font_family=\u00bbnone\u00bb]Objetivos.[\/mk_fancy_title][vc_row_inner][vc_column_inner width=\u00bb1\/2&#8243;][mk_image src=\u00bbhttps:\/\/inis.com.co\/wp-content\/uploads\/2021\/03\/investigacion.png\u00bb image_width=\u00bb576&#8243; align=\u00bbcenter\u00bb][mk_padding_divider][\/vc_column_inner][vc_column_inner width=\u00bb1\/2&#8243;][mk_padding_divider][mk_custom_list style=\u00bbe634&#8243;] Desarrollar iniciativas para [&hellip;]<\/p>\n","protected":false},"author":1,"featured_media":0,"parent":0,"menu_order":0,"comment_status":"closed","ping_status":"closed","template":"","meta":[],"_links":{"self":[{"href":"https:\/\/inis.com.co\/index.php\/wp-json\/wp\/v2\/pages\/89"}],"collection":[{"href":"https:\/\/inis.com.co\/index.php\/wp-json\/wp\/v2\/pages"}],"about":[{"href":"https:\/\/inis.com.co\/index.php\/wp-json\/wp\/v2\/types\/page"}],"author":[{"embeddable":true,"href":"https:\/\/inis.com.co\/index.php\/wp-json\/wp\/v2\/users\/1"}],"replies":[{"embeddable":true,"href":"https:\/\/inis.com.co\/index.php\/wp-json\/wp\/v2\/comments?post=89"}],"version-history":[{"count":13,"href":"https:\/\/inis.com.co\/index.php\/wp-json\/wp\/v2\/pages\/89\/revisions"}],"predecessor-version":[{"id":1165,"href":"https:\/\/inis.com.co\/index.php\/wp-json\/wp\/v2\/pages\/89\/revisions\/1165"}],"wp:attachment":[{"href":"https:\/\/inis.com.co\/index.php\/wp-json\/wp\/v2\/media?parent=89"}],"curies":[{"name":"wp","href":"https:\/\/api.w.org\/{rel}","templated":true}]}}