{"id":82,"date":"2021-03-09T16:43:05","date_gmt":"2021-03-09T16:43:05","guid":{"rendered":"https:\/\/inis.com.co\/?page_id=82"},"modified":"2024-09-05T14:46:16","modified_gmt":"2024-09-05T14:46:16","slug":"editorial","status":"publish","type":"page","link":"https:\/\/inis.com.co\/index.php\/editorial\/","title":{"rendered":"Editorial"},"content":{"rendered":"[mk_page_section padding_top=\u00bb-4&#8243; sidebar=\u00bbsidebar-1&#8243;][vc_column][mk_revslider id=\u00bbslider-5&#8243;][\/vc_column][\/mk_page_section][mk_page_section bg_color=\u00bb#004477&#8243; sidebar=\u00bbsidebar-1&#8243;][vc_column width=\u00bb1\/4&#8243;][mk_button dimension=\u00bboutline\u00bb size=\u00bbmedium\u00bb url=\u00bbhttps:\/\/inis.com.co\/wp-content\/uploads\/2021\/07\/RESOLUCION-03.-Reglamento-de-publicaciones-.pdf\u00bb align=\u00bbcenter\u00bb margin_top=\u00bb15&#8243; outline_skin=\u00bblight\u00bb]Reglamento de publicaciones[\/mk_button][\/vc_column][vc_column width=\u00bb1\/4&#8243;][mk_button dimension=\u00bboutline\u00bb size=\u00bbmedium\u00bb url=\u00bbconvocatorias-de-publicaciones-2&#8243; align=\u00bbcenter\u00bb margin_top=\u00bb15&#8243; outline_skin=\u00bblight\u00bb]Convocatorias[\/mk_button][\/vc_column][vc_column width=\u00bb1\/4&#8243;][mk_button dimension=\u00bboutline\u00bb size=\u00bbmedium\u00bb url=\u00bbhttps:\/\/inis.com.co\/index.php\/formatos-editorial\/\u00bb align=\u00bbcenter\u00bb margin_top=\u00bb15&#8243; outline_skin=\u00bblight\u00bb]Formatos[\/mk_button][\/vc_column][vc_column width=\u00bb1\/4&#8243;][mk_button dimension=\u00bboutline\u00bb size=\u00bbmedium\u00bb url=\u00bbhttps:\/\/inis.com.co\/wp-content\/uploads\/2024\/08\/catalogo-final-2024.pdf\u00bb align=\u00bbcenter\u00bb margin_top=\u00bb15&#8243; outline_skin=\u00bblight\u00bb]Cat\u00e1logo de publicaciones[\/mk_button][\/vc_column][\/mk_page_section][mk_page_section min_height=\u00bb50&#8243; sidebar=\u00bbsidebar-1&#8243;][vc_column][\/vc_column][\/mk_page_section][mk_page_section][vc_column][vc_tta_tour style=\u00bbmodern\u00bb color=\u00bbblue\u00bb tab_position=\u00bbright\u00bb alignment=\u00bbright\u00bb active_section=\u00bb1&#8243; pagination_style=\u00bboutline-square\u00bb pagination_color=\u00bbblue\u00bb no_fill_content_area=\u00bbtrue\u00bb][vc_tta_section title=\u00bbDestacado 1&#8243; tab_id=\u00bb1626284992886-86e3f066-0ecf\u00bb][vc_row_inner][vc_column_inner width=\u00bb1\/2&#8243;][mk_fancy_title color=\u00bb#004477&#8243; size=\u00bb44&#8243; font_weight=\u00bbbold\u00bb margin_bottom=\u00bb5&#8243; font_family=\u00bbnone\u00bb align=\u00bbright\u00bb]Destacado del MES[\/mk_fancy_title][mk_divider style=\u00bbthick_solid\u00bb border_color=\u00bb#004477&#8243; margin_top=\u00bb2&#8243;][vc_column_text align=\u00bbright\u00bb css=\u00bb.vc_custom_1725363077863{margin-bottom: 0px !important;}\u00bb]\n<h3 style=\"text-align: right;\">Cuentos para filosofar<\/h3>\n<p style=\"text-align: right;\">Pensando nuestra existencia<\/p>\n<p style=\"text-align: right;\">Autores(as)<br \/>\n<i>Javier Z\u00fa\u00f1iga Buitrago, Susana Eugenia Matallana Pel\u00e1ez,<br \/>\nJefferson <\/i><i>Andr\u00e9s Rivera Cubillos, Davy Alfonso Aguilar R\u00edos,<br \/>\nAntonio <\/i><i>Efr\u00e9n Mesa S\u00e1nchez, Javier Le\u00f3n Duitama,<br \/>\nHugo Mauricio Rodr\u00edguez <\/i><i>Vergara, Roger Bladimir Fragua Cabrera,<br \/>\nNubia Carolina <\/i><i>Vargas Garavito, Jos\u00e9 David Aristiz\u00e1bal Gir\u00f3n,<br \/>\nDaniel Camilo <\/i><i>Romero Pinz\u00f3n, Carlos Andr\u00e9s Romero L\u00f3pez,<br \/>\nGerardo Mar\u00eda <\/i><i>Mondrag\u00f3n Varela, Luciano Arcella<\/i><\/p>\n[\/vc_column_text][mk_button dimension=\u00bboutline\u00bb size=\u00bblarge\u00bb url=\u00bbhttps:\/\/inis.com.co\/index.php\/cuentos-para-filosofar-1\/\u00bb align=\u00bbright\u00bb]Leer m\u00e1s[\/mk_button][\/vc_column_inner][vc_column_inner width=\u00bb1\/2&#8243;][mk_image src=\u00bbhttps:\/\/inis.com.co\/wp-content\/uploads\/2024\/09\/cuentosfilo1.png\u00bb image_size=\u00bblarge\u00bb align=\u00bbcenter\u00bb][\/vc_column_inner][\/vc_row_inner][\/vc_tta_section][vc_tta_section title=\u00bbDestacado 2&#8243; tab_id=\u00bb1626285003749-684f4773-dbcb\u00bb][vc_row_inner][vc_column_inner width=\u00bb1\/2&#8243;][mk_fancy_title color=\u00bb#004477&#8243; size=\u00bb44&#8243; font_weight=\u00bbbold\u00bb margin_bottom=\u00bb5&#8243; font_family=\u00bbnone\u00bb align=\u00bbright\u00bb]Destacado del MES[\/mk_fancy_title][mk_divider style=\u00bbthick_solid\u00bb border_color=\u00bb#004477&#8243; margin_top=\u00bb2&#8243;][vc_column_text align=\u00bbright\u00bb css=\u00bb.vc_custom_1725363213228{margin-bottom: 0px !important;}\u00bb]\n<h3 style=\"text-align: right;\">Cuentos para filosofar<\/h3>\n<p style=\"text-align: right;\">Mirar hacia nosotros mismos.<\/p>\n<p style=\"text-align: right;\"><b>Autores(as)<br \/>\n<\/b><em>Diego Solera, Camila Murillo, Mariano Su\u00e1rez Burgo, Melina Armenta Salazar, Sebasti\u00e1n Mej\u00eda-Rend\u00f3n, Cristian Camilo L\u00f3pez Lerma, Ariel S\u00e1nchez,<br \/>\nEdgar Cu\u00e9llar Pab\u00f3n, Juli\u00e1n Hern\u00e1ndez, Tirso Troncoso Saavedra,<br \/>\nDaniel Augusto Duarte Arias, Germ\u00e1n Bula, Maria-Jose Rivera,<br \/>\nPatricia P\u00e9rez Rocha, Iv\u00e1n Ulchur, Luis Miguel Guti\u00e9rrez,<br \/>\nLuis Alberto Triana Llano.<\/em><\/p>\n[\/vc_column_text][mk_button dimension=\u00bboutline\u00bb size=\u00bblarge\u00bb url=\u00bbhttps:\/\/inis.com.co\/index.php\/cuentos-para-filosofar-2\/\u00bb align=\u00bbright\u00bb]Leer m\u00e1s[\/mk_button][\/vc_column_inner][vc_column_inner width=\u00bb1\/2&#8243;][mk_image src=\u00bbhttps:\/\/inis.com.co\/wp-content\/uploads\/2024\/09\/cuentosfilo2.png\u00bb image_size=\u00bblarge\u00bb align=\u00bbcenter\u00bb][\/vc_column_inner][\/vc_row_inner][\/vc_tta_section][vc_tta_section title=\u00bbDestacado 3&#8243; tab_id=\u00bb1626285065616-fa08b6c2-9528&#8243;][vc_row_inner][vc_column_inner width=\u00bb1\/2&#8243;][mk_fancy_title color=\u00bb#004477&#8243; size=\u00bb44&#8243; font_weight=\u00bbbold\u00bb margin_bottom=\u00bb5&#8243; font_family=\u00bbnone\u00bb align=\u00bbright\u00bb]Destacado del MES[\/mk_fancy_title][mk_divider style=\u00bbthick_solid\u00bb border_color=\u00bb#004477&#8243; margin_top=\u00bb2&#8243;][vc_column_text align=\u00bbright\u00bb css=\u00bb.vc_custom_1725363362407{margin-bottom: 0px !important;}\u00bb]\n<h3 style=\"text-align: right;\">En cantos ilustrados<\/h3>\n<p style=\"text-align: right;\">El vuelo del pensar.<\/p>\n<p style=\"text-align: right;\">Esta producci\u00f3n pretende no s\u00f3lo apropiar la grandiosidad que nos ofrecen las aves de nuestra regi\u00f3n vallecaucana sino tambi\u00e9n aventurarnos a la riqueza de las humanidades, el lenguaje y la magia del color. De esta manera, el lector no s\u00f3lo podr\u00e1 reconocer generalidades de aves residentes de nuestro territorio sino tambi\u00e9n principios b\u00e1sicos de psicolog\u00eda del color, refl\u00adexiones desde las humanidades y ampliar su vocabulario sobre expresiones que no gozan de traducci\u00f3n directa en el idioma espa\u00f1ol.<\/p>\n[\/vc_column_text][mk_button dimension=\u00bboutline\u00bb size=\u00bblarge\u00bb url=\u00bbhttps:\/\/inis.com.co\/index.php\/en-cantos-ilustrados\/\u00bb align=\u00bbright\u00bb]Leer m\u00e1s[\/mk_button][\/vc_column_inner][vc_column_inner width=\u00bb1\/2&#8243;][mk_image src=\u00bbhttps:\/\/inis.com.co\/wp-content\/uploads\/2024\/09\/cantosilustrados.png\u00bb image_size=\u00bblarge\u00bb align=\u00bbcenter\u00bb][\/vc_column_inner][\/vc_row_inner][\/vc_tta_section][\/vc_tta_tour][\/vc_column][\/mk_page_section][mk_page_section bg_color=\u00bb#004477&#8243; sidebar=\u00bbsidebar-1&#8243;][vc_column][mk_fancy_title color=\u00bb#ffffff\u00bb size=\u00bb44&#8243; font_weight=\u00bbbold\u00bb margin_top=\u00bb20&#8243; margin_bottom=\u00bb5&#8243; font_family=\u00bbnone\u00bb align=\u00bbcenter\u00bb]Todos nuestros t\u00edtulos[\/mk_fancy_title][\/vc_column][\/mk_page_section][vc_row fullwidth=\u00bbtrue\u00bb css=\u00bb.vc_custom_1634748593151{margin-right: 5% !important;margin-left: 5% !important;}\u00bb][vc_column][mk_portfolio_carousel style=\u00bbmodern\u00bb hover_scenarios=\u00bbfadebox\u00bb view_all_text=\u00bbVer Todos\u00bb count=\u00bb-1&#8243; image_size=\u00bbfull\u00bb orderby=\u00bbtitle\u00bb][\/vc_column][\/vc_row][mk_page_section bg_color=\u00bb#004477&#8243; sidebar=\u00bbsidebar-1&#8243;][vc_column][mk_fancy_title color=\u00bb#ffffff\u00bb size=\u00bb50&#8243; font_weight=\u00bbbold\u00bb margin_top=\u00bb10&#8243; margin_bottom=\u00bb2&#8243; font_family=\u00bbnone\u00bb align=\u00bbcenter\u00bb]Comit\u00e9 editorial[\/mk_fancy_title][\/vc_column][\/mk_page_section][mk_page_section][vc_column width=\u00bb1\/2&#8243;][mk_padding_divider size=\u00bb15&#8243;][vc_column_text css=\u00bb.vc_custom_1725309203024{margin-bottom: 0px !important;}\u00bb]<strong>Diana Melissa Paredes:<\/strong> Universidad de Antioquia<\/p>\n<p><strong>El\u00edas Manaced Rey:<\/strong> Corporaci\u00f3n Universitaria Minuto de Dios<\/p>\n<p><strong> Giovanny Pinz\u00f3n:<\/strong> Secretar\u00eda de Educaci\u00f3n de Cundinamarca<\/p>\n<p><strong>Julio Hern\u00e1n Parrado:<\/strong> Secretar\u00eda de Educaci\u00f3n de Bogot\u00e1<\/p>\n<p><strong>Octavio Garc\u00eda Ram\u00edrez:<\/strong> Universidad Latinoamericana de Ciencias Jur\u00eddicas<\/p>\n<p><strong>Ra\u00fal Cuadros Contreras:<\/strong> Universidad Pedag\u00f3gica Nacional<\/p>\n<p><strong>Roberto Ca\u00f1ete:<\/strong> Universidad de Ciencias M\u00e9dicas de Matanzas<\/p>\n<p><strong>Isabel Mej\u00eda Guayara<\/strong>: Universidad de Cundinamarca<\/p>\n<p><strong>Xiko Acis:<\/strong> Universidad Unisantana Brasil[\/vc_column_text][mk_padding_divider size=\u00bb15&#8243;][\/vc_column][vc_column width=\u00bb1\/2&#8243;][mk_padding_divider size=\u00bb26&#8243;][mk_circle_image src=\u00bbhttps:\/\/inis.com.co\/wp-content\/uploads\/2021\/03\/proteccion-social.jpg\u00bb image_diameter=\u00bb260&#8243;][\/vc_column][\/mk_page_section]\n","protected":false},"excerpt":{"rendered":"<p>[mk_page_section padding_top=\u00bb-4&#8243; sidebar=\u00bbsidebar-1&#8243;][vc_column][mk_revslider id=\u00bbslider-5&#8243;][\/vc_column][\/mk_page_section][mk_page_section bg_color=\u00bb#004477&#8243; sidebar=\u00bbsidebar-1&#8243;][vc_column width=\u00bb1\/4&#8243;][mk_button dimension=\u00bboutline\u00bb size=\u00bbmedium\u00bb url=\u00bbhttps:\/\/inis.com.co\/wp-content\/uploads\/2021\/07\/RESOLUCION-03.-Reglamento-de-publicaciones-.pdf\u00bb align=\u00bbcenter\u00bb margin_top=\u00bb15&#8243; outline_skin=\u00bblight\u00bb]Reglamento de publicaciones[\/mk_button][\/vc_column][vc_column width=\u00bb1\/4&#8243;][mk_button dimension=\u00bboutline\u00bb size=\u00bbmedium\u00bb url=\u00bbconvocatorias-de-publicaciones-2&#8243; align=\u00bbcenter\u00bb margin_top=\u00bb15&#8243; outline_skin=\u00bblight\u00bb]Convocatorias[\/mk_button][\/vc_column][vc_column width=\u00bb1\/4&#8243;][mk_button dimension=\u00bboutline\u00bb size=\u00bbmedium\u00bb url=\u00bbhttps:\/\/inis.com.co\/index.php\/formatos-editorial\/\u00bb align=\u00bbcenter\u00bb margin_top=\u00bb15&#8243; outline_skin=\u00bblight\u00bb]Formatos[\/mk_button][\/vc_column][vc_column width=\u00bb1\/4&#8243;][mk_button dimension=\u00bboutline\u00bb size=\u00bbmedium\u00bb url=\u00bbhttps:\/\/inis.com.co\/wp-content\/uploads\/2024\/08\/catalogo-final-2024.pdf\u00bb align=\u00bbcenter\u00bb margin_top=\u00bb15&#8243; outline_skin=\u00bblight\u00bb]Cat\u00e1logo de publicaciones[\/mk_button][\/vc_column][\/mk_page_section][mk_page_section min_height=\u00bb50&#8243; sidebar=\u00bbsidebar-1&#8243;][vc_column][\/vc_column][\/mk_page_section][mk_page_section][vc_column][vc_tta_tour style=\u00bbmodern\u00bb color=\u00bbblue\u00bb tab_position=\u00bbright\u00bb alignment=\u00bbright\u00bb active_section=\u00bb1&#8243; pagination_style=\u00bboutline-square\u00bb pagination_color=\u00bbblue\u00bb no_fill_content_area=\u00bbtrue\u00bb][vc_tta_section title=\u00bbDestacado 1&#8243; tab_id=\u00bb1626284992886-86e3f066-0ecf\u00bb][vc_row_inner][vc_column_inner width=\u00bb1\/2&#8243;][mk_fancy_title color=\u00bb#004477&#8243; size=\u00bb44&#8243; font_weight=\u00bbbold\u00bb [&hellip;]<\/p>\n","protected":false},"author":1,"featured_media":0,"parent":0,"menu_order":0,"comment_status":"closed","ping_status":"closed","template":"","meta":[],"_links":{"self":[{"href":"https:\/\/inis.com.co\/index.php\/wp-json\/wp\/v2\/pages\/82"}],"collection":[{"href":"https:\/\/inis.com.co\/index.php\/wp-json\/wp\/v2\/pages"}],"about":[{"href":"https:\/\/inis.com.co\/index.php\/wp-json\/wp\/v2\/types\/page"}],"author":[{"embeddable":true,"href":"https:\/\/inis.com.co\/index.php\/wp-json\/wp\/v2\/users\/1"}],"replies":[{"embeddable":true,"href":"https:\/\/inis.com.co\/index.php\/wp-json\/wp\/v2\/comments?post=82"}],"version-history":[{"count":112,"href":"https:\/\/inis.com.co\/index.php\/wp-json\/wp\/v2\/pages\/82\/revisions"}],"predecessor-version":[{"id":2481,"href":"https:\/\/inis.com.co\/index.php\/wp-json\/wp\/v2\/pages\/82\/revisions\/2481"}],"wp:attachment":[{"href":"https:\/\/inis.com.co\/index.php\/wp-json\/wp\/v2\/media?parent=82"}],"curies":[{"name":"wp","href":"https:\/\/api.w.org\/{rel}","templated":true}]}}