{"id":681,"date":"2021-05-20T20:15:20","date_gmt":"2021-05-20T20:15:20","guid":{"rendered":"https:\/\/inis.com.co\/?page_id=681"},"modified":"2021-05-20T20:49:07","modified_gmt":"2021-05-20T20:49:07","slug":"la-memoria","status":"publish","type":"page","link":"https:\/\/inis.com.co\/index.php\/la-memoria\/","title":{"rendered":"La memoria como agente educativo"},"content":{"rendered":"[mk_page_section][vc_column width=\u00bb1\/2&#8243;][mk_padding_divider size=\u00bb78&#8243;][mk_image src=\u00bbhttps:\/\/inis.com.co\/wp-content\/uploads\/2021\/05\/Memoria.png\u00bb image_size=\u00bblarge\u00bb][\/vc_column][vc_column width=\u00bb1\/2&#8243;][mk_padding_divider][vc_column_text]<strong>T\u00edtulo de la obra:<\/strong><\/p>\n<p>La memoria como agente educativo<\/p>\n<p><strong>Autor(es):<\/strong><\/p>\n<p>Yuri\u00a0Magnolia Arias Montenegro<\/p>\n<p><strong>ISBN:<\/strong><\/p>\n<p>978-958-46-7305-3<\/p>\n<p><strong>N\u00famero de p\u00e1ginas:<\/strong>137<\/p>\n<p><strong>PVP:<\/strong>$35.000<\/p>\n<p><strong>A\u00f1o:<\/strong> 2015<\/p>\n<p><strong>Resumen:<\/strong><\/p>\n<p>Es un libro en el que se sistematiza la investigaci\u00f3n y la\u00a0\u00a0metodolog\u00eda de usar la memoria como agente educativo\u00a0\u00a0en procesos educativos:<\/p>\n<p>Al plantear que la memoria es un agente educativo, se est\u00e1 diciendo que \u00e9sta no es solo una manera cultural y social de transmitir el mundo construido, tambi\u00e9n promueve, agencia cambios, introduce elementos nuevos en ese mundo que es entendido como un mundo en com\u00fan en el cual se da la educaci\u00f3n.[\/vc_column_text][mk_button dimension=\u00bboutline\u00bb size=\u00bblarge\u00bb url=\u00bbhttps:\/\/inis.com.co\/wp-content\/uploads\/2021\/05\/LIBRO_MEMORIA_vf_sept3-1-1.pdf\u00bb]Descargar[\/mk_button][\/vc_column][\/mk_page_section][mk_page_section bg_color=\u00bb#004477&#8243; sidebar=\u00bbsidebar-1&#8243;][vc_column width=\u00bb1\/2&#8243;][mk_padding_divider][mk_fancy_title color=\u00bb#ffffff\u00bb size=\u00bb34&#8243; font_family=\u00bbnone\u00bb align=\u00bbright\u00bb]Autor:<\/p>\n<p>Yuri\u00a0Magnolia Arias Montenegro[\/mk_fancy_title][vc_column_text align=\u00bbright\u00bb]\n<p style=\"text-align: right; color: #ffffff;\">Lorem ipsum dolor sit amet consectetur adipiscing elit, libero curabitur montes sodales vestibulum platea, rutrum faucibus etiam fringilla volutpat hac. Ultrices ad egestas habitant sociis aliquet torquent volutpat quam, morbi interdum vestibulum arcu suspendisse integer sociosqu<\/p>\n[\/vc_column_text][\/vc_column][vc_column width=\u00bb1\/2&#8243;][mk_padding_divider][mk_circle_image src=\u00bbhttps:\/\/inis.com.co\/wp-content\/uploads\/2021\/05\/open-book-pages-wallpaper-43887-44971-hd-wallpapers.jpg\u00bb image_diameter=\u00bb200&#8243;][mk_padding_divider][\/vc_column][\/mk_page_section][mk_page_section sidebar=\u00bbsidebar-1&#8243;][vc_column][mk_padding_divider size=\u00bb177&#8243;][\/vc_column][\/mk_page_section]\n","protected":false},"excerpt":{"rendered":"<p>[mk_page_section][vc_column width=\u00bb1\/2&#8243;][mk_padding_divider size=\u00bb78&#8243;][mk_image src=\u00bbhttps:\/\/inis.com.co\/wp-content\/uploads\/2021\/05\/Memoria.png\u00bb image_size=\u00bblarge\u00bb][\/vc_column][vc_column width=\u00bb1\/2&#8243;][mk_padding_divider][vc_column_text]T\u00edtulo de la obra: La memoria como agente educativo Autor(es): Yuri\u00a0Magnolia Arias Montenegro ISBN: 978-958-46-7305-3 N\u00famero de p\u00e1ginas:137 PVP:$35.000 A\u00f1o: 2015 Resumen: Es un libro en el que se sistematiza la investigaci\u00f3n y la\u00a0\u00a0metodolog\u00eda de usar la memoria como agente educativo\u00a0\u00a0en procesos educativos: Al plantear que la memoria es un [&hellip;]<\/p>\n","protected":false},"author":2,"featured_media":0,"parent":0,"menu_order":0,"comment_status":"closed","ping_status":"closed","template":"","meta":[],"_links":{"self":[{"href":"https:\/\/inis.com.co\/index.php\/wp-json\/wp\/v2\/pages\/681"}],"collection":[{"href":"https:\/\/inis.com.co\/index.php\/wp-json\/wp\/v2\/pages"}],"about":[{"href":"https:\/\/inis.com.co\/index.php\/wp-json\/wp\/v2\/types\/page"}],"author":[{"embeddable":true,"href":"https:\/\/inis.com.co\/index.php\/wp-json\/wp\/v2\/users\/2"}],"replies":[{"embeddable":true,"href":"https:\/\/inis.com.co\/index.php\/wp-json\/wp\/v2\/comments?post=681"}],"version-history":[{"count":3,"href":"https:\/\/inis.com.co\/index.php\/wp-json\/wp\/v2\/pages\/681\/revisions"}],"predecessor-version":[{"id":691,"href":"https:\/\/inis.com.co\/index.php\/wp-json\/wp\/v2\/pages\/681\/revisions\/691"}],"wp:attachment":[{"href":"https:\/\/inis.com.co\/index.php\/wp-json\/wp\/v2\/media?parent=681"}],"curies":[{"name":"wp","href":"https:\/\/api.w.org\/{rel}","templated":true}]}}