{"id":665,"date":"2021-05-13T13:28:01","date_gmt":"2021-05-13T13:28:01","guid":{"rendered":"https:\/\/inis.com.co\/?page_id=665"},"modified":"2021-05-13T16:06:08","modified_gmt":"2021-05-13T16:06:08","slug":"practicas-curativas-populares-entre-la-memoria-y-el-olvido","status":"publish","type":"page","link":"https:\/\/inis.com.co\/index.php\/practicas-curativas-populares-entre-la-memoria-y-el-olvido\/","title":{"rendered":"Pr\u00e1cticas curativas populares. Entre la memoria y el olvido"},"content":{"rendered":"[mk_page_section][vc_column width=\u00bb1\/2&#8243;][mk_padding_divider size=\u00bb78&#8243;][mk_image src=\u00bbhttps:\/\/inis.com.co\/wp-content\/uploads\/2021\/05\/Practicas-curativas.png\u00bb image_size=\u00bblarge\u00bb][\/vc_column][vc_column width=\u00bb1\/2&#8243;][mk_padding_divider][vc_column_text]<strong>T\u00edtulo de la obra:<\/strong><\/p>\n<p>Pr\u00e1cticas curativas populares. Entre la memoria y el olvido<\/p>\n<p><strong>Autor(es):<\/strong><\/p>\n<p>Yuri Magnolia Arias Montenegro<\/p>\n<p><strong>ISBN:<\/strong><\/p>\n<p>978-958-52406-8-1<\/p>\n<p><strong>N\u00famero de p\u00e1ginas: <\/strong>182<\/p>\n<p><strong>PVP: <\/strong>$35.000<\/p>\n<p><strong>A\u00f1o:<\/strong> 2019<\/p>\n<p><strong>Resumen:<\/strong><\/p>\n<p>Este libro es una investigaci\u00f3n de car\u00e1cter cualitativo en el que s\u00e9<br \/>\nindaga por la memoria viva de las pr\u00e1cticas curativas populares, por la manera<br \/>\ncomo se configura este saber y por los factores por los cuales se ha dado una<br \/>\ndiscontinuidad progresiva en la transmisi\u00f3n de estos saberes.[\/vc_column_text][mk_button dimension=\u00bboutline\u00bb size=\u00bblarge\u00bb url=\u00bbhttps:\/\/inis.com.co\/wp-content\/uploads\/2021\/05\/WEB-PRACTICAS-CURATIVAS-DEFINITIVO-2.pdf\u00bb]Descargar[\/mk_button][\/vc_column][\/mk_page_section][mk_page_section bg_color=\u00bb#004477&#8243; sidebar=\u00bbsidebar-1&#8243;][vc_column width=\u00bb1\/2&#8243;][mk_padding_divider][mk_fancy_title color=\u00bb#ffffff\u00bb size=\u00bb34&#8243; font_family=\u00bbnone\u00bb align=\u00bbright\u00bb]Autor: Yuri Magnolia Arias Montenegro[\/mk_fancy_title][vc_column_text align=\u00bbright\u00bb]\n<p style=\"text-align: right; color: #ffffff;\">Nacio\u0301 en Pasto (Narin\u0303o, Colombia). Filo\u0301sofa de la Universidad Nacional de Colombia; Magi\u0301ster en Investigacio\u0301n Social Interdisciplinaria de la Universidad Distrital Francisco Jose\u0301 de Caldas. Se ha desempen\u0303ado como docente universitaria y en procesos arti\u0301sticos literarios en comunidades barriales, es investigadora y escritora. Ha publicado los siguientes libros: Hoja en negro (1990), Como un I\u0301caro dormido (1997), Danza de sombra (2003), Consejos para viajeros (2005) y el cuento Sabina y el A\u0301rbol del Arco Iris (2009), Testigo en piel humana (2011), La memoria como agente educativo (2015); Soy palabras (2019).<\/p>\n[\/vc_column_text][\/vc_column][vc_column width=\u00bb1\/2&#8243;][mk_padding_divider][mk_circle_image src=\u00bbhttps:\/\/inis.com.co\/wp-content\/uploads\/2021\/05\/open-book-pages-wallpaper-43887-44971-hd-wallpapers.jpg\u00bb image_diameter=\u00bb200&#8243;][mk_padding_divider][\/vc_column][\/mk_page_section][vc_row][vc_column][mk_padding_divider size=\u00bb150&#8243;][\/vc_column][\/vc_row]\n","protected":false},"excerpt":{"rendered":"<p>[mk_page_section][vc_column width=\u00bb1\/2&#8243;][mk_padding_divider size=\u00bb78&#8243;][mk_image src=\u00bbhttps:\/\/inis.com.co\/wp-content\/uploads\/2021\/05\/Practicas-curativas.png\u00bb image_size=\u00bblarge\u00bb][\/vc_column][vc_column width=\u00bb1\/2&#8243;][mk_padding_divider][vc_column_text]T\u00edtulo de la obra: Pr\u00e1cticas curativas populares. Entre la memoria y el olvido Autor(es): Yuri Magnolia Arias Montenegro ISBN: 978-958-52406-8-1 N\u00famero de p\u00e1ginas: 182 PVP: $35.000 A\u00f1o: 2019 Resumen: Este libro es una investigaci\u00f3n de car\u00e1cter cualitativo en el que s\u00e9 indaga por la memoria viva de las pr\u00e1cticas curativas [&hellip;]<\/p>\n","protected":false},"author":2,"featured_media":0,"parent":0,"menu_order":0,"comment_status":"closed","ping_status":"closed","template":"","meta":[],"_links":{"self":[{"href":"https:\/\/inis.com.co\/index.php\/wp-json\/wp\/v2\/pages\/665"}],"collection":[{"href":"https:\/\/inis.com.co\/index.php\/wp-json\/wp\/v2\/pages"}],"about":[{"href":"https:\/\/inis.com.co\/index.php\/wp-json\/wp\/v2\/types\/page"}],"author":[{"embeddable":true,"href":"https:\/\/inis.com.co\/index.php\/wp-json\/wp\/v2\/users\/2"}],"replies":[{"embeddable":true,"href":"https:\/\/inis.com.co\/index.php\/wp-json\/wp\/v2\/comments?post=665"}],"version-history":[{"count":6,"href":"https:\/\/inis.com.co\/index.php\/wp-json\/wp\/v2\/pages\/665\/revisions"}],"predecessor-version":[{"id":674,"href":"https:\/\/inis.com.co\/index.php\/wp-json\/wp\/v2\/pages\/665\/revisions\/674"}],"wp:attachment":[{"href":"https:\/\/inis.com.co\/index.php\/wp-json\/wp\/v2\/media?parent=665"}],"curies":[{"name":"wp","href":"https:\/\/api.w.org\/{rel}","templated":true}]}}