{"id":616,"date":"2021-03-26T04:40:42","date_gmt":"2021-03-26T04:40:42","guid":{"rendered":"https:\/\/inis.com.co\/?page_id=616"},"modified":"2021-06-03T16:51:19","modified_gmt":"2021-06-03T16:51:19","slug":"entre-el-desasosiego-y-el-desamparo","status":"publish","type":"page","link":"https:\/\/inis.com.co\/index.php\/entre-el-desasosiego-y-el-desamparo\/","title":{"rendered":"Entre el desasosiego y el desamparo."},"content":{"rendered":"[mk_page_section][vc_column width=\u00bb1\/2&#8243;][mk_padding_divider size=\u00bb78&#8243;][mk_image src=\u00bbhttps:\/\/inis.com.co\/wp-content\/uploads\/2021\/03\/Desasociego-png.png\u00bb image_size=\u00bblarge\u00bb][\/vc_column][vc_column width=\u00bb1\/2&#8243;][mk_padding_divider][vc_column_text]<strong>T\u00edtulo de la obra:<\/strong><\/p>\n<p>Entre el desasosiego y el desamparo. Una pedagog\u00eda de la alteridad<\/p>\n<p><strong>Autor(es):<\/strong><\/p>\n<p>Piedad Ortega Valencia<\/p>\n<p>Alex Salgado Ramos<\/p>\n<p>Yennifer Villa Rojas<\/p>\n<p><strong>ISBN:<\/strong><\/p>\n<p>978-958-56822-6-9<\/p>\n<p><strong>N\u00famero de p\u00e1ginas:<\/strong>138<\/p>\n<p><strong>PVP:<\/strong> $35.000<\/p>\n<p><strong>A\u00f1o:<\/strong> 2019<\/p>\n<p><strong>Resumen:<\/strong><\/p>\n<p>En este libro ponemos en escena cuatro figuras: La educaci\u00f3n de<br \/>\ngalp\u00f3n, el maestro y la maestra bons\u00e1i, la presencia de relatos de las vidas<br \/>\nchuecas en perspectiva feminista y la pedagog\u00eda del amparo en narrativas<br \/>\nliterarias. Figuras que dan forma a una pedagog\u00eda de la alteridad radical que<br \/>\nnos posibilita nombrar el desasosiego y el desamparo en estos tiempos donde<br \/>\nse hace necesario revestir a la pedagog\u00eda con una acci\u00f3n pol\u00edtica vital y<br \/>\nsocialmente compartida.[\/vc_column_text][mk_button dimension=\u00bboutline\u00bb size=\u00bblarge\u00bb]Descargar[\/mk_button][\/vc_column][\/mk_page_section][mk_page_section bg_color=\u00bb#004477&#8243; sidebar=\u00bbsidebar-1&#8243;][vc_column width=\u00bb1\/2&#8243;][mk_padding_divider][mk_fancy_title color=\u00bb#ffffff\u00bb size=\u00bb34&#8243; font_family=\u00bbnone\u00bb align=\u00bbright\u00bb]Autor: Piedad Ortega Valencia[\/mk_fancy_title][vc_column_text align=\u00bbright\u00bb]\n<p style=\"text-align: right; color: #ffffff;\">Lorem ipsum dolor sit amet consectetur adipiscing elit, libero curabitur montes sodales vestibulum platea, rutrum faucibus etiam fringilla volutpat hac. Ultrices ad egestas habitant sociis aliquet torquent volutpat quam, morbi interdum vestibulum arcu suspendisse integer sociosqu<\/p>\n[\/vc_column_text][\/vc_column][vc_column width=\u00bb1\/2&#8243;][mk_padding_divider][mk_circle_image src=\u00bbhttps:\/\/inis.com.co\/wp-content\/uploads\/2021\/05\/open-book-pages-wallpaper-43887-44971-hd-wallpapers.jpg\u00bb image_diameter=\u00bb200&#8243;][mk_padding_divider][\/vc_column][\/mk_page_section][mk_page_section sidebar=\u00bbsidebar-1&#8243;][vc_column][\/vc_column][\/mk_page_section]\n","protected":false},"excerpt":{"rendered":"<p>[mk_page_section][vc_column width=\u00bb1\/2&#8243;][mk_padding_divider size=\u00bb78&#8243;][mk_image src=\u00bbhttps:\/\/inis.com.co\/wp-content\/uploads\/2021\/03\/Desasociego-png.png\u00bb image_size=\u00bblarge\u00bb][\/vc_column][vc_column width=\u00bb1\/2&#8243;][mk_padding_divider][vc_column_text]T\u00edtulo de la obra: Entre el desasosiego y el desamparo. Una pedagog\u00eda de la alteridad Autor(es): Piedad Ortega Valencia Alex Salgado Ramos Yennifer Villa Rojas ISBN: 978-958-56822-6-9 N\u00famero de p\u00e1ginas:138 PVP: $35.000 A\u00f1o: 2019 Resumen: En este libro ponemos en escena cuatro figuras: La educaci\u00f3n de galp\u00f3n, el maestro y [&hellip;]<\/p>\n","protected":false},"author":2,"featured_media":0,"parent":0,"menu_order":0,"comment_status":"closed","ping_status":"closed","template":"","meta":[],"_links":{"self":[{"href":"https:\/\/inis.com.co\/index.php\/wp-json\/wp\/v2\/pages\/616"}],"collection":[{"href":"https:\/\/inis.com.co\/index.php\/wp-json\/wp\/v2\/pages"}],"about":[{"href":"https:\/\/inis.com.co\/index.php\/wp-json\/wp\/v2\/types\/page"}],"author":[{"embeddable":true,"href":"https:\/\/inis.com.co\/index.php\/wp-json\/wp\/v2\/users\/2"}],"replies":[{"embeddable":true,"href":"https:\/\/inis.com.co\/index.php\/wp-json\/wp\/v2\/comments?post=616"}],"version-history":[{"count":5,"href":"https:\/\/inis.com.co\/index.php\/wp-json\/wp\/v2\/pages\/616\/revisions"}],"predecessor-version":[{"id":919,"href":"https:\/\/inis.com.co\/index.php\/wp-json\/wp\/v2\/pages\/616\/revisions\/919"}],"wp:attachment":[{"href":"https:\/\/inis.com.co\/index.php\/wp-json\/wp\/v2\/media?parent=616"}],"curies":[{"name":"wp","href":"https:\/\/api.w.org\/{rel}","templated":true}]}}