{"id":590,"date":"2021-03-25T23:02:12","date_gmt":"2021-03-25T23:02:12","guid":{"rendered":"https:\/\/inis.com.co\/?page_id=590"},"modified":"2021-06-03T16:45:49","modified_gmt":"2021-06-03T16:45:49","slug":"morfeo-3","status":"publish","type":"page","link":"https:\/\/inis.com.co\/index.php\/morfeo-3\/","title":{"rendered":"Morfeo"},"content":{"rendered":"[mk_page_section][vc_column width=\u00bb1\/2&#8243;][mk_padding_divider size=\u00bb78&#8243;][mk_image src=\u00bbhttps:\/\/inis.com.co\/wp-content\/uploads\/2021\/03\/Morfeo.png\u00bb image_size=\u00bblarge\u00bb][\/vc_column][vc_column width=\u00bb1\/2&#8243;][mk_padding_divider][vc_column_text]<strong>T\u00edtulo de la obra:<\/strong><\/p>\n<p>Morfeo. Una escuela para la libertad: Una experiencia de<br \/>\ninvestigaci\u00f3n-acci\u00f3n inspirada en el pensamiento del \u00faltimo Michel Foucault.<\/p>\n<p><strong>Autor(es):<\/strong><\/p>\n<p>Andr\u00e9s Santiago Beltr\u00e1n Castellanos<\/p>\n<p><strong>ISBN:<\/strong><\/p>\n<p>978-958-56822-0-7<\/p>\n<p><strong>N\u00famero de p\u00e1ginas: <\/strong>242<\/p>\n<p><strong>PVP: <\/strong>50.000<\/p>\n<p><strong>A\u00f1o:<\/strong> 2018<\/p>\n<p><strong>Resumen:<\/strong><\/p>\n<p>En sus dos primeros periodos de reflexi\u00f3n, Michel Foucault neg\u00f3<br \/>\nla posibilidad de preparar a un sujeto para la libertad, bien sea, centrando la<br \/>\natenci\u00f3n en el saber desde donde se pretende erigir un conocimiento objetivo<br \/>\ny neutral o, desde el poder, con las pr\u00e1cticas de disciplinamiento corporal. Solo hasta que reformula su obra y la libertad aparece en positivo en el estadio denominado el \u00faltimo Foucault, emerge \u2014 para aquellos que nos dedicamos a la educaci\u00f3n y al estudio de su pensamiento\u2014 la posibilidad de una pedagog\u00eda otra.[\/vc_column_text][mk_button dimension=\u00bboutline\u00bb size=\u00bblarge\u00bb]Descargar[\/mk_button][\/vc_column][\/mk_page_section][mk_page_section bg_color=\u00bb#004477&#8243; sidebar=\u00bbsidebar-1&#8243;][vc_column width=\u00bb1\/2&#8243;][mk_padding_divider][mk_fancy_title color=\u00bb#ffffff\u00bb size=\u00bb34&#8243; font_family=\u00bbnone\u00bb align=\u00bbright\u00bb]Autor: Andr\u00e9s Santiago Beltr\u00e1n Castellanos[\/mk_fancy_title][vc_column_text align=\u00bbright\u00bb]\n<p style=\"text-align: right; color: #ffffff;\">Lorem ipsum dolor sit amet consectetur adipiscing elit, libero curabitur montes sodales vestibulum platea, rutrum faucibus etiam fringilla volutpat hac. Ultrices ad egestas habitant sociis aliquet torquent volutpat quam, morbi interdum vestibulum arcu suspendisse integer sociosqu<\/p>\n[\/vc_column_text][\/vc_column][vc_column width=\u00bb1\/2&#8243;][mk_padding_divider][mk_circle_image src=\u00bbhttps:\/\/inis.com.co\/wp-content\/uploads\/2021\/05\/open-book-pages-wallpaper-43887-44971-hd-wallpapers.jpg\u00bb image_diameter=\u00bb200&#8243;][mk_padding_divider][\/vc_column][\/mk_page_section][mk_page_section sidebar=\u00bbsidebar-1&#8243;][vc_column][\/vc_column][\/mk_page_section]\n","protected":false},"excerpt":{"rendered":"<p>[mk_page_section][vc_column width=\u00bb1\/2&#8243;][mk_padding_divider size=\u00bb78&#8243;][mk_image src=\u00bbhttps:\/\/inis.com.co\/wp-content\/uploads\/2021\/03\/Morfeo.png\u00bb image_size=\u00bblarge\u00bb][\/vc_column][vc_column width=\u00bb1\/2&#8243;][mk_padding_divider][vc_column_text]T\u00edtulo de la obra: Morfeo. Una escuela para la libertad: Una experiencia de investigaci\u00f3n-acci\u00f3n inspirada en el pensamiento del \u00faltimo Michel Foucault. Autor(es): Andr\u00e9s Santiago Beltr\u00e1n Castellanos ISBN: 978-958-56822-0-7 N\u00famero de p\u00e1ginas: 242 PVP: 50.000 A\u00f1o: 2018 Resumen: En sus dos primeros periodos de reflexi\u00f3n, Michel Foucault neg\u00f3 la posibilidad [&hellip;]<\/p>\n","protected":false},"author":2,"featured_media":0,"parent":0,"menu_order":0,"comment_status":"closed","ping_status":"closed","template":"","meta":[],"_links":{"self":[{"href":"https:\/\/inis.com.co\/index.php\/wp-json\/wp\/v2\/pages\/590"}],"collection":[{"href":"https:\/\/inis.com.co\/index.php\/wp-json\/wp\/v2\/pages"}],"about":[{"href":"https:\/\/inis.com.co\/index.php\/wp-json\/wp\/v2\/types\/page"}],"author":[{"embeddable":true,"href":"https:\/\/inis.com.co\/index.php\/wp-json\/wp\/v2\/users\/2"}],"replies":[{"embeddable":true,"href":"https:\/\/inis.com.co\/index.php\/wp-json\/wp\/v2\/comments?post=590"}],"version-history":[{"count":4,"href":"https:\/\/inis.com.co\/index.php\/wp-json\/wp\/v2\/pages\/590\/revisions"}],"predecessor-version":[{"id":915,"href":"https:\/\/inis.com.co\/index.php\/wp-json\/wp\/v2\/pages\/590\/revisions\/915"}],"wp:attachment":[{"href":"https:\/\/inis.com.co\/index.php\/wp-json\/wp\/v2\/media?parent=590"}],"curies":[{"name":"wp","href":"https:\/\/api.w.org\/{rel}","templated":true}]}}