{"id":510,"date":"2021-03-17T21:20:32","date_gmt":"2021-03-17T21:20:32","guid":{"rendered":"https:\/\/inis.com.co\/?page_id=510"},"modified":"2021-06-03T16:41:46","modified_gmt":"2021-06-03T16:41:46","slug":"la-consulta-previa-en-el-analisis-de-las-reformas-constitucionales","status":"publish","type":"page","link":"https:\/\/inis.com.co\/index.php\/la-consulta-previa-en-el-analisis-de-las-reformas-constitucionales\/","title":{"rendered":"La Consulta Previa en el an\u00e1lisis de las reformas constitucionales"},"content":{"rendered":"[mk_page_section][vc_column width=\u00bb1\/2&#8243;][mk_padding_divider size=\u00bb78&#8243;][mk_image src=\u00bbhttps:\/\/inis.com.co\/wp-content\/uploads\/2021\/03\/Consulta-png.png\u00bb image_size=\u00bblarge\u00bb][\/vc_column][vc_column width=\u00bb1\/2&#8243;][mk_padding_divider][vc_column_text]<strong>T\u00edtulo de la obra:<\/strong><\/p>\n<p>La Consulta Previa en el an\u00e1lisis de las reformas constitucionales<\/p>\n<p><strong>Autor(es):<\/strong><\/p>\n<p>Antonio Segundo Mart\u00ednez Hoyer<\/p>\n<p><strong>ISBN: <\/strong>978-958-59773-7-2<\/p>\n<p><strong>N\u00famero de p\u00e1ginas:<\/strong>116<\/p>\n<p><strong>PVP<\/strong>: $35.000<\/p>\n<p><strong>A\u00f1o:<\/strong> 2017<\/p>\n<p>&nbsp;<\/p>\n<p><strong>Resumen:<\/strong><\/p>\n<p>El presente libro tiene como objeto de estudio la Consulta Previa como un derecho fundamental de participaci\u00f3n de las comunidades \u00e9tnicas en las decisiones administrativas o legislativas que los afectan de manera directa, particular, individual o colectivamente. Estas comunidades \u00e9tnicas deben ser entendidas como un todo en cuestiones de territorio o h\u00e1bitat, identidad y cultura.[\/vc_column_text][mk_button dimension=\u00bboutline\u00bb size=\u00bblarge\u00bb]Descargar[\/mk_button][\/vc_column][\/mk_page_section][mk_page_section bg_color=\u00bb#004477&#8243; sidebar=\u00bbsidebar-1&#8243;][vc_column width=\u00bb1\/2&#8243;][mk_padding_divider][mk_fancy_title color=\u00bb#ffffff\u00bb size=\u00bb34&#8243; font_family=\u00bbnone\u00bb align=\u00bbright\u00bb]Autor: Antonio Segundo Mart\u00ednez Hoyer[\/mk_fancy_title][vc_column_text align=\u00bbright\u00bb]\n<p style=\"text-align: right; color: #ffffff;\">Lorem ipsum dolor sit amet consectetur adipiscing elit, libero curabitur montes sodales vestibulum platea, rutrum faucibus etiam fringilla volutpat hac. Ultrices ad egestas habitant sociis aliquet torquent volutpat quam, morbi interdum vestibulum arcu suspendisse integer sociosqu<\/p>\n[\/vc_column_text][\/vc_column][vc_column width=\u00bb1\/2&#8243;][mk_padding_divider][mk_circle_image src=\u00bbhttps:\/\/inis.com.co\/wp-content\/uploads\/2021\/05\/open-book-pages-wallpaper-43887-44971-hd-wallpapers.jpg\u00bb image_diameter=\u00bb200&#8243;][mk_padding_divider][\/vc_column][\/mk_page_section][mk_page_section sidebar=\u00bbsidebar-1&#8243;][vc_column][\/vc_column][\/mk_page_section]\n","protected":false},"excerpt":{"rendered":"<p>[mk_page_section][vc_column width=\u00bb1\/2&#8243;][mk_padding_divider size=\u00bb78&#8243;][mk_image src=\u00bbhttps:\/\/inis.com.co\/wp-content\/uploads\/2021\/03\/Consulta-png.png\u00bb image_size=\u00bblarge\u00bb][\/vc_column][vc_column width=\u00bb1\/2&#8243;][mk_padding_divider][vc_column_text]T\u00edtulo de la obra: La Consulta Previa en el an\u00e1lisis de las reformas constitucionales Autor(es): Antonio Segundo Mart\u00ednez Hoyer ISBN: 978-958-59773-7-2 N\u00famero de p\u00e1ginas:116 PVP: $35.000 A\u00f1o: 2017 &nbsp; Resumen: El presente libro tiene como objeto de estudio la Consulta Previa como un derecho fundamental de participaci\u00f3n de las comunidades [&hellip;]<\/p>\n","protected":false},"author":2,"featured_media":0,"parent":0,"menu_order":0,"comment_status":"closed","ping_status":"closed","template":"","meta":[],"_links":{"self":[{"href":"https:\/\/inis.com.co\/index.php\/wp-json\/wp\/v2\/pages\/510"}],"collection":[{"href":"https:\/\/inis.com.co\/index.php\/wp-json\/wp\/v2\/pages"}],"about":[{"href":"https:\/\/inis.com.co\/index.php\/wp-json\/wp\/v2\/types\/page"}],"author":[{"embeddable":true,"href":"https:\/\/inis.com.co\/index.php\/wp-json\/wp\/v2\/users\/2"}],"replies":[{"embeddable":true,"href":"https:\/\/inis.com.co\/index.php\/wp-json\/wp\/v2\/comments?post=510"}],"version-history":[{"count":6,"href":"https:\/\/inis.com.co\/index.php\/wp-json\/wp\/v2\/pages\/510\/revisions"}],"predecessor-version":[{"id":911,"href":"https:\/\/inis.com.co\/index.php\/wp-json\/wp\/v2\/pages\/510\/revisions\/911"}],"wp:attachment":[{"href":"https:\/\/inis.com.co\/index.php\/wp-json\/wp\/v2\/media?parent=510"}],"curies":[{"name":"wp","href":"https:\/\/api.w.org\/{rel}","templated":true}]}}