{"id":403,"date":"2021-03-16T18:45:48","date_gmt":"2021-03-16T18:45:48","guid":{"rendered":"https:\/\/inis.com.co\/?page_id=403"},"modified":"2021-03-26T17:11:30","modified_gmt":"2021-03-26T17:11:30","slug":"adolescentes-infractores","status":"publish","type":"page","link":"https:\/\/inis.com.co\/index.php\/adolescentes-infractores\/","title":{"rendered":"Adolescentes Infractores"},"content":{"rendered":"[mk_page_section][vc_column width=\u00bb1\/2&#8243;][mk_padding_divider size=\u00bb78&#8243;][mk_image src=\u00bbhttps:\/\/inis.com.co\/wp-content\/uploads\/2021\/03\/Adolescentes-png-1.png\u00bb image_size=\u00bblarge\u00bb][\/vc_column][vc_column width=\u00bb1\/2&#8243;][mk_padding_divider][vc_column_text]<strong>T\u00edtulo de la obra:<\/strong><\/p>\n<p>Adolescentes infractores Protecci\u00f3n, inclusi\u00f3n y responsabilidad penal<\/p>\n<p><strong>Autor(es):<\/strong><\/p>\n<p>Sandra Yasmine Ortiz Yepes<\/p>\n<p>Faver Alfredo Espinosa Gal\u00e1n<\/p>\n<p>V\u00edctor Eligio Espinosa Gal\u00e1n<\/p>\n<p><strong>ISBN:<\/strong><\/p>\n<p>978-958-59773-1-0 (versi\u00f3n digital)<\/p>\n<p>978-958-59773-0-3 (versi\u00f3n impresa)<\/p>\n<p><strong>N\u00famero de p\u00e1gina: <\/strong>178<\/p>\n<p><strong>PVP: <\/strong>$35.000<\/p>\n<p><strong>A\u00f1o: <\/strong>2017<\/p>\n<p><strong>Resumen:<\/strong><\/p>\n<p>Los actos delictivos por parte de adolescentes en Colombia son un fen\u00f3meno que ha ido incrementando, al mismo tiempo, que se han desarrollado progresivamente acciones a trav\u00e9s de programas especializados que tienen como prop\u00f3sito garantizar la protecci\u00f3n, inclusi\u00f3n y prevenir la comisi\u00f3n de delitos y reincidencias de adolescentes infractores de la ley.[\/vc_column_text][mk_button dimension=\u00bboutline\u00bb size=\u00bblarge\u00bb]Descargar[\/mk_button][\/vc_column][\/mk_page_section][mk_page_section bg_color=\u00bb#004477&#8243; sidebar=\u00bbsidebar-1&#8243;][vc_column width=\u00bb1\/2&#8243;][mk_padding_divider][mk_fancy_title color=\u00bb#ffffff\u00bb size=\u00bb34&#8243; font_family=\u00bbnone\u00bb align=\u00bbright\u00bb]\n<p>Autor: V\u00edctor Eligio Espinosa Gal\u00e1n<\/p>\n[\/mk_fancy_title][vc_column_text align=\u00bbright\u00bb]\n<p style=\"text-align: right; color: #ffffff;\">Lorem ipsum dolor sit amet consectetur adipiscing elit, libero curabitur montes sodales vestibulum platea, rutrum faucibus etiam fringilla volutpat hac. Ultrices ad egestas habitant sociis aliquet torquent volutpat quam, morbi interdum vestibulum arcu suspendisse integer sociosqu<\/p>\n[\/vc_column_text][\/vc_column][vc_column width=\u00bb1\/2&#8243;][mk_padding_divider][mk_circle_image src=\u00bbhttps:\/\/inis.com.co\/wp-content\/uploads\/2021\/03\/Victor-Eligio-Espinosa.jpeg\u00bb image_diameter=\u00bb200&#8243;][mk_padding_divider][\/vc_column][\/mk_page_section][mk_page_section sidebar=\u00bbsidebar-1&#8243;][vc_column][\/vc_column][\/mk_page_section]\n","protected":false},"excerpt":{"rendered":"<p>[mk_page_section][vc_column width=\u00bb1\/2&#8243;][mk_padding_divider size=\u00bb78&#8243;][mk_image src=\u00bbhttps:\/\/inis.com.co\/wp-content\/uploads\/2021\/03\/Adolescentes-png-1.png\u00bb image_size=\u00bblarge\u00bb][\/vc_column][vc_column width=\u00bb1\/2&#8243;][mk_padding_divider][vc_column_text]T\u00edtulo de la obra: Adolescentes infractores Protecci\u00f3n, inclusi\u00f3n y responsabilidad penal Autor(es): Sandra Yasmine Ortiz Yepes Faver Alfredo Espinosa Gal\u00e1n V\u00edctor Eligio Espinosa Gal\u00e1n ISBN: 978-958-59773-1-0 (versi\u00f3n digital) 978-958-59773-0-3 (versi\u00f3n impresa) N\u00famero de p\u00e1gina: 178 PVP: $35.000 A\u00f1o: 2017 Resumen: Los actos delictivos por parte de adolescentes en Colombia son [&hellip;]<\/p>\n","protected":false},"author":1,"featured_media":0,"parent":0,"menu_order":0,"comment_status":"closed","ping_status":"closed","template":"","meta":[],"_links":{"self":[{"href":"https:\/\/inis.com.co\/index.php\/wp-json\/wp\/v2\/pages\/403"}],"collection":[{"href":"https:\/\/inis.com.co\/index.php\/wp-json\/wp\/v2\/pages"}],"about":[{"href":"https:\/\/inis.com.co\/index.php\/wp-json\/wp\/v2\/types\/page"}],"author":[{"embeddable":true,"href":"https:\/\/inis.com.co\/index.php\/wp-json\/wp\/v2\/users\/1"}],"replies":[{"embeddable":true,"href":"https:\/\/inis.com.co\/index.php\/wp-json\/wp\/v2\/comments?post=403"}],"version-history":[{"count":11,"href":"https:\/\/inis.com.co\/index.php\/wp-json\/wp\/v2\/pages\/403\/revisions"}],"predecessor-version":[{"id":655,"href":"https:\/\/inis.com.co\/index.php\/wp-json\/wp\/v2\/pages\/403\/revisions\/655"}],"wp:attachment":[{"href":"https:\/\/inis.com.co\/index.php\/wp-json\/wp\/v2\/media?parent=403"}],"curies":[{"name":"wp","href":"https:\/\/api.w.org\/{rel}","templated":true}]}}