{"id":2477,"date":"2024-09-05T14:35:20","date_gmt":"2024-09-05T14:35:20","guid":{"rendered":"https:\/\/inis.com.co\/?page_id=2477"},"modified":"2024-09-05T14:35:20","modified_gmt":"2024-09-05T14:35:20","slug":"cuentos-para-filosofar-2","status":"publish","type":"page","link":"https:\/\/inis.com.co\/index.php\/cuentos-para-filosofar-2\/","title":{"rendered":"Cuentos para filosofar 2"},"content":{"rendered":"[mk_page_section][vc_column width=\u00bb1\/2&#8243;][mk_padding_divider size=\u00bb78&#8243;][mk_image src=\u00bbhttps:\/\/inis.com.co\/wp-content\/uploads\/2024\/09\/cuentosfilo2.png\u00bb image_size=\u00bblarge\u00bb][\/vc_column][vc_column width=\u00bb1\/2&#8243;][mk_padding_divider][vc_column_text css=\u00bb.vc_custom_1725546915643{margin-bottom: 0px !important;}\u00bb]<strong>T\u00edtulo de la obra:<\/strong><\/p>\n<p><strong>Cuentos para filosofar<\/strong><br \/>\nMirar hacia nosotros mismos<\/p>\n<p><strong>Autor(es):<\/strong><\/p>\n<p style=\"font-weight: 400;\">Diego Solera, Camila Murillo, Mariano Su\u00e1rez Burgo, Melina Armenta Salazar, Sebasti\u00e1n Mej\u00eda-Rend\u00f3n, Cristian Camilo L\u00f3pez Lerma, Ariel S\u00e1nchez, Edgar Cu\u00e9llar Pab\u00f3n, Juli\u00e1n Hern\u00e1ndez, Tirso Troncoso Saavedra, Daniel Augusto Duarte Arias, Germ\u00e1n Bula, Maria-Jose Rivera, Patricia P\u00e9rez Rocha, Iv\u00e1n Ulchur, Luis Miguel Guti\u00e9rrez, Luis Alberto Triana Llano.<\/p>\n<p><strong>ISBN:<\/strong><\/p>\n<div>\n<div><span lang=\"es-419\">978-628-95846-3-9<\/span><\/div>\n<\/div>\n<p><strong>N\u00famero de p\u00e1ginas: <\/strong>252<\/p>\n<p><strong>PVP: <\/strong>$45.000 COP<\/p>\n<p><strong>A\u00f1o:<\/strong> 2024<\/p>\n<p><strong>Resumen:<\/strong>[\/vc_column_text][mk_button dimension=\u00bboutline\u00bb size=\u00bblarge\u00bb]Descargar[\/mk_button][\/vc_column][\/mk_page_section][mk_page_section bg_color=\u00bb#004477&#8243; sidebar=\u00bbsidebar-1&#8243;][vc_column width=\u00bb1\/2&#8243;][mk_padding_divider][mk_fancy_title color=\u00bb#ffffff\u00bb size=\u00bb34&#8243; font_family=\u00bbnone\u00bb align=\u00bbright\u00bb]Autor: Laura Marcela Vargas Hern\u00e1ndez[\/mk_fancy_title][vc_column_text align=\u00bbright\u00bb]\n<p style=\"text-align: right; color: #ffffff;\">Lorem ipsum dolor sit amet consectetur adipiscing elit, libero curabitur montes sodales vestibulum platea, rutrum faucibus etiam fringilla volutpat hac. Ultrices ad egestas habitant sociis aliquet torquent volutpat quam, morbi interdum vestibulum arcu suspendisse integer sociosqu<\/p>\n[\/vc_column_text][\/vc_column][vc_column width=\u00bb1\/2&#8243;][mk_padding_divider][mk_circle_image src=\u00bbhttps:\/\/inis.com.co\/wp-content\/uploads\/2021\/05\/open-book-pages-wallpaper-43887-44971-hd-wallpapers.jpg\u00bb image_diameter=\u00bb200&#8243;][mk_padding_divider][\/vc_column][\/mk_page_section][mk_page_section sidebar=\u00bbsidebar-1&#8243;][vc_column][\/vc_column][\/mk_page_section]\n","protected":false},"excerpt":{"rendered":"<p>[mk_page_section][vc_column width=\u00bb1\/2&#8243;][mk_padding_divider size=\u00bb78&#8243;][mk_image src=\u00bbhttps:\/\/inis.com.co\/wp-content\/uploads\/2024\/09\/cuentosfilo2.png\u00bb image_size=\u00bblarge\u00bb][\/vc_column][vc_column width=\u00bb1\/2&#8243;][mk_padding_divider][vc_column_text css=\u00bb.vc_custom_1725546915643{margin-bottom: 0px !important;}\u00bb]T\u00edtulo de la obra: Cuentos para filosofar Mirar hacia nosotros mismos Autor(es): Diego Solera, Camila Murillo, Mariano Su\u00e1rez Burgo, Melina Armenta Salazar, Sebasti\u00e1n Mej\u00eda-Rend\u00f3n, Cristian Camilo L\u00f3pez Lerma, Ariel S\u00e1nchez, Edgar Cu\u00e9llar Pab\u00f3n, Juli\u00e1n Hern\u00e1ndez, Tirso Troncoso Saavedra, Daniel Augusto Duarte Arias, Germ\u00e1n Bula, Maria-Jose Rivera, Patricia [&hellip;]<\/p>\n","protected":false},"author":5,"featured_media":0,"parent":0,"menu_order":0,"comment_status":"closed","ping_status":"closed","template":"","meta":[],"_links":{"self":[{"href":"https:\/\/inis.com.co\/index.php\/wp-json\/wp\/v2\/pages\/2477"}],"collection":[{"href":"https:\/\/inis.com.co\/index.php\/wp-json\/wp\/v2\/pages"}],"about":[{"href":"https:\/\/inis.com.co\/index.php\/wp-json\/wp\/v2\/types\/page"}],"author":[{"embeddable":true,"href":"https:\/\/inis.com.co\/index.php\/wp-json\/wp\/v2\/users\/5"}],"replies":[{"embeddable":true,"href":"https:\/\/inis.com.co\/index.php\/wp-json\/wp\/v2\/comments?post=2477"}],"version-history":[{"count":1,"href":"https:\/\/inis.com.co\/index.php\/wp-json\/wp\/v2\/pages\/2477\/revisions"}],"predecessor-version":[{"id":2478,"href":"https:\/\/inis.com.co\/index.php\/wp-json\/wp\/v2\/pages\/2477\/revisions\/2478"}],"wp:attachment":[{"href":"https:\/\/inis.com.co\/index.php\/wp-json\/wp\/v2\/media?parent=2477"}],"curies":[{"name":"wp","href":"https:\/\/api.w.org\/{rel}","templated":true}]}}