{"id":164,"date":"2021-03-12T15:56:36","date_gmt":"2021-03-12T15:56:36","guid":{"rendered":"https:\/\/inis.com.co\/?page_id=164"},"modified":"2024-09-02T20:23:05","modified_gmt":"2024-09-02T20:23:05","slug":"programa-congreso-internacional","status":"publish","type":"page","link":"https:\/\/inis.com.co\/index.php\/programa-congreso-internacional\/","title":{"rendered":"Programa | Congreso internacional"},"content":{"rendered":"[mk_page_section full_width=\u00bbtrue\u00bb sidebar=\u00bbsidebar-1&#8243;][vc_column][ucaddon_uc_content_slider_multi_text cs_bottom_title_mt1=\u00bbENVIO DE RESUMENES\u00bb cs_bottom_title_mt2=\u00bbPAGOS\u00bb cs_bottom_title_mt3=\u00bbCERTIFICACI\u00d3N\u00bb bottom_content_mt1=\u00bbUmV2aXNhJTIwbGFzJTIwZmVjaGFzJTIwbGltaXRlJTIwZGUlMjBlbnZpJUMzJUIzJTIwcGFyYSUyMGNhZGElMjB0aXBvJTIwZGUlMjBwYXJ0aWNpcGFudGUu\u00bb bottom_content_mt2=\u00bbUHVlZGVzJTIwY2FuY2VsYXIlMjBlbiUyMFBlc29zJTIwc2klMjBlc3RhcyUyMGVuJTIwQ29sb21iaWElMkMlMjBwYXJhJTIwcGFydGljaXBhbnRlcyUyMGludGVybmFjaW9uYWxlcyUyMGVsJTIwY29zdG8lMjBlcyUyMGQlQzMlQjNsYXJlcyUyMCUyOFVTRCUyOS4=\u00bb bottom_content_mt3=\u00bbVG9kb3MlMjBsb3MlMjBwYXJ0aWNpcGFudGVzJTIwZGVsJTIwY29uZ3Jlc28lMjBzZXIlQzMlQTFuJTIwY2VydGlmaWNhZG9zJTIwZW4lMjBtZWRpbyUyMGRpZ2l0YWwlMjBzZWclQzMlQkFuJTIwc3UlMjByb2wu\u00bb uc_items_data=\u00bbJTVCJTdCJTIydGl0bGUlMjIlM0ElMjIxJTIyJTJDJTIyY3NfaW1hZ2UlMjIlM0ElMjJ3cC1jb250ZW50JTJGdXBsb2FkcyUyRjIwMjMlMkYwNSUyRnNsaWRlci1wcm9ncmFtYS0yLmpwZyUyMiUyQyUyMmNzX3RpdGxlJTIyJTNBJTIyMjAlMjBkZSUyMGFnb3N0byUyMCUyMiUyQyUyMmNzX3N1YnRpdGxlJTIyJTNBJTIyRmVjaGElMjBsJUMzJUFEbWl0ZSUyMGRlJTIwcGFnb3MlMjBoYXN0YSUyMGVsJTIyJTJDJTIyY3NfYnRuX2JnX2NvbG9yJTIyJTNBJTIyJTIzNmMyMzdiJTIyJTJDJTIyY3NfYnRuX3RleHQlMjIlM0ElMjJNJUMzJUExcyUyMGluZm9ybWFjaSVDMyVCM24lMjIlMkMlMjJjc19saW5rJTIyJTNBJTIyaHR0cHMlM0ElMkYlMkZpbmlzLmNvbS5jbyUyRmluZGV4LnBocCUyRnByb2dyYW1hLWNvbmdyZXNvLWludGVybmFjaW9uYWwlMkYlMjNpbnZlcnNpb24lMjIlMkMlMjJjc19wcmltYXJ5X2NvbG9yJTIyJTNBJTIyJTIzZmZmZmZmJTIyJTJDJTIyY3Nfc2VjX2NvbG9yJTIyJTNBJTIyJTIzNmMyMzdiJTIyJTdEJTVE\u00bb uc_fonts_data=\u00bbJTdCJTdE\u00bb][\/vc_column][\/mk_page_section][mk_page_section full_width=\u00bbtrue\u00bb sidebar=\u00bbsidebar-1&#8243;][vc_column][vc_empty_space height=\u00bb70px\u00bb][\/vc_column][\/mk_page_section][mk_page_section][vc_column][mk_fancy_title color=\u00bb#3a3a3a\u00bb size=\u00bb50&#8243; font_weight=\u00bbbold\u00bb font_family=\u00bbnone\u00bb]\n<p style=\"text-align: center;\">Memorias y publicaci\u00f3n de las ponencias, conferencias y talleres<\/p>\n[\/mk_fancy_title][vc_separator color=\u00bbcustom\u00bb border_width=\u00bb3&#8243; el_width=\u00bb10&#8243; accent_color=\u00bb#2f6535&#8243;][vc_column_text css=\u00bb.vc_custom_1648825703602{margin-bottom: 0px !important;}\u00bb]\n<p style=\"text-align: center;\">Las ponencias evaluadas y aprobadas <strong>\u2014en la modalidad de doble ciego\u2014<\/strong> ser\u00e1n p\u00fablicas en el tercer n\u00famero del <em>Anuario Colombiano de \u00c9tica<\/em> \u00a0y en un compilados de memorias el congreso que se realizar\u00e1 de manera digital, siempre y cuando cumplan con los siguientes requisitos y se entreguen en las fechas establecidas en el cronograma del congreso.<\/p>\n[\/vc_column_text][vc_empty_space][\/vc_column][\/mk_page_section][mk_page_section full_width=\u00bbtrue\u00bb sidebar=\u00bbsidebar-1&#8243;][vc_column][vc_row_inner][vc_column_inner width=\u00bb1\/3&#8243;][ucaddon_uc_clean_carousel_content title=\u00bbPonencia como resultado de investigaci\u00f3n cient\u00edfica\u00bb corner_border=\u00bb#93c121&#8243; icon=\u00bb\u00bb primary_color=\u00bb#3a3a3a\u00bb btn_text=\u00bb\u00bb btn_color=\u00bb\u00bb link=\u00bb\u00bb uc_fonts_data=\u00bbJTdCJTIydGl0bGUlMjIlM0ElN0IlMjJmb250LWZhbWlseSUyMiUzQSUyMk9wZW4lMjBTYW5zJTIyJTJDJTIyZm9udC13ZWlnaHQlMjIlM0ElMjJCb2xkJTIyJTdEJTJDJTIyY29udGVudCUyMiUzQSU3QiUyMmZvbnQtZmFtaWx5JTIyJTNBJTIyT3BlbiUyMFNhbnMlMjIlN0QlN0Q=\u00bb]UHJlc2VudGElMjBsb3MlMjByZXN1bHRhZG9zJTIwZGUlMjBpbnZlc3RpZ2FjaSVDMyVCM24lMjB0ZXJtaW5hZGElMjBvJTIwZW4lMjBjdXJzby4lMjBDb250aWVuZSUyMHBlcnNwZWN0aXZhJTIwdGUlQzMlQjNyaWNhJTIweSUyMG1ldG9kb2wlQzMlQjNnaWNhJTJDJTIwcmVzdWx0YWRvcyUyMHklMjBjb25jbHVzaW9uZXMlMkMlMjBzZWclQzMlQkFuJTIwbGFzJTIwcGF1dGFzJTIwZWRpdG9yaWFsZXMlMjBkZWwlMjBDb25ncmVzby4=[\/ucaddon_uc_clean_carousel_content][\/vc_column_inner][vc_column_inner width=\u00bb1\/3&#8243;][ucaddon_uc_clean_carousel_content title=\u00bbPonencia de reflexi\u00f3n\u00bb corner_border=\u00bb#93c121&#8243; icon=\u00bb\u00bb primary_color=\u00bb#3a3a3a\u00bb btn_text=\u00bb\u00bb btn_color=\u00bb\u00bb link=\u00bb\u00bb uc_fonts_data=\u00bbJTdCJTIydGl0bGUlMjIlM0ElN0IlMjJmb250LWZhbWlseSUyMiUzQSUyMk9wZW4lMjBTYW5zJTIyJTJDJTIyZm9udC13ZWlnaHQlMjIlM0ElMjJCb2xkJTIyJTdEJTJDJTIyY29udGVudCUyMiUzQSU3QiUyMmZvbnQtZmFtaWx5JTIyJTNBJTIyT3BlbiUyMFNhbnMlMjIlN0QlN0Q=\u00bb]UHJlc2VudGElMjBhbiVDMyVBMWxpc2lzJTJDJTIwaW50ZXJwcmV0YWNpJUMzJUIzbiUyMG8lMjBjciVDMyVBRHRpY2ElMjBhY2VyY2ElMjBkZSUyMHVuJTIwdGVtYSUyMGVzcGVjJUMzJUFEZmljbyUyQyUyMHJlY3VycmllbmRvJTIwYSUyMHJlc3VsdGFkb3MlMjBkZSUyMGludmVzdGlnYWNpb25lcyUyMHRlcm1pbmFkYXMlMjBvJTIwZW4lMjBjdXJzby4=[\/ucaddon_uc_clean_carousel_content][\/vc_column_inner][vc_column_inner width=\u00bb1\/3&#8243;][ucaddon_uc_clean_carousel_content title=\u00bbPonencia de revisi\u00f3n\u00bb corner_border=\u00bb#93c121&#8243; icon=\u00bb\u00bb primary_color=\u00bb#3a3a3a\u00bb btn_text=\u00bb\u00bb btn_color=\u00bb\u00bb link=\u00bb\u00bb uc_fonts_data=\u00bbJTdCJTIydGl0bGUlMjIlM0ElN0IlMjJmb250LWZhbWlseSUyMiUzQSUyMk9wZW4lMjBTYW5zJTIyJTJDJTIyZm9udC13ZWlnaHQlMjIlM0ElMjJCb2xkJTIyJTdEJTJDJTIyY29udGVudCUyMiUzQSU3QiUyMmZvbnQtZmFtaWx5JTIyJTNBJTIyT3BlbiUyMFNhbnMlMjIlN0QlN0Q=\u00bb]UHJlc2VudGElMjBlbCUyMGJhbGFuY2UlMjBkZSUyMHVuJTIwY2FtcG8lMjB0ZW0lQzMlQTF0aWNvJTIwJTI4dGVuZGVuY2lhcyUyQyUyMGVuZm9xdWVzJTJDJTIwYXZhbmNlcyUyMGRlJTIwaW52ZXN0aWdhY2klQzMlQjNuJTI5JTJDJTIwbWVkaWFudGUlMjBlbCUyMGFuJUMzJUExbGlzaXMlMjByaWd1cm9zbyUyMHklMjBkZSUyMHVuYSUyMGFtcGxpYSUyMHJldmlzaSVDMyVCM24lMjBiaWJsaW9nciVDMyVBMWZpY2ElMjAlMjg1MCUyMHJlZmVyZW5jaWFzJTIwZW4lMjBwcm9tZWRpbyUyOS4=[\/ucaddon_uc_clean_carousel_content][\/vc_column_inner][\/vc_row_inner][\/vc_column][\/mk_page_section][mk_page_section section_id=\u00bbinversion\u00bb sidebar=\u00bbsidebar-1&#8243;][vc_column][vc_empty_space height=\u00bb50px\u00bb][mk_fancy_title color=\u00bb#3a3a3a\u00bb size=\u00bb50&#8243; font_weight=\u00bbbold\u00bb font_family=\u00bbnone\u00bb]\n<p style=\"text-align: center;\">Inversi\u00f3n<\/p>\n[\/mk_fancy_title][vc_separator color=\u00bbcustom\u00bb border_width=\u00bb3&#8243; el_width=\u00bb10&#8243; accent_color=\u00bb#2f6535&#8243;][vc_empty_space height=\u00bb100px\u00bb][vc_row_inner][vc_column_inner width=\u00bb1\/3&#8243;][mk_fancy_title color=\u00bb#3a3a3a\u00bb size=\u00bb36&#8243; font_weight=\u00bbbold\u00bb font_family=\u00bbnone\u00bb]Participantes Internacionales[\/mk_fancy_title][\/vc_column_inner][vc_column_inner width=\u00bb1\/3&#8243;][ucaddon_clean_product_box_two image=\u00bb1717&#8243; tittle=\u00bbPrecio\u00bb price=\u00bb30 USD\u00bb hover_bg_color=\u00bb#93c121&#8243; button_text=\u00bbPagar\u00bb link=\u00bbhttps:\/\/payco.link\/3022349&#8243; uc_fonts_data=\u00bbJTdCJTdE\u00bb]Ponente, tallerista, autor de libros[\/ucaddon_clean_product_box_two][vc_empty_space][\/vc_column_inner][vc_column_inner width=\u00bb1\/3&#8243;][ucaddon_clean_product_box_two image=\u00bb1715&#8243; tittle=\u00bbPrecio\u00bb price=\u00bb11 USD\u00bb hover_bg_color=\u00bb#93c121&#8243; button_text=\u00bbPagar\u00bb link=\u00bbhttps:\/\/payco.link\/2959406&#8243; uc_fonts_data=\u00bbJTdCJTdE\u00bb]- Estudiante de colegio o universidad (pregrado)[\/ucaddon_clean_product_box_two][vc_empty_space][\/vc_column_inner][\/vc_row_inner][vc_row_inner][vc_column_inner width=\u00bb1\/3&#8243;][\/vc_column_inner][vc_column_inner width=\u00bb1\/3&#8243;][ucaddon_clean_product_box_two image=\u00bb1725&#8243; tittle=\u00bbPrecio\u00bb price=\u00bb20 USD\u00bb hover_bg_color=\u00bb#93c121&#8243; button_text=\u00bbPagar\u00bb link=\u00bbhttps:\/\/payco.link\/3333713&#8243; uc_init_settings=\u00bb\u00bb uc_fonts_data=\u00bbJTdCJTdE\u00bb]Asistente Presencial o Virtual[\/ucaddon_clean_product_box_two][vc_empty_space][\/vc_column_inner][vc_column_inner width=\u00bb1\/3&#8243;][\/vc_column_inner][\/vc_row_inner][vc_empty_space height=\u00bb30px\u00bb][vc_cta h2=\u00bb\u00bfC\u00f3mo Pagar?\u00bb add_button=\u00bbright\u00bb btn_title=\u00bbVer Infograf\u00eda\u00bb btn_style=\u00bbcustom\u00bb btn_custom_background=\u00bb#93c121&#8243; btn_custom_text=\u00bb#ffffff\u00bb btn_shape=\u00bbsquare\u00bb btn_size=\u00bblg\u00bb btn_align=\u00bbcenter\u00bb btn_i_icon_fontawesome=\u00bbfas fa-download\u00bb btn_button_block=\u00bbtrue\u00bb btn_add_icon=\u00bbtrue\u00bb btn_link=\u00bburl:https%3A%2F%2Finis.com.co%2Fwp-content%2Fuploads%2F2022%2F04%2Fmetodo-de-pago-con-epayco.pdf|title:Metodo%20de%20pago|target:_blank\u00bb]Si no sabes como pagar atreves de la plataforma Epayco \u00a1Aqu\u00ed te explicamos![\/vc_cta][vc_empty_space height=\u00bb100px\u00bb][vc_row_inner][vc_column_inner][mk_fancy_title color=\u00bb#3a3a3a\u00bb size=\u00bb36&#8243; font_weight=\u00bbbold\u00bb font_family=\u00bbnone\u00bb]\n<p style=\"text-align: center;\">Participantes Nacionales<\/p>\n[\/mk_fancy_title][vc_empty_space height=\u00bb50px\u00bb][\/vc_column_inner][\/vc_row_inner][vc_row_inner][vc_column_inner width=\u00bb1\/2&#8243;][ucaddon_clean_product_box_two image=\u00bb1728&#8243; tittle=\u00bbPrecio\u00bb price=\u00bb$110.000&#8243; hover_bg_color=\u00bb#2f6535&#8243; button_text=\u00bbPagar\u00bb link=\u00bbhttps:\/\/payco.link\/3022351&#8243; uc_fonts_data=\u00bbJTdCJTdE\u00bb]Ponente, tallerista, autor de libros[\/ucaddon_clean_product_box_two][vc_empty_space][\/vc_column_inner][vc_column_inner width=\u00bb1\/2&#8243;][ucaddon_clean_product_box_two image=\u00bb1729&#8243; tittle=\u00bbPrecio\u00bb price=\u00bb$40.000&#8243; hover_bg_color=\u00bb#2f6535&#8243; button_text=\u00bbPagar\u00bb link=\u00bbhttps:\/\/payco.link\/2959405&#8243; uc_fonts_data=\u00bbJTdCJTdE\u00bb]- Estudiante de colegio o universidad (pregrado)[\/ucaddon_clean_product_box_two][vc_empty_space][\/vc_column_inner][\/vc_row_inner][vc_row_inner][vc_column_inner width=\u00bb1\/2&#8243;][ucaddon_clean_product_box_two image=\u00bb1725&#8243; tittle=\u00bbPrecio\u00bb price=\u00bb$70.000&#8243; hover_bg_color=\u00bb#2f6535&#8243; button_text=\u00bbPagar\u00bb link=\u00bbhttps:\/\/payco.link\/2959400&#8243; uc_fonts_data=\u00bbJTdCJTdE\u00bb]Asistente Presencial o Virtual[\/ucaddon_clean_product_box_two][vc_empty_space][\/vc_column_inner][\/vc_row_inner][vc_empty_space height=\u00bb30px\u00bb][vc_cta h2=\u00bb\u00bfC\u00f3mo Pagar?\u00bb add_button=\u00bbright\u00bb btn_title=\u00bbVer Infograf\u00eda\u00bb btn_style=\u00bbcustom\u00bb btn_custom_background=\u00bb#2f6535&#8243; btn_custom_text=\u00bb#ffffff\u00bb btn_shape=\u00bbsquare\u00bb btn_size=\u00bblg\u00bb btn_align=\u00bbcenter\u00bb btn_i_icon_fontawesome=\u00bbfas fa-download\u00bb btn_button_block=\u00bbtrue\u00bb btn_add_icon=\u00bbtrue\u00bb btn_link=\u00bburl:https%3A%2F%2Finis.com.co%2Fwp-content%2Fuploads%2F2022%2F04%2Fmetodo-de-pago-con-epayco.pdf|title:Metodo%20de%20pago|target:_blank\u00bb]Si no sabes como pagar atreves de la plataforma Epayco \u00a1Aqu\u00ed te explicamos![\/vc_cta][vc_empty_space height=\u00bb100px\u00bb][mk_blockquote font_family=\u00bbnone\u00bb]Tambi\u00e9n podr\u00e1n participar personas que por alguna raz\u00f3n no puedan cubrir el aporte econ\u00f3mico enviado solicitud al comit\u00e9 organizador.[\/mk_blockquote][\/vc_column][\/mk_page_section][mk_page_section][vc_column][mk_fancy_title color=\u00bb#3a3a3a\u00bb size=\u00bb50&#8243; font_weight=\u00bbbold\u00bb font_family=\u00bbnone\u00bb]\n<p style=\"text-align: center;\">Certificaci\u00f3n<\/p>\n[\/mk_fancy_title][vc_separator color=\u00bbcustom\u00bb border_width=\u00bb3&#8243; el_width=\u00bb10&#8243; accent_color=\u00bb#2f6535&#8243;][\/vc_column][\/mk_page_section][mk_page_section full_width=\u00bbtrue\u00bb sidebar=\u00bbsidebar-1&#8243;][vc_column][ucaddon_uc_app_header title=\u00bbCertificaci\u00f3n\u00bb small_title=\u00bbSe otorgar\u00e1\u00bb description=\u00bbJTNDcCUzRVRvZG9zJTIwbG9zJTIwcGFydGljaXBhbnRlcyUyMGRlbCUyMGNvbmdyZXNvJTIwc2VyJTI2YWFjdXRlJTNCbiUyMGNlcnRpZmljYWRvcyUyMGVuJTIwbWVkaW8lMjBkaWdpdGFsJTJDJTIwc2VnJTI2dWFjdXRlJTNCbiUyMHN1JTIwcm9sJTNBJTIwJTNDc3Ryb25nJTNFQ29uZmVyZW5jaXN0YSUyQyUyMFBvbmVudGUlMkMlMjBSZWxhdG9yJTJDJTIwTW9kZXJhZG9yJTJDJTIwQXNpc3RlbnRlJTJDJTIwVGFsbGVyaXN0YSUyQyUyME9yZ2FuaXphZG9yLiUzQyUyRnN0cm9uZyUzRSUzQyUyRnAlM0U=\u00bb logo_image=\u00bb\u00bb logo_link=\u00bb\u00bb item_background_image=\u00bb1758&#8243; button_image=\u00bb\u00bb button_link=\u00bb\u00bb icon_one=\u00bb\u00bb icon_one_link=\u00bb\u00bb icon_two=\u00bb\u00bb icon_two_link=\u00bb\u00bb icon_three=\u00bb\u00bb icon_three_link=\u00bb\u00bb uc_fonts_data=\u00bbJTdCJTIyZGVzY3JpcHRpb24lMjIlM0ElN0IlMjJmb250LXNpemUlMjIlM0ElMjIyMHB4JTIyJTJDJTIybW9iaWxlLXNpemUlMjIlM0ElMjIxNHB4JTIyJTdEJTdE\u00bb][\/vc_column][\/mk_page_section]\n","protected":false},"excerpt":{"rendered":"<p>[mk_page_section full_width=\u00bbtrue\u00bb sidebar=\u00bbsidebar-1&#8243;][vc_column][ucaddon_uc_content_slider_multi_text cs_bottom_title_mt1=\u00bbENVIO DE RESUMENES\u00bb cs_bottom_title_mt2=\u00bbPAGOS\u00bb cs_bottom_title_mt3=\u00bbCERTIFICACI\u00d3N\u00bb bottom_content_mt1=\u00bbUmV2aXNhJTIwbGFzJTIwZmVjaGFzJTIwbGltaXRlJTIwZGUlMjBlbnZpJUMzJUIzJTIwcGFyYSUyMGNhZGElMjB0aXBvJTIwZGUlMjBwYXJ0aWNpcGFudGUu\u00bb bottom_content_mt2=\u00bbUHVlZGVzJTIwY2FuY2VsYXIlMjBlbiUyMFBlc29zJTIwc2klMjBlc3RhcyUyMGVuJTIwQ29sb21iaWElMkMlMjBwYXJhJTIwcGFydGljaXBhbnRlcyUyMGludGVybmFjaW9uYWxlcyUyMGVsJTIwY29zdG8lMjBlcyUyMGQlQzMlQjNsYXJlcyUyMCUyOFVTRCUyOS4=\u00bb bottom_content_mt3=\u00bbVG9kb3MlMjBsb3MlMjBwYXJ0aWNpcGFudGVzJTIwZGVsJTIwY29uZ3Jlc28lMjBzZXIlQzMlQTFuJTIwY2VydGlmaWNhZG9zJTIwZW4lMjBtZWRpbyUyMGRpZ2l0YWwlMjBzZWclQzMlQkFuJTIwc3UlMjByb2wu\u00bb uc_items_data=\u00bbJTVCJTdCJTIydGl0bGUlMjIlM0ElMjIxJTIyJTJDJTIyY3NfaW1hZ2UlMjIlM0ElMjJ3cC1jb250ZW50JTJGdXBsb2FkcyUyRjIwMjMlMkYwNSUyRnNsaWRlci1wcm9ncmFtYS0yLmpwZyUyMiUyQyUyMmNzX3RpdGxlJTIyJTNBJTIyMjAlMjBkZSUyMGFnb3N0byUyMCUyMiUyQyUyMmNzX3N1YnRpdGxlJTIyJTNBJTIyRmVjaGElMjBsJUMzJUFEbWl0ZSUyMGRlJTIwcGFnb3MlMjBoYXN0YSUyMGVsJTIyJTJDJTIyY3NfYnRuX2JnX2NvbG9yJTIyJTNBJTIyJTIzNmMyMzdiJTIyJTJDJTIyY3NfYnRuX3RleHQlMjIlM0ElMjJNJUMzJUExcyUyMGluZm9ybWFjaSVDMyVCM24lMjIlMkMlMjJjc19saW5rJTIyJTNBJTIyaHR0cHMlM0ElMkYlMkZpbmlzLmNvbS5jbyUyRmluZGV4LnBocCUyRnByb2dyYW1hLWNvbmdyZXNvLWludGVybmFjaW9uYWwlMkYlMjNpbnZlcnNpb24lMjIlMkMlMjJjc19wcmltYXJ5X2NvbG9yJTIyJTNBJTIyJTIzZmZmZmZmJTIyJTJDJTIyY3Nfc2VjX2NvbG9yJTIyJTNBJTIyJTIzNmMyMzdiJTIyJTdEJTVE\u00bb uc_fonts_data=\u00bbJTdCJTdE\u00bb][\/vc_column][\/mk_page_section][mk_page_section full_width=\u00bbtrue\u00bb sidebar=\u00bbsidebar-1&#8243;][vc_column][vc_empty_space height=\u00bb70px\u00bb][\/vc_column][\/mk_page_section][mk_page_section][vc_column][mk_fancy_title color=\u00bb#3a3a3a\u00bb size=\u00bb50&#8243; font_weight=\u00bbbold\u00bb font_family=\u00bbnone\u00bb] Memorias y publicaci\u00f3n de las ponencias, conferencias y talleres [\/mk_fancy_title][vc_separator color=\u00bbcustom\u00bb border_width=\u00bb3&#8243; el_width=\u00bb10&#8243; accent_color=\u00bb#2f6535&#8243;][vc_column_text css=\u00bb.vc_custom_1648825703602{margin-bottom: 0px !important;}\u00bb] Las ponencias evaluadas y aprobadas \u2014en la modalidad de doble ciego\u2014 ser\u00e1n p\u00fablicas en el tercer n\u00famero del [&hellip;]<\/p>\n","protected":false},"author":1,"featured_media":0,"parent":0,"menu_order":0,"comment_status":"closed","ping_status":"closed","template":"","meta":[],"_links":{"self":[{"href":"https:\/\/inis.com.co\/index.php\/wp-json\/wp\/v2\/pages\/164"}],"collection":[{"href":"https:\/\/inis.com.co\/index.php\/wp-json\/wp\/v2\/pages"}],"about":[{"href":"https:\/\/inis.com.co\/index.php\/wp-json\/wp\/v2\/types\/page"}],"author":[{"embeddable":true,"href":"https:\/\/inis.com.co\/index.php\/wp-json\/wp\/v2\/users\/1"}],"replies":[{"embeddable":true,"href":"https:\/\/inis.com.co\/index.php\/wp-json\/wp\/v2\/comments?post=164"}],"version-history":[{"count":156,"href":"https:\/\/inis.com.co\/index.php\/wp-json\/wp\/v2\/pages\/164\/revisions"}],"predecessor-version":[{"id":2457,"href":"https:\/\/inis.com.co\/index.php\/wp-json\/wp\/v2\/pages\/164\/revisions\/2457"}],"wp:attachment":[{"href":"https:\/\/inis.com.co\/index.php\/wp-json\/wp\/v2\/media?parent=164"}],"curies":[{"name":"wp","href":"https:\/\/api.w.org\/{rel}","templated":true}]}}