{"id":14,"date":"2021-03-09T11:33:18","date_gmt":"2021-03-09T11:33:18","guid":{"rendered":"https:\/\/inis.com.co\/?page_id=14"},"modified":"2021-05-31T16:31:28","modified_gmt":"2021-05-31T16:31:28","slug":"investigaciones","status":"publish","type":"page","link":"https:\/\/inis.com.co\/index.php\/investigaciones\/","title":{"rendered":"Investigaciones"},"content":{"rendered":"[mk_page_section min_height=\u00bb0&#8243; full_width=\u00bbtrue\u00bb padding_top=\u00bb0&#8243; padding_bottom=\u00bb0&#8243; margin_bottom=\u00bb-50&#8243; top_shape_color=\u00bb#ffffff\u00bb bottom_shape_color=\u00bb#ffffff\u00bb sidebar=\u00bbsidebar-1&#8243;][vc_column]\n\t\t\t<!-- START Investigaci\u00f3n REVOLUTION SLIDER 6.5.3 --><p class=\"rs-p-wp-fix\"><\/p>\n\t\t\t<rs-module-wrap id=\"rev_slider_5_1_wrapper\" data-source=\"gallery\" style=\"visibility:hidden;background:transparent;padding:0;margin:0px auto;margin-top:0;margin-bottom:0;\">\n\t\t\t\t<rs-module id=\"rev_slider_5_1\" style=\"\" data-version=\"6.5.3\">\n\t\t\t\t\t<rs-slides>\n\t\t\t\t\t\t<rs-slide data-key=\"rs-6\" data-title=\"Investigaciones \" data-in=\"o:0;\" data-out=\"a:false;\">\n\t\t\t\t\t\t\t<img src=\"\/\/inis.com.co\/wp-content\/plugins\/revslider\/public\/assets\/assets\/dummy.png\" title=\"Direccion\" width=\"1920\" height=\"1080\" class=\"rev-slidebg tp-rs-img rs-lazyload\" data-lazyload=\"\/\/inis.com.co\/wp-content\/uploads\/2021\/03\/Direccion.jpg\" data-no-retina>\n<!--\n\t\t\t\t\t\t\t--><rs-layer\n\t\t\t\t\t\t\t\tid=\"slider-5-slide-6-layer-1\" \n\t\t\t\t\t\t\t\tdata-type=\"image\"\n\t\t\t\t\t\t\t\tdata-rsp_ch=\"on\"\n\t\t\t\t\t\t\t\tdata-xy=\"xo:508px,508px,508px,-47px;yo:4px,4px,4px,-2px;\"\n\t\t\t\t\t\t\t\tdata-text=\"w:normal;s:20,20,20,7;l:0,0,0,9;\"\n\t\t\t\t\t\t\t\tdata-dim=\"w:897px,897px,897px,577px;h:505px,505px,505px,325px;\"\n\t\t\t\t\t\t\t\tdata-frame_999=\"o:0;st:w;\"\n\t\t\t\t\t\t\t\tstyle=\"z-index:5;\"\n\t\t\t\t\t\t\t><img src=\"\/\/inis.com.co\/wp-content\/plugins\/revslider\/public\/assets\/assets\/dummy.png\" class=\"tp-rs-img rs-lazyload\" width=\"1920\" height=\"1080\" data-lazyload=\"\/\/inis.com.co\/wp-content\/uploads\/2021\/03\/Direccion-1.png\" data-no-retina> \n\t\t\t\t\t\t\t<\/rs-layer><!--\n\n\t\t\t\t\t\t\t--><rs-layer\n\t\t\t\t\t\t\t\tid=\"slider-5-slide-6-layer-4\" \n\t\t\t\t\t\t\t\tdata-type=\"text\"\n\t\t\t\t\t\t\t\tdata-color=\"#ffcc00\"\n\t\t\t\t\t\t\t\tdata-rsp_ch=\"on\"\n\t\t\t\t\t\t\t\tdata-xy=\"xo:69px,69px,69px,25px;yo:109px,109px,109px,54px;\"\n\t\t\t\t\t\t\t\tdata-text=\"w:normal;s:65,65,65,24;l:83,83,83,31;ls:4,4,4,1;fw:300;\"\n\t\t\t\t\t\t\t\tdata-dim=\"minh:0,0,0,none;\"\n\t\t\t\t\t\t\t\tdata-frame_999=\"o:0;st:w;\"\n\t\t\t\t\t\t\t\tstyle=\"z-index:8;font-family:Raleway;\"\n\t\t\t\t\t\t\t>SUBDIRECCI\u00d3N DE \n\t\t\t\t\t\t\t<\/rs-layer><!--\n\n\t\t\t\t\t\t\t--><rs-layer\n\t\t\t\t\t\t\t\tid=\"slider-5-slide-6-layer-5\" \n\t\t\t\t\t\t\t\tdata-type=\"text\"\n\t\t\t\t\t\t\t\tdata-color=\"#fff\"\n\t\t\t\t\t\t\t\tdata-rsp_ch=\"on\"\n\t\t\t\t\t\t\t\tdata-xy=\"xo:78px,78px,78px,31px;yo:190px,190px,190px,89px;\"\n\t\t\t\t\t\t\t\tdata-text=\"w:normal;s:84,84,84,28;l:105,105,105,36;fw:900;\"\n\t\t\t\t\t\t\t\tdata-dim=\"minh:0,0,0,none;\"\n\t\t\t\t\t\t\t\tdata-frame_999=\"o:0;st:w;\"\n\t\t\t\t\t\t\t\tstyle=\"z-index:9;font-family:Roboto;text-transform:uppercase;\"\n\t\t\t\t\t\t\t>INVESTIGACIONES \n\t\t\t\t\t\t\t<\/rs-layer><!--\n-->\t\t\t\t\t\t<\/rs-slide>\n\t\t\t\t\t<\/rs-slides>\n\t\t\t\t\t<rs-static-layers><!--\n\t\t\t\t\t--><\/rs-static-layers>\n\t\t\t\t<\/rs-module>\n\t\t\t\t<script type=\"text\/javascript\">\n\t\t\t\t\tsetREVStartSize({c: 'rev_slider_5_1',rl:[1240,1240,1240,480],el:[500,500,500,320],gw:[1240,1240,1240,480],gh:[500,500,500,320],type:'standard',justify:'',layout:'fullwidth',mh:\"0\"});\n\t\t\t\t<\/script>\n\t\t\t<\/rs-module-wrap>\n\t\t\t<!-- END REVOLUTION SLIDER -->\n[\/vc_column][\/mk_page_section][mk_page_section][vc_column][\/vc_column][\/mk_page_section][mk_page_section][vc_column][vc_column_text align=\u00bbcenter\u00bb]\n<h3 style=\"text-align: center;\">La Subdirecci\u00f3n de Investigaciones del Instituto es una dependencia administrativa que lidera, acompa\u00f1a y ejecuta los procesos de investigaci\u00f3n por medio de convocatorias internas y externas. Sus objetivos son los siguientes:<\/h3>\n[\/vc_column_text][mk_divider style=\u00bbthick_solid\u00bb divider_width=\u00bbone_third\u00bb border_color=\u00bb#07b8ea\u00bb margin_top=\u00bb0&#8243;][\/vc_column][\/mk_page_section][mk_page_section bg_color=\u00bb#004477&#8243; sidebar=\u00bbsidebar-1&#8243;][vc_column width=\u00bb1\/2&#8243;][mk_padding_divider][mk_custom_list]\n<ul style=\"color: #ffffff;\">\n<li>Dise\u00f1ar las pol\u00edticas, estrategias y acciones para el \u00edntegro desarrollo de la pr\u00e1ctica investigativa.<\/li>\n<li>Proponer los planes de mejoramiento para fortalecer la investigaci\u00f3n en el Instituto.<\/li>\n<li>Realizar las convocatorias internas que garanticen la vinculaci\u00f3n responsable de los distintos investigadores del Instituto.<\/li>\n<li>Promover el mejoramiento continuo de los perfiles de investigadores y sus grupos.<\/li>\n<li>Desarrollar estrategias para crear una cultura de la investigaci\u00f3n dentro del instituto.<\/li>\n<li>Fortalecer los semilleros de investigaci\u00f3n.<\/li>\n<li>Realizar peri\u00f3dicamente las convocatorias de pasant\u00edas, pr\u00e1cticas y monitorias de investigaci\u00f3n.<\/li>\n<li>Promover la participaci\u00f3n de los investigadores y los grupos en convocatorias nacionales e internacionales.<\/li>\n<li>Hacer seguimiento a los proyectos de investigaci\u00f3n.<\/li>\n<li>Realizar alianzas para el fortalecimiento de la investigaci\u00f3n.<\/li>\n<li>Liderar las colecciones editoriales sobre investigaci\u00f3n del Instituto.<\/li>\n<li>Promover est\u00edmulos para el fortalecimiento de la pr\u00e1ctica investigativa.<\/li>\n<li>Conformar el Comit\u00e9 de Investigaci\u00f3n y gesti\u00f3n del conocimiento.<\/li>\n<\/ul>\n[\/mk_custom_list][\/vc_column][vc_column width=\u00bb1\/2&#8243;][mk_padding_divider size=\u00bb100&#8243;][mk_font_icons icon=\u00bbmk-li-atom\u00bb color=\u00bb#07b8ea\u00bb size=\u00bbxxx-large\u00bb margin_vertical=\u00bb5&#8243; circle=\u00bbtrue\u00bb circle_border_width=\u00bb3&#8243; circle_border_color=\u00bb#07b8ea\u00bb align=\u00bbcenter\u00bb][mk_padding_divider size=\u00bb30&#8243;][mk_button dimension=\u00bbflat\u00bb size=\u00bbmedium\u00bb url=\u00bbhttps:\/\/inis.com.co\/wp-content\/uploads\/2021\/03\/Pasantias-INIS-2021.pdf\u00bb align=\u00bbcenter\u00bb]PASANT\u00cdAS INIS [\/mk_button][\/vc_column][\/mk_page_section][mk_page_section][vc_column][mk_padding_divider][mk_fancy_title color=\u00bb#07b8ea\u00bb size=\u00bb50&#8243; font_weight=\u00bbbold\u00bb margin_top=\u00bb10&#8243; margin_bottom=\u00bb2&#8243; font_family=\u00bbnone\u00bb align=\u00bbcenter\u00bb]Documentos para descargar[\/mk_fancy_title][mk_divider style=\u00bbthick_solid\u00bb divider_width=\u00bbone_third\u00bb border_color=\u00bb#07b8ea\u00bb margin_top=\u00bb0&#8243;][\/vc_column][\/mk_page_section][mk_page_section min_height=\u00bb0&#8243; full_width=\u00bbtrue\u00bb sidebar=\u00bbsidebar-1&#8243;][vc_column width=\u00bb1\/4&#8243; css=\u00bb.vc_custom_1622473661950{background-color: #de0615 !important;background-position: center !important;background-repeat: no-repeat !important;background-size: cover !important;}\u00bb][mk_fancy_title color=\u00bb#ffffff\u00bb size=\u00bb25&#8243; font_weight=\u00bbbolder\u00bb margin_top=\u00bb30&#8243; font_family=\u00bbnone\u00bb align=\u00bbcenter\u00bb]\n<p style=\"text-align: center;\">PROYECTOS<\/p>\n<p style=\"text-align: center;\">DE INVESTIGACI\u00d3N<\/p>\n[\/mk_fancy_title][mk_button dimension=\u00bboutline\u00bb size=\u00bbmedium\u00bb url=\u00bbhttps:\/\/inis.com.co\/wp-content\/uploads\/2021\/03\/FORMATO-01.-PRESENTACION-PROYECTOS-DE-INVESTIGACION-Pestana-Investigacion.doc\u00bb align=\u00bbcenter\u00bb outline_skin=\u00bbcustom\u00bb outline_active_color=\u00bb#ffffff\u00bb outline_active_text_color=\u00bb#ffffff\u00bb outline_hover_bg_color=\u00bb#ffffff\u00bb outline_hover_color=\u00bb#ffffff\u00bb]DESCARGAR FORMATO[\/mk_button][mk_padding_divider size=\u00bb20&#8243;][\/vc_column][vc_column width=\u00bb1\/4&#8243; css=\u00bb.vc_custom_1621921649377{background-color: #009ade !important;background-position: center !important;background-repeat: no-repeat !important;background-size: cover !important;}\u00bb][mk_fancy_title color=\u00bb#ffffff\u00bb size=\u00bb25&#8243; font_weight=\u00bbbolder\u00bb margin_top=\u00bb30&#8243; font_family=\u00bbnone\u00bb align=\u00bbcenter\u00bb]\n<p style=\"text-align: center;\">PLANEACI\u00d3N DE<\/p>\n<p style=\"text-align: center;\">PRESUPUESTO<\/p>\n[\/mk_fancy_title][mk_button dimension=\u00bboutline\u00bb size=\u00bbmedium\u00bb url=\u00bbhttps:\/\/inis.com.co\/wp-content\/uploads\/2021\/03\/FORMATO-04.-PlANEACION-DE-PRESUPUESTO.-PESTANA-INVESTIGACION.docx\u00bb align=\u00bbcenter\u00bb outline_skin=\u00bbcustom\u00bb outline_active_color=\u00bb#ffffff\u00bb outline_active_text_color=\u00bb#ffffff\u00bb outline_hover_bg_color=\u00bb#ffffff\u00bb outline_hover_color=\u00bb#ffffff\u00bb]DESCARGAR FORMATO[\/mk_button][mk_padding_divider size=\u00bb20&#8243;][\/vc_column][vc_column width=\u00bb1\/4&#8243; css=\u00bb.vc_custom_1621921675543{background-color: #91bc20 !important;background-position: center !important;background-repeat: no-repeat !important;background-size: cover !important;}\u00bb][mk_fancy_title color=\u00bb#ffffff\u00bb size=\u00bb25&#8243; font_weight=\u00bbbolder\u00bb margin_top=\u00bb30&#8243; font_family=\u00bbnone\u00bb align=\u00bbcenter\u00bb]\n<p style=\"text-align: center;\">SOLICITUD DE<\/p>\n<p style=\"text-align: center;\">PASANTIAS<\/p>\n[\/mk_fancy_title][mk_button dimension=\u00bboutline\u00bb size=\u00bbmedium\u00bb url=\u00bbhttps:\/\/inis.com.co\/wp-content\/uploads\/2021\/03\/Formato-de-solicitud-de-pasantia.docx\u00bb align=\u00bbcenter\u00bb outline_skin=\u00bbcustom\u00bb outline_active_color=\u00bb#ffffff\u00bb outline_active_text_color=\u00bb#ffffff\u00bb outline_hover_bg_color=\u00bb#ffffff\u00bb outline_hover_color=\u00bb#ffffff\u00bb]DESCARGAR FORMATO[\/mk_button][mk_padding_divider size=\u00bb20&#8243;][\/vc_column][vc_column width=\u00bb1\/4&#8243; css=\u00bb.vc_custom_1621921699566{background-color: #ee8d00 !important;background-position: center !important;background-repeat: no-repeat !important;background-size: cover !important;}\u00bb][mk_fancy_title color=\u00bb#ffffff\u00bb size=\u00bb25&#8243; font_weight=\u00bbbolder\u00bb margin_top=\u00bb30&#8243; font_family=\u00bbnone\u00bb align=\u00bbcenter\u00bb]\n<p style=\"text-align: center;\">CARTA DE INVESTIGADOR<\/p>\n<p style=\"text-align: center;\">SOLIDARIO<\/p>\n[\/mk_fancy_title][mk_button dimension=\u00bboutline\u00bb size=\u00bbmedium\u00bb url=\u00bbhttps:\/\/inis.com.co\/wp-content\/uploads\/2021\/03\/CARTA-DE-INVESTIGADOR-SOLIDARIO.-.docx\u00bb align=\u00bbcenter\u00bb outline_skin=\u00bbcustom\u00bb outline_active_color=\u00bb#ffffff\u00bb outline_active_text_color=\u00bb#ffffff\u00bb outline_hover_bg_color=\u00bb#ffffff\u00bb outline_hover_color=\u00bb#ffffff\u00bb]DESCARGAR FORMATO[\/mk_button][mk_padding_divider size=\u00bb20&#8243;][\/vc_column][\/mk_page_section]\n","protected":false},"excerpt":{"rendered":"<p>[mk_page_section min_height=\u00bb0&#8243; full_width=\u00bbtrue\u00bb padding_top=\u00bb0&#8243; padding_bottom=\u00bb0&#8243; margin_bottom=\u00bb-50&#8243; top_shape_color=\u00bb#ffffff\u00bb bottom_shape_color=\u00bb#ffffff\u00bb sidebar=\u00bbsidebar-1&#8243;][vc_column][\/vc_column][\/mk_page_section][mk_page_section][vc_column][\/vc_column][\/mk_page_section][mk_page_section][vc_column][vc_column_text align=\u00bbcenter\u00bb] La Subdirecci\u00f3n de Investigaciones del Instituto es una dependencia administrativa que lidera, acompa\u00f1a y ejecuta los procesos de investigaci\u00f3n por medio de convocatorias internas y externas. Sus objetivos son los siguientes: [\/vc_column_text][mk_divider style=\u00bbthick_solid\u00bb divider_width=\u00bbone_third\u00bb border_color=\u00bb#07b8ea\u00bb margin_top=\u00bb0&#8243;][\/vc_column][\/mk_page_section][mk_page_section bg_color=\u00bb#004477&#8243; sidebar=\u00bbsidebar-1&#8243;][vc_column width=\u00bb1\/2&#8243;][mk_padding_divider][mk_custom_list] Dise\u00f1ar las pol\u00edticas, estrategias y acciones [&hellip;]<\/p>\n","protected":false},"author":1,"featured_media":0,"parent":0,"menu_order":0,"comment_status":"closed","ping_status":"closed","template":"","meta":[],"_links":{"self":[{"href":"https:\/\/inis.com.co\/index.php\/wp-json\/wp\/v2\/pages\/14"}],"collection":[{"href":"https:\/\/inis.com.co\/index.php\/wp-json\/wp\/v2\/pages"}],"about":[{"href":"https:\/\/inis.com.co\/index.php\/wp-json\/wp\/v2\/types\/page"}],"author":[{"embeddable":true,"href":"https:\/\/inis.com.co\/index.php\/wp-json\/wp\/v2\/users\/1"}],"replies":[{"embeddable":true,"href":"https:\/\/inis.com.co\/index.php\/wp-json\/wp\/v2\/comments?post=14"}],"version-history":[{"count":37,"href":"https:\/\/inis.com.co\/index.php\/wp-json\/wp\/v2\/pages\/14\/revisions"}],"predecessor-version":[{"id":767,"href":"https:\/\/inis.com.co\/index.php\/wp-json\/wp\/v2\/pages\/14\/revisions\/767"}],"wp:attachment":[{"href":"https:\/\/inis.com.co\/index.php\/wp-json\/wp\/v2\/media?parent=14"}],"curies":[{"name":"wp","href":"https:\/\/api.w.org\/{rel}","templated":true}]}}