{"id":1241,"date":"2021-10-20T18:27:19","date_gmt":"2021-10-20T18:27:19","guid":{"rendered":"https:\/\/inis.com.co\/?page_id=1241"},"modified":"2021-11-05T14:14:20","modified_gmt":"2021-11-05T14:14:20","slug":"revistas","status":"publish","type":"page","link":"https:\/\/inis.com.co\/index.php\/revistas\/","title":{"rendered":"Revistas"},"content":{"rendered":"[vc_row][vc_column][mk_padding_divider size=\u00bb90&#8243;][\/vc_column][\/vc_row][vc_row][vc_column width=\u00bb1\/2&#8243;][mk_image src=\u00bbhttps:\/\/inis.com.co\/wp-content\/uploads\/2021\/10\/captura-de-pantalla-2021-10-20-a-las-8.23.45-p.-m..png\u00bb image_size=\u00bbmedium\u00bb target=\u00bb_blank\u00bb align=\u00bbcenter\u00bb][mk_padding_divider size=\u00bb35&#8243;][\/vc_column][vc_column width=\u00bb1\/2&#8243;][vc_column_text css=\u00bb.vc_custom_1634932586443{margin-bottom: 0px !important;}\u00bb]El Anuario Colombiano de \u00c9tica es una publicaci\u00f3n electr\u00f3nica de periodicidad anual que se constituye como un espacio de divulgaci\u00f3n cient\u00edfica de los debates y los resultados de las investigaciones de grupos y comunidades acad\u00e9micas que abordan problem\u00e1ticas relacionadas con la \u00e9tica, la bio\u00e9tica y la filosof\u00eda moral.<\/p>\n<p><strong>Edici\u00f3n<\/strong> 2020<br \/>\n<strong>Editor:<\/strong> V\u00edctor Eligio Espinosa Gal\u00e1n<br \/>\n<strong>Correo electr\u00f3nico:<\/strong> editorial@inis.com.co[\/vc_column_text][mk_button url=\u00bbhttps:\/\/inis.com.co\/wp-content\/uploads\/2021\/11\/anuario-ace-final.pdf\u00bb]Descargar n\u00famero 1.[\/mk_button][mk_padding_divider size=\u00bb35&#8243;][\/vc_column][\/vc_row][vc_row][vc_column width=\u00bb1\/2&#8243;][mk_image src=\u00bbhttps:\/\/inis.com.co\/wp-content\/uploads\/2021\/10\/captura-de-pantalla-2021-10-20-a-las-8.23.27-p.-m..png\u00bb image_size=\u00bbmedium\u00bb target=\u00bb_blank\u00bb align=\u00bbcenter\u00bb][mk_padding_divider size=\u00bb35&#8243;][\/vc_column][vc_column width=\u00bb1\/2&#8243;][vc_column_text css=\u00bb.vc_custom_1634932660065{margin-bottom: 0px !important;}\u00bb]La revista Transformaci\u00f3n Colectiva: Pensamiento Pedag\u00f3gico Contempor\u00e1neo, surge como una iniciativa del Colectivo Pensamiento Pedag\u00f3gico Contempor\u00e1neo, bajo la direcci\u00f3n y edici\u00f3n del Instituto Nacional de Investigaci\u00f3n Social, cuyo prop\u00f3sito es servir de espacio editorial para debatir temas relacionados con la educaci\u00f3n, la pedagog\u00eda, la investigaci\u00f3n y temas de opini\u00f3n p\u00fablica afines a problem\u00e1ticas educativas.<\/p>\n<p><strong>Edici\u00f3n<\/strong> 2020<br \/>\n<strong>Editora:<\/strong> Diana Yasm\u00edn Reyes<br \/>\n<strong>Correo electr\u00f3nico:<\/strong> editorial@inis.com.co[\/vc_column_text][mk_button url=\u00bbhttps:\/\/inis.com.co\/wp-content\/uploads\/2021\/11\/transformaciones.pdf\u00bb]Descargar n\u00famero 1.[\/mk_button][mk_padding_divider size=\u00bb35&#8243;][\/vc_column][\/vc_row]\n","protected":false},"excerpt":{"rendered":"<p>[vc_row][vc_column][mk_padding_divider size=\u00bb90&#8243;][\/vc_column][\/vc_row][vc_row][vc_column width=\u00bb1\/2&#8243;][mk_image src=\u00bbhttps:\/\/inis.com.co\/wp-content\/uploads\/2021\/10\/captura-de-pantalla-2021-10-20-a-las-8.23.45-p.-m..png\u00bb image_size=\u00bbmedium\u00bb target=\u00bb_blank\u00bb align=\u00bbcenter\u00bb][mk_padding_divider size=\u00bb35&#8243;][\/vc_column][vc_column width=\u00bb1\/2&#8243;][vc_column_text css=\u00bb.vc_custom_1634932586443{margin-bottom: 0px !important;}\u00bb]El Anuario Colombiano de \u00c9tica es una publicaci\u00f3n electr\u00f3nica de periodicidad anual que se constituye como un espacio de divulgaci\u00f3n cient\u00edfica de los debates y los resultados de las investigaciones de grupos y comunidades acad\u00e9micas que abordan problem\u00e1ticas relacionadas con la \u00e9tica, la bio\u00e9tica [&hellip;]<\/p>\n","protected":false},"author":1,"featured_media":0,"parent":0,"menu_order":0,"comment_status":"closed","ping_status":"closed","template":"","meta":[],"_links":{"self":[{"href":"https:\/\/inis.com.co\/index.php\/wp-json\/wp\/v2\/pages\/1241"}],"collection":[{"href":"https:\/\/inis.com.co\/index.php\/wp-json\/wp\/v2\/pages"}],"about":[{"href":"https:\/\/inis.com.co\/index.php\/wp-json\/wp\/v2\/types\/page"}],"author":[{"embeddable":true,"href":"https:\/\/inis.com.co\/index.php\/wp-json\/wp\/v2\/users\/1"}],"replies":[{"embeddable":true,"href":"https:\/\/inis.com.co\/index.php\/wp-json\/wp\/v2\/comments?post=1241"}],"version-history":[{"count":11,"href":"https:\/\/inis.com.co\/index.php\/wp-json\/wp\/v2\/pages\/1241\/revisions"}],"predecessor-version":[{"id":1278,"href":"https:\/\/inis.com.co\/index.php\/wp-json\/wp\/v2\/pages\/1241\/revisions\/1278"}],"wp:attachment":[{"href":"https:\/\/inis.com.co\/index.php\/wp-json\/wp\/v2\/media?parent=1241"}],"curies":[{"name":"wp","href":"https:\/\/api.w.org\/{rel}","templated":true}]}}