{"id":117,"date":"2021-03-11T19:45:28","date_gmt":"2021-03-11T19:45:28","guid":{"rendered":"https:\/\/inis.com.co\/?page_id=117"},"modified":"2026-03-18T00:20:31","modified_gmt":"2026-03-18T00:20:31","slug":"congreso-internacional-de-etica-ciencia-y-educacion","status":"publish","type":"page","link":"https:\/\/inis.com.co\/index.php\/congreso-internacional-de-etica-ciencia-y-educacion\/","title":{"rendered":"Congreso Internacional de \u00c9tica, Ciencia y Educaci\u00f3n."},"content":{"rendered":"[mk_page_section vertical_align=\u00bbtop\u00bb bg_image=\u00bbhttps:\/\/inis.com.co\/wp-content\/uploads\/2026\/01\/bannerVIIMontaje.png\u00bb bg_color=\u00bb#ffffff\u00bb bg_position=\u00bbcenter center\u00bb bg_repeat=\u00bbno-repeat\u00bb bg_stretch=\u00bbtrue\u00bb video_color_mask=\u00bbrgba(255,255,255,0.52)\u00bb video_opacity=\u00bb0&#8243; min_height=\u00bb450&#8243; sidebar=\u00bbsidebar-1&#8243;][vc_column width=\u00bb3\/4&#8243;][mk_fancy_title tag_name=\u00bbh3&#8243; color=\u00bb#ffffff\u00bb size=\u00bb50&#8243; line_height=\u00bb86&#8243; font_weight=\u00bbbold\u00bb margin_top=\u00bb100&#8243; margin_bottom=\u00bb0&#8243; font_family=\u00bbnone\u00bb align=\u00bbcenter\u00bb]VII Congreso Internacional de \u00c9tica, Ciencia y Educaci\u00f3n<\/p>\n<h2><span style=\"color: #ffffff;\">Congreso en modalidad presencial\u00a0<\/span><\/h2>\n[\/mk_fancy_title][mk_fancy_title color=\u00bb#ffffff\u00bb size=\u00bb23&#8243; margin_bottom=\u00bb30&#8243; font_family=\u00bbnone\u00bb drop_shadow=\u00bbtrue\u00bb]<span style=\"color: #99cc00;\"><span style=\"vertical-align: inherit;\"><span style=\"vertical-align: inherit;\">Lugar: <\/span><\/span><\/span><span lang=\"ES\" style=\"color: #ffffff;\">Santiago de Cali (Colombia) <\/span><\/p>\n<p><span style=\"color: #ffffff;\"><span style=\"color: #8ebc43;\">7 de octubre:<\/span> Instituci\u00f3n Universitaria Antonio Jos\u00e9 Camacho<\/span><\/p>\n<p><span style=\"color: #ffffff;\"><span style=\"color: #8ebc43;\">8 de octubre:<\/span> Fundaci\u00f3n Universitaria Cat\u00f3lica Lumen Gentium<\/span><\/p>\n<p><span style=\"color: #ffffff;\"><span style=\"color: #8ebc43;\">9 de octubre:<\/span> Pontificia Universidad Javeriana (Cali)<\/span>[\/mk_fancy_title][vc_row_inner][vc_column_inner width=\u00bb1\/3&#8243;][mk_button dimension=\u00bbflat\u00bb size=\u00bbmedium\u00bb url=\u00bbhttps:\/\/forms.gle\/TiXsf3Xzvpk22wAZ8&#8243; target=\u00bb_blank\u00bb align=\u00bbcenter\u00bb button_custom_width=\u00bb200&#8243; margin_top=\u00bb5&#8243; margin_bottom=\u00bb100&#8243; margin_right=\u00bb10&#8243; bg_color=\u00bb#8ebc43&#8243; btn_hover_bg=\u00bb#2f6535&#8243;]PREINSCRIPCI\u00d3N<br \/>\n[\/mk_button][\/vc_column_inner][vc_column_inner width=\u00bb1\/3&#8243;][mk_button dimension=\u00bbflat\u00bb size=\u00bbmedium\u00bb url=\u00bbhttps:\/\/forms.gle\/ib8kmSGuW3if6SQ77&#8243; target=\u00bb_blank\u00bb align=\u00bbcenter\u00bb button_custom_width=\u00bb200&#8243; margin_top=\u00bb5&#8243; margin_bottom=\u00bb100&#8243; margin_right=\u00bb10&#8243; bg_color=\u00bb#8ebc43&#8243; btn_hover_bg=\u00bb#2f6535&#8243;]ENV\u00cdO DE RES\u00daMENES<br \/>\n[\/mk_button][\/vc_column_inner][vc_column_inner width=\u00bb1\/3&#8243;][mk_button dimension=\u00bbflat\u00bb size=\u00bbmedium\u00bb url=\u00bbhttps:\/\/inis.com.co\/wp-content\/uploads\/2026\/02\/1.-PRESENTACION.-Congreso-Internacional-de-etica.pdf\u00bb target=\u00bb_blank\u00bb button_custom_width=\u00bb200&#8243; margin_top=\u00bb5&#8243; margin_bottom=\u00bb100&#8243; margin_right=\u00bb10&#8243; bg_color=\u00bb#8ebc43&#8243; btn_hover_bg=\u00bb#2f6535&#8243;]PRESENTACI\u00d3N[\/mk_button][\/vc_column_inner][\/vc_row_inner][\/vc_column][vc_column width=\u00bb1\/4&#8243;][\/vc_column][\/mk_page_section][mk_page_section bg_color=\u00bb#8ebc43&#8243; attachment=\u00bbfixed\u00bb bg_position=\u00bbcenter center\u00bb min_height=\u00bb0&#8243; sidebar=\u00bbsidebar-1&#8243;][vc_column][vc_row_inner][vc_column_inner width=\u00bb1\/2&#8243;][mk_fancy_title color=\u00bb#ffffff\u00bb size=\u00bb40&#8243; margin_top=\u00bb40&#8243; font_family=\u00bbnone\u00bb align=\u00bbcenter\u00bb el_class=\u00bbcolorstrong\u00bb]<strong>CADA D\u00cdA M\u00c1S CERCA<\/strong>[\/mk_fancy_title][\/vc_column_inner][vc_column_inner width=\u00bb1\/2&#8243;][ucaddon_clean_countdown date=\u00bb2026\/10\/6 12:00:00&#8243; days=\u00bbD\u00edas\u00bb hours=\u00bbHoras\u00bb minutes=\u00bbMinutos\u00bb seconds=\u00bbSegundos\u00bb][\/vc_column_inner][\/vc_row_inner][\/vc_column][\/mk_page_section][mk_page_section bg_position=\u00bbcenter center\u00bb bg_repeat=\u00bbno-repeat\u00bb video_color_mask=\u00bbrgba(255,255,255,0.52)\u00bb video_opacity=\u00bb0&#8243; min_height=\u00bb671&#8243; js_vertical_centered=\u00bbtrue\u00bb padding_top=\u00bb0&#8243; padding_bottom=\u00bb0&#8243; top_shape_color=\u00bb#ffffff\u00bb bottom_shape_color=\u00bb#ffffff\u00bb sidebar=\u00bbsidebar-1&#8243;][vc_column][mk_fancy_title color=\u00bb#3a3a3a\u00bb size=\u00bb54&#8243; line_height=\u00bb80&#8243; font_weight=\u00bbbold\u00bb margin_top=\u00bb100&#8243; margin_bottom=\u00bb10&#8243; font_family=\u00bbnone\u00bb align=\u00bbright\u00bb]\n<p style=\"text-align: center;\">Informaci\u00f3n General<\/p>\n[\/mk_fancy_title][vc_separator color=\u00bbcustom\u00bb border_width=\u00bb3&#8243; el_width=\u00bb10&#8243; accent_color=\u00bb#2f6535&#8243;][mk_fancy_title size=\u00bb16&#8243; margin_bottom=\u00bb0&#8243; font_family=\u00bbnone\u00bb align=\u00bbcenter\u00bb]\n<p style=\"text-align: center;\">Estas son las fechas para participar en el VII Congreso Internacional de \u00c9tica, Ciencia y Educaci\u00f3n.<\/p>\n<p style=\"text-align: center;\">.<\/p>\n<p style=\"text-align: center;\"><span style=\"color: #772786;\"><em><strong>La programaci\u00f3n final ser\u00e1 subida el 1 de Agosto<\/strong><\/em><\/span><\/p>\n[\/mk_fancy_title][vc_separator color=\u00bbcustom\u00bb border_width=\u00bb3&#8243; el_width=\u00bb10&#8243; accent_color=\u00bb#2f6535&#8243;][vc_row_inner][vc_column_inner][ucaddon_product_features_eight_bullets color=\u00bb#4a255f\u00bb image=\u00bb2084&#8243; title_one=\u00bbEnv\u00edo de res\u00famenes (ponencias, talleres, libros y conferencias)\u00bb title_two=\u00bbEvaluaci\u00f3n de res\u00famenes por el Comit\u00e9 Acad\u00e9mico\u00bb title_three=\u00bbNotificaci\u00f3n de resultados de res\u00famenes\u00bb title_four=\u00bb\u00bb title_five=\u00bbEnv\u00edo de propuestas para presentaci\u00f3n de libros\u00bb title_six=\u00bbEnv\u00edo de versiones finales ajustadas\u00bb title_seven=\u00bb\u00bb title_eight=\u00bb\u00bb description_one=\u00bbSGFzdGElMjBlbCUyMDMwJTIwZGUlMjBtYXlvJTIwZGUlMjAyMDI2&#8243; description_two=\u00bbMSUyMCVFMiU4MCU5MyUyMDE1JTIwZGUlMjBqdW5pbyUyMGRlJTIwMjAyNiUyMCUzQ2JyJTNFJTI4c2UlMjBwdWVkZSUyMGVudmlhciUyMGFudGVzJTI5&#8243; description_three=\u00bbMjAlMjBkZSUyMGp1bmlvJTIwZGUlMjAyMDI2&#8243; description_four=\u00bb\u00bb description_five=\u00bbSGFzdGElMjBlbCUyMDMwJTIwZGUlMjBqdWxpbyUyMGRlJTIwMjAyNg==\u00bb description_six=\u00bbJTI4cG9uZW5jaWFzJTJDJTIwdGFsbGVyZXMlMjB5JTIwcCVDMyVCM3N0ZXIlMjAlMjk=\u00bb description_seven=\u00bb\u00bb description_eight=\u00bb\u00bb icon_one=\u00bbfa fa-cloud-upload\u00bb icon_two=\u00bbfa fa-pencil-square-o\u00bb icon_three=\u00bbfa fa-tasks\u00bb icon_four=\u00bb\u00bb icon_five=\u00bbfa fa-book\u00bb icon_six=\u00bbfa fa-file-pdf-o\u00bb icon_seven=\u00bb\u00bb icon_eight=\u00bb\u00bb uc_fonts_data=\u00bbJTdCJTdE\u00bb][\/vc_column_inner][\/vc_row_inner][\/vc_column][\/mk_page_section][mk_page_section attachment=\u00bbfixed\u00bb bg_position=\u00bbcenter center\u00bb min_height=\u00bb0&#8243; padding_top=\u00bb20&#8243; sidebar=\u00bbsidebar-1&#8243;][vc_column width=\u00bb1\/3&#8243;][mk_button dimension=\u00bbflat\u00bb size=\u00bblarge\u00bb url=\u00bbhttps:\/\/inis.com.co\/index.php\/programa-congreso-internacional\/#inversion\u00bb align=\u00bbcenter\u00bb button_custom_width=\u00bb400&#8243; bg_color=\u00bb#8ebc43&#8243; btn_hover_bg=\u00bb#2f6535&#8243;]PAGOS [\/mk_button][\/vc_column][vc_column width=\u00bb1\/3&#8243;][mk_button dimension=\u00bbflat\u00bb size=\u00bblarge\u00bb url=\u00bbhttps:\/\/inis.com.co\/wp-content\/uploads\/2024\/08\/boletin-v-congreso-internacional-de-etica-ciencia-y-educacion-2-1.pdf\u00bb align=\u00bbcenter\u00bb button_custom_width=\u00bb400&#8243; bg_color=\u00bb#8ebc43&#8243; btn_hover_bg=\u00bb#2f6535&#8243;]COMITE ORGANIZADOR[\/mk_button][\/vc_column][vc_column width=\u00bb1\/3&#8243;][mk_button dimension=\u00bbflat\u00bb size=\u00bblarge\u00bb url=\u00bbhttps:\/\/inis.com.co\/wp-content\/uploads\/2024\/03\/presentacion-del-v-congreso-internacional-de-etica-ciencia-y-educacion-upb-2024.pdf\u00bb target=\u00bb_blank\u00bb align=\u00bbcenter\u00bb button_custom_width=\u00bb400&#8243; bg_color=\u00bb#8ebc43&#8243; btn_hover_bg=\u00bb#2f6535&#8243;]DESCARGAR PDF[\/mk_button][\/vc_column][\/mk_page_section][mk_page_section padding_top=\u00bb40&#8243; padding_bottom=\u00bb100&#8243; sidebar=\u00bbsidebar-1&#8243;][vc_column width=\u00bb1\/2&#8243;][mk_image src=\u00bbhttps:\/\/inis.com.co\/wp-content\/uploads\/2022\/03\/formas-de-participacion-congreso-de-etica.png\u00bb image_size=\u00bbfull\u00bb align=\u00bbcenter\u00bb margin_bottom=\u00bb-10&#8243;][\/vc_column][vc_column width=\u00bb1\/2&#8243;][mk_fancy_title color=\u00bb#3a3a3a\u00bb size=\u00bb74&#8243; line_height=\u00bb80&#8243; font_weight=\u00bbbold\u00bb margin_top=\u00bb100&#8243; margin_bottom=\u00bb10&#8243; font_family=\u00bbnone\u00bb align=\u00bbright\u00bb]\n<p style=\"text-align: right;\">Mesas<\/p>\n<p style=\"text-align: right;\">Tem\u00e1ticas<\/p>\n[\/mk_fancy_title][mk_fancy_title color=\u00bb#3a3a3a\u00bb size=\u00bb23&#8243; line_height=\u00bb150&#8243; margin_bottom=\u00bb0&#8243; font_family=\u00bbnone\u00bb]\n<p style=\"font-weight: 400;\">El VII Congreso Internacional de \u00c9tica, Ciencia y Educaci\u00f3n tendr\u00e1 como ejes tem\u00e1ticos:<\/p>\n<ul>\n<li>Conocimiento, investigaci\u00f3n y problemas sociales en Am\u00e9rica Latina y el Caribe.<\/li>\n<li><a name=\"_Toc219140575\"><\/a>Educaci\u00f3n, \u00e9tica y formaci\u00f3n de ciudadan\u00edas cr\u00edticas<\/li>\n<li><a name=\"_Toc219140576\"><\/a>\u00b7\u00c9tica ambiental, ciencia y sostenibilidad<\/li>\n<li><a name=\"_Toc219140577\"><\/a>\u00b7\u00c9tica, cultura digital y tecnolog\u00edas emergentes<\/li>\n<li><a name=\"_Toc219140578\"><\/a>\u00b7G\u00e9nero, ciencia y \u00e9tica: desaf\u00edos y transformaciones pendientes<\/li>\n<\/ul>\n[\/mk_fancy_title][mk_button dimension=\u00bboutline\u00bb size=\u00bbmedium\u00bb icon_anim=\u00bbside\u00bb url=\u00bbhttps:\/\/inis.com.co\/index.php\/presentacion-y-lineas-tematicas\/#lineatematica\u00bb align=\u00bbright\u00bb button_custom_width=\u00bb365&#8243; margin_top=\u00bb30&#8243; margin_bottom=\u00bb10&#8243; margin_right=\u00bb10&#8243; outline_skin=\u00bbcustom\u00bb outline_active_color=\u00bb#772786&#8243; outline_active_text_color=\u00bb#3a3a3a\u00bb outline_hover_bg_color=\u00bb#772786&#8243; outline_hover_color=\u00bb#ffffff\u00bb]M\u00c1S INFORMACI\u00d3N[\/mk_button][\/vc_column][\/mk_page_section][mk_page_section full_width=\u00bbtrue\u00bb sidebar=\u00bbsidebar-1&#8243;][vc_column][ucaddon_uc_material_video_teaser heading=\u00bbBienvenidos(as)\u00bb buy_now=\u00bb\u00bb image=\u00bb2527&#8243; primary_color=\u00bb#8ebc43&#8243; link=\u00bb\u00bb video_link=\u00bbhttps:\/\/youtu.be\/heQw9P3dW90&#8243; uc_fonts_data=\u00bbJTdCJTIyaGVhZGluZyUyMiUzQSU3QiUyMmZvbnQtd2VpZ2h0JTIyJTNBJTIyNTAwJTIyJTJDJTIyZm9udC1zaXplJTIyJTNBJTIyNDhweCUyMiUyQyUyMmNvbG9yJTIyJTNBJTIyJTIzM2EzYTNhJTIyJTdEJTJDJTIyY29udGVudCUyMiUzQSU3QiUyMmZvbnQtd2VpZ2h0JTIyJTNBJTIyNDAwJTIyJTJDJTIyZm9udC1zaXplJTIyJTNBJTIyNDRweCUyMiU3RCU3RA==\u00bb]QSUyMGxhJTIwY2FwaXRhbCUyMGRlbCUyMGNpZWxv[\/ucaddon_uc_material_video_teaser][\/vc_column][\/mk_page_section][mk_page_section][vc_column][mk_fancy_title color=\u00bb#3a3a3a\u00bb size=\u00bb54&#8243; font_weight=\u00bbbold\u00bb margin_top=\u00bb100&#8243; margin_bottom=\u00bb10&#8243; font_family=\u00bbnone\u00bb align=\u00bbcenter\u00bb]\n<p style=\"text-align: center;\">Organizadores<\/p>\n[\/mk_fancy_title][vc_separator color=\u00bbcustom\u00bb border_width=\u00bb3&#8243; el_width=\u00bb10&#8243; accent_color=\u00bb#2f6535&#8243;][vc_gallery type=\u00bbimage_grid\u00bb images=\u00bb2538&#8243; img_size=\u00bb852&#215;150&#8243; onclick=\u00bb\u00bb el_class=\u00bbdisplay: flex; justify-content: center\u00bb][vc_gallery type=\u00bbimage_grid\u00bb images=\u00bb1452,1450,2346,2425,1817,2429,2428,2427,2426,2424,2423,2422,2421,2420,2419,2418,2417,2416,2415,2414,2413,2412,2411,2410,2409,2408,2407,2406,2405,2404,2403,2402,2401,2400,2399,2398,2397,2396,2395,2394,2392,2391,2390,2389,2388,2387,2386,2385,2384,2383,2382,2381,2380,2379,2378,2377,2376,2375,2374,2373,2372,2371,2370,2369,2368,2367,2366,2365,2364,2363,2362,2361,2360,2359,2358,2357,2356,2355,2354,2353,2352,2351,2350,2349,2348,2347,2431,2538&#8243; onclick=\u00bb\u00bb][\/vc_column][\/mk_page_section][mk_page_section][vc_column offset=\u00bbvc_hidden-lg vc_hidden-md vc_hidden-sm vc_hidden-xs\u00bb][mk_fancy_title color=\u00bb#3a3a3a\u00bb size=\u00bb54&#8243; font_weight=\u00bbbold\u00bb margin_top=\u00bb10&#8243; margin_bottom=\u00bb10&#8243; font_family=\u00bbnone\u00bb align=\u00bbcenter\u00bb]\n<p style=\"text-align: center;\">Fichas Publicitarias<\/p>\n[\/mk_fancy_title][vc_separator color=\u00bbcustom\u00bb border_width=\u00bb3&#8243; el_width=\u00bb10&#8243; accent_color=\u00bb#2f6535&#8243;][vc_row_inner][vc_column_inner width=\u00bb1\/3&#8243;][mk_button dimension=\u00bbflat\u00bb size=\u00bblarge\u00bb icon=\u00bbmk-icon-file-pdf-o\u00bb url=\u00bbhttps:\/\/inis.com.co\/wp-content\/uploads\/2023\/09\/miercoles-27-de-sep23.pdf\u00bb align=\u00bbcenter\u00bb button_custom_width=\u00bb400&#8243; bg_color=\u00bb#772786&#8243; btn_hover_bg=\u00bb#0060c1&#8243;]Publicidad Mi\u00e9rcoles 27[\/mk_button][\/vc_column_inner][vc_column_inner width=\u00bb1\/3&#8243;][mk_button dimension=\u00bbflat\u00bb size=\u00bblarge\u00bb icon=\u00bbmk-icon-file-pdf-o\u00bb url=\u00bbhttps:\/\/inis.com.co\/wp-content\/uploads\/2023\/09\/jueves-28-de-sep23.pdf\u00bb align=\u00bbcenter\u00bb button_custom_width=\u00bb400&#8243; bg_color=\u00bb#772786&#8243; btn_hover_bg=\u00bb#0060c1&#8243;]Publicidad Jueves 28[\/mk_button][\/vc_column_inner][vc_column_inner width=\u00bb1\/3&#8243;][mk_button dimension=\u00bbflat\u00bb size=\u00bblarge\u00bb icon=\u00bbmk-icon-file-pdf-o\u00bb url=\u00bbhttps:\/\/inis.com.co\/wp-content\/uploads\/2023\/09\/viernes-29-de-sep23.pdf\u00bb align=\u00bbcenter\u00bb button_custom_width=\u00bb400&#8243; bg_color=\u00bb#772786&#8243; btn_hover_bg=\u00bb#0060c1&#8243;]Publicidad Viernes 29[\/mk_button][\/vc_column_inner][\/vc_row_inner][vc_empty_space height=\u00bb50px\u00bb][\/vc_column][\/mk_page_section][mk_page_section][vc_column][mk_fancy_title color=\u00bb#3a3a3a\u00bb size=\u00bb54&#8243; font_weight=\u00bbbold\u00bb margin_top=\u00bb10&#8243; margin_bottom=\u00bb10&#8243; font_family=\u00bbnone\u00bb align=\u00bbcenter\u00bb]\n<p style=\"text-align: center;\">Memorias<\/p>\n[\/mk_fancy_title][vc_separator color=\u00bbcustom\u00bb border_width=\u00bb3&#8243; el_width=\u00bb10&#8243; accent_color=\u00bb#2f6535&#8243;][vc_row_inner][vc_column_inner width=\u00bb1\/5&#8243;][mk_button dimension=\u00bbflat\u00bb size=\u00bblarge\u00bb url=\u00bbhttps:\/\/inis.com.co\/wp-content\/uploads\/2021\/10\/anuario-colombiano-de-etica-2020.-memorias-del-congreso-de-etica-.pdf\u00bb align=\u00bbcenter\u00bb button_custom_width=\u00bb400&#8243; bg_color=\u00bb#772786&#8243; btn_hover_bg=\u00bb#0060c1&#8243;]Congreso 2020[\/mk_button][\/vc_column_inner][vc_column_inner width=\u00bb1\/5&#8243;][mk_button dimension=\u00bbflat\u00bb size=\u00bblarge\u00bb url=\u00bbhttps:\/\/inis.com.co\/wp-content\/uploads\/2023\/05\/ace-2022.pdf\u00bb align=\u00bbcenter\u00bb button_custom_width=\u00bb400&#8243; bg_color=\u00bb#772786&#8243; btn_hover_bg=\u00bb#0060c1&#8243;]Congreso 2021[\/mk_button][\/vc_column_inner][vc_column_inner width=\u00bb1\/5&#8243;][mk_button dimension=\u00bbflat\u00bb size=\u00bblarge\u00bb url=\u00bbhttps:\/\/inis.com.co\/index.php\/memorias-2022\/\u00bb align=\u00bbcenter\u00bb button_custom_width=\u00bb400&#8243; bg_color=\u00bb#772786&#8243; btn_hover_bg=\u00bb#0060c1&#8243;]Congreso 2022[\/mk_button][\/vc_column_inner][vc_column_inner width=\u00bb1\/5&#8243;][mk_button dimension=\u00bbflat\u00bb size=\u00bblarge\u00bb url=\u00bbhttps:\/\/inis.com.co\/index.php\/memorias-2023\/\u00bb align=\u00bbcenter\u00bb button_custom_width=\u00bb400&#8243; bg_color=\u00bb#772786&#8243; btn_hover_bg=\u00bb#0060c1&#8243;]Congreso 2023[\/mk_button][\/vc_column_inner][vc_column_inner width=\u00bb1\/5&#8243;][mk_button dimension=\u00bbflat\u00bb size=\u00bblarge\u00bb url=\u00bbhttps:\/\/inis.com.co\/index.php\/memorias-2024\/\u00bb align=\u00bbcenter\u00bb button_custom_width=\u00bb400&#8243; bg_color=\u00bb#772786&#8243;]Congreso 2024[\/mk_button][\/vc_column_inner][\/vc_row_inner][vc_empty_space height=\u00bb50px\u00bb][\/vc_column][\/mk_page_section][mk_page_section full_width=\u00bbtrue\u00bb sidebar=\u00bbsidebar-1&#8243;][vc_column][ucaddon_uc_elegant_social_icons uc_items_data=\u00bbJTVCJTdCJTIydGl0bGUlMjIlM0ElMjJjb25ncmVzb2V0aWNhJTQwaW5pcy5jb20uY28lMjIlMkMlMjJob3Zlcl9jb2xvciUyMiUzQSUyMiUyMzNhM2EzYSUyMiUyQyUyMmJvcmRlcl9jb2xvciUyMiUzQSUyMiUyM2RiZGJkYiUyMiUyQyUyMnByaW1hcnlfY29sb3IlMjIlM0ElMjIlMjM0OTQ5NDklMjIlMkMlMjJpY29uJTIyJTNBJTIyZmElMjBmYS1lbnZlbG9wZSUyMiUyQyUyMmxpbmslMjIlM0ElMjIlMjIlMkMlMjJ0YWJfdW5pdGVfc2VsZWN0ZWRfdGV4dCUyMiUzQSUyMlllcyUyMiUyQyUyMnRhYiUyMiUzQSUyMl9ibGFuayUyMiU3RCUyQyU3QiUyMnRpdGxlJTIyJTNBJTIyJTQwY29uZ3Jlc29fZXRpY2ElMjIlMkMlMjJob3Zlcl9jb2xvciUyMiUzQSUyMiUyMzNhM2EzYSUyMiUyQyUyMmJvcmRlcl9jb2xvciUyMiUzQSUyMiUyM2RiZGJkYiUyMiUyQyUyMnByaW1hcnlfY29sb3IlMjIlM0ElMjIlMjM0OTQ5NDklMjIlMkMlMjJpY29uJTIyJTNBJTIyZmElMjBmYS10d2l0dGVyJTIyJTJDJTIybGluayUyMiUzQSUyMmh0dHBzJTNBJTJGJTJGdHdpdHRlci5jb20lMkZjb25ncmVzb19ldGljYSUyMiUyQyUyMnRhYiUyMiUzQSUyMl9ibGFuayUyMiU3RCUyQyU3QiUyMnRpdGxlJTIyJTNBJTIyQ29uZ3Jlc28lMjBkZSUyMCVDMyU4OXRpY2ElMjIlMkMlMjJob3Zlcl9jb2xvciUyMiUzQSUyMiUyMzNhM2EzYSUyMiUyQyUyMmJvcmRlcl9jb2xvciUyMiUzQSUyMiUyM2RiZGJkYiUyMiUyQyUyMnByaW1hcnlfY29sb3IlMjIlM0ElMjIlMjM0OTQ5NDklMjIlMkMlMjJpY29uJTIyJTNBJTIyZmElMjBmYS1mYWNlYm9vayUyMiUyQyUyMmxpbmslMjIlM0ElMjJodHRwcyUzQSUyRiUyRnd3dy5mYWNlYm9vay5jb20lMkZDb25ncmVzby1JbnRlcm5hY2lvbmFsLWRlLSUyNUMzJTI1ODl0aWNhLUNpZW5jaWEteS1FZHVjYWNpJTI1QzMlMjVCM24tMTAwOTQwODg4MTc2NDk0JTIyJTJDJTIydGFiJTIyJTNBJTIyX2JsYW5rJTIyJTdEJTJDJTdCJTIydGl0bGUlMjIlM0ElMjIlNDBjb25ncmVzb19ldGljYSUyMiUyQyUyMmhvdmVyX2NvbG9yJTIyJTNBJTIyJTIzM2EzYTNhJTIyJTJDJTIyYm9yZGVyX2NvbG9yJTIyJTNBJTIyJTIzZGJkYmRiJTIyJTJDJTIycHJpbWFyeV9jb2xvciUyMiUzQSUyMiUyMzQ5NDk0OSUyMiUyQyUyMmljb24lMjIlM0ElMjJmYSUyMGZhLWluc3RhZ3JhbSUyMiUyQyUyMmxpbmslMjIlM0ElMjJodHRwcyUzQSUyRiUyRnd3dy5pbnN0YWdyYW0uY29tJTJGY29uZ3Jlc29fZXRpY2ElMkYlMjIlMkMlMjJ0YWIlMjIlM0ElMjJfYmxhbmslMjIlN0QlNUQ=\u00bb uc_fonts_data=\u00bbJTdCJTdE\u00bb][\/vc_column][\/mk_page_section]\n","protected":false},"excerpt":{"rendered":"<p>[mk_page_section vertical_align=\u00bbtop\u00bb bg_image=\u00bbhttps:\/\/inis.com.co\/wp-content\/uploads\/2026\/01\/bannerVIIMontaje.png\u00bb bg_color=\u00bb#ffffff\u00bb bg_position=\u00bbcenter center\u00bb bg_repeat=\u00bbno-repeat\u00bb bg_stretch=\u00bbtrue\u00bb video_color_mask=\u00bbrgba(255,255,255,0.52)\u00bb video_opacity=\u00bb0&#8243; min_height=\u00bb450&#8243; sidebar=\u00bbsidebar-1&#8243;][vc_column width=\u00bb3\/4&#8243;][mk_fancy_title tag_name=\u00bbh3&#8243; color=\u00bb#ffffff\u00bb size=\u00bb50&#8243; line_height=\u00bb86&#8243; font_weight=\u00bbbold\u00bb margin_top=\u00bb100&#8243; margin_bottom=\u00bb0&#8243; font_family=\u00bbnone\u00bb align=\u00bbcenter\u00bb]VII Congreso Internacional de \u00c9tica, Ciencia y Educaci\u00f3n Congreso en modalidad presencial\u00a0 [\/mk_fancy_title][mk_fancy_title color=\u00bb#ffffff\u00bb size=\u00bb23&#8243; margin_bottom=\u00bb30&#8243; font_family=\u00bbnone\u00bb drop_shadow=\u00bbtrue\u00bb]Lugar: Santiago de Cali (Colombia) 7 de octubre: Instituci\u00f3n Universitaria Antonio Jos\u00e9 Camacho 8 de octubre: Fundaci\u00f3n [&hellip;]<\/p>\n","protected":false},"author":1,"featured_media":0,"parent":0,"menu_order":0,"comment_status":"closed","ping_status":"closed","template":"","meta":[],"_links":{"self":[{"href":"https:\/\/inis.com.co\/index.php\/wp-json\/wp\/v2\/pages\/117"}],"collection":[{"href":"https:\/\/inis.com.co\/index.php\/wp-json\/wp\/v2\/pages"}],"about":[{"href":"https:\/\/inis.com.co\/index.php\/wp-json\/wp\/v2\/types\/page"}],"author":[{"embeddable":true,"href":"https:\/\/inis.com.co\/index.php\/wp-json\/wp\/v2\/users\/1"}],"replies":[{"embeddable":true,"href":"https:\/\/inis.com.co\/index.php\/wp-json\/wp\/v2\/comments?post=117"}],"version-history":[{"count":475,"href":"https:\/\/inis.com.co\/index.php\/wp-json\/wp\/v2\/pages\/117\/revisions"}],"predecessor-version":[{"id":2576,"href":"https:\/\/inis.com.co\/index.php\/wp-json\/wp\/v2\/pages\/117\/revisions\/2576"}],"wp:attachment":[{"href":"https:\/\/inis.com.co\/index.php\/wp-json\/wp\/v2\/media?parent=117"}],"curies":[{"name":"wp","href":"https:\/\/api.w.org\/{rel}","templated":true}]}}