{"id":107,"date":"2021-03-11T19:43:52","date_gmt":"2021-03-11T19:43:52","guid":{"rendered":"https:\/\/inis.com.co\/?page_id=107"},"modified":"2023-07-24T23:56:01","modified_gmt":"2023-07-24T23:56:01","slug":"diplomado-en-gestion-etica-de-las-organizaciones","status":"publish","type":"page","link":"https:\/\/inis.com.co\/index.php\/diplomado-en-gestion-etica-de-las-organizaciones\/","title":{"rendered":"Diplomado en gesti\u00f3n \u00e9tica de las organizaciones"},"content":{"rendered":"[mk_page_section bg_image=\u00bbhttps:\/\/inis.com.co\/wp-content\/uploads\/2021\/03\/Quienes-somos-banner.jpg\u00bb bg_position=\u00bbcenter center\u00bb sidebar=\u00bbsidebar-1&#8243;][vc_column][mk_fancy_title color=\u00bb#ffffff\u00bb size=\u00bb30&#8243; font_weight=\u00bbbold\u00bb margin_top=\u00bb10&#8243; margin_bottom=\u00bb10&#8243; font_family=\u00bbnone\u00bb align=\u00bbcenter\u00bb]Diplomado en gesti\u00f3n \u00e9tica de las organizaciones[\/mk_fancy_title][\/vc_column][\/mk_page_section][mk_page_section][vc_column][mk_padding_divider size=\u00bb30&#8243;][vc_column_text align=\u00bbcenter\u00bb]\n<div class=\"page\" style=\"font-size: 20px;\" title=\"Page 2\"><strong>Objetivo:<\/strong> Ofrecer las bases conceptuales y las herramientas metodol\u00f3gicas que faciliten la<br \/>\nimplementaci\u00f3n de procesos de gesti\u00f3n \u00e9tica en las organizaciones.<\/div>\n[\/vc_column_text][mk_button dimension=\u00bbflat\u00bb size=\u00bbmedium\u00bb url=\u00bbhttps:\/\/inis.com.co\/wp-content\/uploads\/2021\/03\/DIPLOMADO-GESTION-ETICA-EN-LAS-ORGANIZACIONES-1-convertido.pdf\u00bb target=\u00bb_blank\u00bb align=\u00bbcenter\u00bb margin_top=\u00bb20&#8243; margin_bottom=\u00bb20&#8243; bg_color=\u00bb#0094c3&#8243; btn_hover_txt_color=\u00bb#ffffff\u00bb]Ver detalles[\/mk_button][mk_padding_divider size=\u00bb30&#8243;][\/vc_column][\/mk_page_section][mk_page_section][vc_column width=\u00bb1\/2&#8243;][mk_image src=\u00bbhttps:\/\/inis.com.co\/wp-content\/uploads\/2021\/03\/Organizaciones-interno.jpg\u00bb image_size=\u00bbfull\u00bb][mk_divider style=\u00bbthick_solid\u00bb border_color=\u00bb#004477&#8243;][vc_column_text]\n<div class=\"page\" style=\"font-size: 15px;\" title=\"Page 2\">\n<div class=\"layoutArea\">\n<div class=\"column\">\n<ul>\n<li><strong>Ofrece:<\/strong> Instituto Nacional de Investigaci\u00f3n e Innovaci\u00f3n Social<\/li>\n<li><strong>L\u00ednea de Investigaci\u00f3n:<\/strong> Did\u00e1ctica de la Filosof\u00eda<\/li>\n<li><strong>Grupo de Investigaci\u00f3n:<\/strong> Filosof\u00eda, \u00e9tica y educaci\u00f3n (Categor\u00eda C \u2014Minciencias)<\/li>\n<li><strong>Modalidad:<\/strong> Virtual\/Educaci\u00f3n contin\u00faa<\/li>\n<li><strong>Intensidad horaria:<\/strong> 160 horas<\/li>\n<li><strong>Fecha de inicio:<\/strong>\u00a0Permanente<\/li>\n<li><strong>Contacto:<\/strong> innovacion@inis.com.co<\/li>\n<\/ul>\n<\/div>\n<\/div>\n<\/div>\n[\/vc_column_text][\/vc_column][vc_column width=\u00bb1\/2&#8243; css=\u00bb.vc_custom_1615918216634{padding-top: 20px !important;padding-right: 20px !important;padding-bottom: 20px !important;padding-left: 20px !important;background-color: #004477 !important;border-radius: 5px !important;}\u00bb][mk_fancy_title color=\u00bb#ffffff\u00bb size=\u00bb34&#8243; font_family=\u00bbnone\u00bb align=\u00bbcenter\u00bb]Quiero inscribirme&#8230;[\/mk_fancy_title][mk_fancy_title color=\u00bb#ffffff\u00bb font_family=\u00bbnone\u00bb align=\u00bbcenter\u00bb]Si este es el curso adecuado para ti no dudes en hacer una preinscripci\u00f3n, recuerda que son pocos cupos y debes hacer el proceso de inscripci\u00f3n antes de la fecha de inicio.[\/mk_fancy_title][mk_button dimension=\u00bboutline\u00bb size=\u00bbmedium\u00bb url=\u00bbhttps:\/\/forms.gle\/LVg1SE2SM2eaUnab9&#8243; target=\u00bb_blank\u00bb align=\u00bbcenter\u00bb margin_top=\u00bb20&#8243; margin_bottom=\u00bb20&#8243; outline_skin=\u00bblight\u00bb]Inscr\u00edbete aqui[\/mk_button][\/vc_column][\/mk_page_section][mk_page_section][vc_column][mk_divider style=\u00bbthick_solid\u00bb border_color=\u00bb#004477&#8243;][vc_column_text]\n<div class=\"page\" title=\"Page 2\">\n<p><span style=\"font-size: 20px;\"><b>Presentaci\u00f3n:<\/b><\/span><\/p>\n<div class=\"page\" title=\"Page 2\">\n<div class=\"layoutArea\">\n<div class=\"column\">\n<p align=\"justify\">El diplomado de gesti\u00f3n \u00e9tica en las organizaciones tiene como prop\u00f3sito aportar herramientas te\u00f3ricas y metodol\u00f3gicas para implementar acciones que mejoren la gesti\u00f3n \u00e9tica dentro del contexto organizacional. De ah\u00ed que el diplomado este dirigido a investigadores, consultores o profesionales de las \u00e1reas administrativas, de planeaci\u00f3n, talento humano, control interno y sistema de gesti\u00f3n de calidad que deseen liderar acciones que fortalezcan la aplicaci\u00f3n de los principios y valores, que deben caracterizar a las organizaciones privadas o p\u00fablicas en el marco de una sociedad democr\u00e1tica.<\/p>\n<\/div>\n<\/div>\n<\/div>\n<\/div>\n[\/vc_column_text][mk_divider style=\u00bbthick_solid\u00bb border_color=\u00bb#004477&#8243;][vc_column_text]\n<div class=\"page\" title=\"Page 2\">\n<p><span style=\"font-size: 20px;\"><b>Inversi\u00f3n:<\/b><\/span><\/p>\n<div class=\"page\" title=\"Page 2\">\n<div class=\"layoutArea\">\n<div class=\"column\">\n<div class=\"page\" title=\"Page 6\">\n<div class=\"section\">\n<div class=\"layoutArea\">\n<div class=\"column\">\n<p><strong>Profesores(as) de universidades nacionales e internacionales,<\/strong><br \/>\n<strong>secretarios de educaci\u00f3n y personal administrativo del sector<\/strong><br \/>\n<strong>educaci\u00f3n:<\/strong> $1.000.000<\/p>\n<p><strong>Estudiantes de pregrado:<\/strong> $700.000<\/p>\n<p><strong>Estudiantes de Posgrados:<\/strong> $900.000<\/p>\n<p><strong>Grupo de 5 estudiantes de una misma organizaci\u00f3n:<\/strong> 700.000<\/p>\n<\/div>\n<\/div>\n<\/div>\n<\/div>\n<\/div>\n<\/div>\n<\/div>\n<\/div>\n[\/vc_column_text][\/vc_column][\/mk_page_section]\n","protected":false},"excerpt":{"rendered":"<p>[mk_page_section bg_image=\u00bbhttps:\/\/inis.com.co\/wp-content\/uploads\/2021\/03\/Quienes-somos-banner.jpg\u00bb bg_position=\u00bbcenter center\u00bb sidebar=\u00bbsidebar-1&#8243;][vc_column][mk_fancy_title color=\u00bb#ffffff\u00bb size=\u00bb30&#8243; font_weight=\u00bbbold\u00bb margin_top=\u00bb10&#8243; margin_bottom=\u00bb10&#8243; font_family=\u00bbnone\u00bb align=\u00bbcenter\u00bb]Diplomado en gesti\u00f3n \u00e9tica de las organizaciones[\/mk_fancy_title][\/vc_column][\/mk_page_section][mk_page_section][vc_column][mk_padding_divider size=\u00bb30&#8243;][vc_column_text align=\u00bbcenter\u00bb] Objetivo: Ofrecer las bases conceptuales y las herramientas metodol\u00f3gicas que faciliten la implementaci\u00f3n de procesos de gesti\u00f3n \u00e9tica en las organizaciones. [\/vc_column_text][mk_button dimension=\u00bbflat\u00bb size=\u00bbmedium\u00bb url=\u00bbhttps:\/\/inis.com.co\/wp-content\/uploads\/2021\/03\/DIPLOMADO-GESTION-ETICA-EN-LAS-ORGANIZACIONES-1-convertido.pdf\u00bb target=\u00bb_blank\u00bb align=\u00bbcenter\u00bb margin_top=\u00bb20&#8243; margin_bottom=\u00bb20&#8243; bg_color=\u00bb#0094c3&#8243; btn_hover_txt_color=\u00bb#ffffff\u00bb]Ver detalles[\/mk_button][mk_padding_divider size=\u00bb30&#8243;][\/vc_column][\/mk_page_section][mk_page_section][vc_column width=\u00bb1\/2&#8243;][mk_image src=\u00bbhttps:\/\/inis.com.co\/wp-content\/uploads\/2021\/03\/Organizaciones-interno.jpg\u00bb [&hellip;]<\/p>\n","protected":false},"author":1,"featured_media":0,"parent":0,"menu_order":0,"comment_status":"closed","ping_status":"closed","template":"","meta":[],"_links":{"self":[{"href":"https:\/\/inis.com.co\/index.php\/wp-json\/wp\/v2\/pages\/107"}],"collection":[{"href":"https:\/\/inis.com.co\/index.php\/wp-json\/wp\/v2\/pages"}],"about":[{"href":"https:\/\/inis.com.co\/index.php\/wp-json\/wp\/v2\/types\/page"}],"author":[{"embeddable":true,"href":"https:\/\/inis.com.co\/index.php\/wp-json\/wp\/v2\/users\/1"}],"replies":[{"embeddable":true,"href":"https:\/\/inis.com.co\/index.php\/wp-json\/wp\/v2\/comments?post=107"}],"version-history":[{"count":10,"href":"https:\/\/inis.com.co\/index.php\/wp-json\/wp\/v2\/pages\/107\/revisions"}],"predecessor-version":[{"id":2121,"href":"https:\/\/inis.com.co\/index.php\/wp-json\/wp\/v2\/pages\/107\/revisions\/2121"}],"wp:attachment":[{"href":"https:\/\/inis.com.co\/index.php\/wp-json\/wp\/v2\/media?parent=107"}],"curies":[{"name":"wp","href":"https:\/\/api.w.org\/{rel}","templated":true}]}}