{"id":105,"date":"2021-03-11T19:43:24","date_gmt":"2021-03-11T19:43:24","guid":{"rendered":"https:\/\/inis.com.co\/?page_id=105"},"modified":"2023-07-24T23:57:36","modified_gmt":"2023-07-24T23:57:36","slug":"diplomado-en-educacion-para-la-paz","status":"publish","type":"page","link":"https:\/\/inis.com.co\/index.php\/diplomado-en-educacion-para-la-paz\/","title":{"rendered":"Diplomado en Educaci\u00f3n para la paz"},"content":{"rendered":"[mk_page_section bg_image=\u00bbhttps:\/\/inis.com.co\/wp-content\/uploads\/2021\/03\/Quienes-somos-banner.jpg\u00bb bg_position=\u00bbcenter center\u00bb sidebar=\u00bbsidebar-1&#8243;][vc_column][mk_fancy_title color=\u00bb#ffffff\u00bb size=\u00bb30&#8243; font_weight=\u00bbbold\u00bb margin_top=\u00bb10&#8243; margin_bottom=\u00bb10&#8243; font_family=\u00bbnone\u00bb align=\u00bbcenter\u00bb]Diplomado en Educaci\u00f3n para la paz[\/mk_fancy_title][\/vc_column][\/mk_page_section][mk_page_section][vc_column][mk_padding_divider size=\u00bb30&#8243;][vc_column_text align=\u00bbcenter\u00bb]\n<div class=\"page\" style=\"font-size: 20px;\" title=\"Page 2\"><strong>Objetivo:<\/strong> Fortalecer herramientas conceptuales y metodol\u00f3gicas para cualificar a maestros, l\u00edderes sociales y<br \/>\ncomunitarios en la tarea de educar a los colombianos en una cultura de paz desde tres aspectos fundamentales: a) la educaci\u00f3n del pensamiento del cuidado y la responsabilidad; b) la educaci\u00f3n de la sensibilidad moral y pol\u00edtica; y, c) la construcci\u00f3n escenarios que garanticen el pleno disfrute de los<br \/>\nderechos humanos.<\/div>\n[\/vc_column_text][mk_button dimension=\u00bbflat\u00bb size=\u00bbmedium\u00bb url=\u00bbhttps:\/\/inis.com.co\/wp-content\/uploads\/2021\/05\/Diplomado-Educacio\u0301n-para-la-Paz.pdf\u00bb target=\u00bb_blank\u00bb align=\u00bbcenter\u00bb margin_top=\u00bb20&#8243; margin_bottom=\u00bb20&#8243; bg_color=\u00bb#0094c3&#8243; btn_hover_txt_color=\u00bb#ffffff\u00bb]Ver detalles[\/mk_button][mk_padding_divider size=\u00bb30&#8243;][\/vc_column][\/mk_page_section][mk_page_section][vc_column width=\u00bb1\/2&#8243;][mk_image src=\u00bbhttps:\/\/inis.com.co\/wp-content\/uploads\/2021\/03\/Diplomado-paz.jpg\u00bb image_size=\u00bbfull\u00bb][mk_divider style=\u00bbthick_solid\u00bb border_color=\u00bb#004477&#8243;][vc_column_text]\n<div class=\"page\" style=\"font-size: 15px;\" title=\"Page 2\">\n<div class=\"layoutArea\">\n<div class=\"column\">\n<ul>\n<li><strong>Ofrece:<\/strong> Instituto Nacional de Investigaci\u00f3n e Innovaci\u00f3n Social<\/li>\n<li><strong>L\u00ednea de Investigaci\u00f3n:<\/strong> Did\u00e1ctica de la Filosof\u00eda<\/li>\n<li><strong>Grupo de Investigaci\u00f3n:<\/strong> Filosof\u00eda, \u00e9tica y educaci\u00f3n (Categor\u00eda C \u2014Minciencias)<\/li>\n<li><strong>Modalidad:<\/strong> Virtual\/Educaci\u00f3n contin\u00faa<\/li>\n<li><strong>Intensidad horaria:<\/strong> 160 horas<\/li>\n<li><strong>Fecha de inicio:<\/strong>\u00a0Permanente<\/li>\n<li><strong>Contacto:<\/strong> innovacion@inis.com.co<\/li>\n<\/ul>\n<\/div>\n<\/div>\n<\/div>\n[\/vc_column_text][\/vc_column][vc_column width=\u00bb1\/2&#8243; css=\u00bb.vc_custom_1615918216634{padding-top: 20px !important;padding-right: 20px !important;padding-bottom: 20px !important;padding-left: 20px !important;background-color: #004477 !important;border-radius: 5px !important;}\u00bb][mk_fancy_title color=\u00bb#ffffff\u00bb size=\u00bb34&#8243; font_family=\u00bbnone\u00bb align=\u00bbcenter\u00bb]Quiero inscribirme&#8230;[\/mk_fancy_title][mk_fancy_title color=\u00bb#ffffff\u00bb font_family=\u00bbnone\u00bb align=\u00bbcenter\u00bb]Si este es el curso adecuado para ti no dudes en hacer una preinscripci\u00f3n, recuerda que son pocos cupos y debes hacer el proceso de inscripci\u00f3n antes de la fecha de inicio.[\/mk_fancy_title][mk_button dimension=\u00bboutline\u00bb size=\u00bbmedium\u00bb url=\u00bbhttps:\/\/forms.gle\/LVg1SE2SM2eaUnab9&#8243; target=\u00bb_blank\u00bb align=\u00bbcenter\u00bb margin_top=\u00bb20&#8243; margin_bottom=\u00bb20&#8243; outline_skin=\u00bblight\u00bb]Inscr\u00edbete aqui[\/mk_button][\/vc_column][\/mk_page_section][mk_page_section][vc_column][mk_divider style=\u00bbthick_solid\u00bb border_color=\u00bb#004477&#8243;][vc_column_text]\n<div class=\"page\" title=\"Page 2\">\n<p><span style=\"font-size: 20px; text-align: justify;\"><b>Presentaci\u00f3n:<\/b><\/span><\/p>\n<div class=\"page\" title=\"Page 2\">\n<div class=\"layoutArea\">\n<div class=\"column\">\n<p align=\"justify\">Cuando se habla de educaci\u00f3n para la paz algunos pueden preguntarse a qu\u00e9 tipo de educaci\u00f3n se refiere y cu\u00e1l es la idea de paz que est\u00e1 a la base de esta educaci\u00f3n. Aparentemente, nuestra sociedad ha sido educada por generaciones, para formar ciudadanos de paz y bien. Por eso, cuando se plantea una propuesta que expl\u00edcitamente ofrece educar para la paz, las preguntas que surgen son: \u00bfY no fuimos educados para la paz? \u00bfNo estamos educando para la paz? Probablemente no. Nuestra cultura as\u00ed lo evidencia a trav\u00e9s de pr\u00e1cticas y discursos que justifican la violencia como una manera de resolver nuestros conflictos, negando, por tanto, la acci\u00f3n educativa y nuestra capacidad de di\u00e1logo. Hemos naturalizado socialmente categor\u00edas como la guerra justa, violencia como respuesta a los enemigos del Estado, acciones violentas preventivas, violencia liberadora,etc.<\/p>\n<p align=\"justify\">Esto exige, por tanto, como educadores y ciudadanos, una reflexi\u00f3n cr\u00edtica, de la mano de acciones educativas claras. Entre ellas est\u00e1, la educaci\u00f3n para la paz.<\/p>\n<\/div>\n<\/div>\n<\/div>\n<\/div>\n[\/vc_column_text][mk_divider style=\u00bbthick_solid\u00bb border_color=\u00bb#004477&#8243;][vc_column_text]\n<div class=\"page\" title=\"Page 2\">\n<p><span style=\"font-size: 20px;\"><b>Inversi\u00f3n:<\/b><\/span><\/p>\n<div class=\"page\" title=\"Page 2\">\n<div class=\"layoutArea\">\n<div class=\"column\">\n<div class=\"page\" title=\"Page 6\">\n<div class=\"section\">\n<div class=\"layoutArea\">\n<div class=\"column\">\n<p><strong>Profesores(as) de universidades nacionales e internacionales, secretarios de educaci\u00f3n y\u00a0personal administrativo del sector educaci\u00f3n:<\/strong> $1.000.000<\/p>\n<p><strong>Estudiantes de pregrado:<\/strong> $700.000<\/p>\n<p><strong>Estudiantes de posgrados:<\/strong> $900.000<\/p>\n<p><strong>Profesores(as) de la Red Nacional de profesores \u00e9tica<\/strong>: $700.000<\/p>\n<\/div>\n<\/div>\n<\/div>\n<\/div>\n<\/div>\n<\/div>\n<\/div>\n<\/div>\n[\/vc_column_text][\/vc_column][\/mk_page_section]\n","protected":false},"excerpt":{"rendered":"<p>[mk_page_section bg_image=\u00bbhttps:\/\/inis.com.co\/wp-content\/uploads\/2021\/03\/Quienes-somos-banner.jpg\u00bb bg_position=\u00bbcenter center\u00bb sidebar=\u00bbsidebar-1&#8243;][vc_column][mk_fancy_title color=\u00bb#ffffff\u00bb size=\u00bb30&#8243; font_weight=\u00bbbold\u00bb margin_top=\u00bb10&#8243; margin_bottom=\u00bb10&#8243; font_family=\u00bbnone\u00bb align=\u00bbcenter\u00bb]Diplomado en Educaci\u00f3n para la paz[\/mk_fancy_title][\/vc_column][\/mk_page_section][mk_page_section][vc_column][mk_padding_divider size=\u00bb30&#8243;][vc_column_text align=\u00bbcenter\u00bb] Objetivo: Fortalecer herramientas conceptuales y metodol\u00f3gicas para cualificar a maestros, l\u00edderes sociales y comunitarios en la tarea de educar a los colombianos en una cultura de paz desde tres aspectos fundamentales: a) la educaci\u00f3n del pensamiento [&hellip;]<\/p>\n","protected":false},"author":1,"featured_media":0,"parent":0,"menu_order":0,"comment_status":"closed","ping_status":"closed","template":"","meta":[],"_links":{"self":[{"href":"https:\/\/inis.com.co\/index.php\/wp-json\/wp\/v2\/pages\/105"}],"collection":[{"href":"https:\/\/inis.com.co\/index.php\/wp-json\/wp\/v2\/pages"}],"about":[{"href":"https:\/\/inis.com.co\/index.php\/wp-json\/wp\/v2\/types\/page"}],"author":[{"embeddable":true,"href":"https:\/\/inis.com.co\/index.php\/wp-json\/wp\/v2\/users\/1"}],"replies":[{"embeddable":true,"href":"https:\/\/inis.com.co\/index.php\/wp-json\/wp\/v2\/comments?post=105"}],"version-history":[{"count":12,"href":"https:\/\/inis.com.co\/index.php\/wp-json\/wp\/v2\/pages\/105\/revisions"}],"predecessor-version":[{"id":2123,"href":"https:\/\/inis.com.co\/index.php\/wp-json\/wp\/v2\/pages\/105\/revisions\/2123"}],"wp:attachment":[{"href":"https:\/\/inis.com.co\/index.php\/wp-json\/wp\/v2\/media?parent=105"}],"curies":[{"name":"wp","href":"https:\/\/api.w.org\/{rel}","templated":true}]}}