{"id":103,"date":"2021-03-11T19:42:57","date_gmt":"2021-03-11T19:42:57","guid":{"rendered":"https:\/\/inis.com.co\/?page_id=103"},"modified":"2023-07-24T23:54:08","modified_gmt":"2023-07-24T23:54:08","slug":"curso-comite-etica-en-colombia","status":"publish","type":"page","link":"https:\/\/inis.com.co\/index.php\/curso-comite-etica-en-colombia\/","title":{"rendered":"Curso comit\u00e9s de \u00e9tica en Colombia."},"content":{"rendered":"[mk_page_section bg_image=\u00bbhttps:\/\/inis.com.co\/wp-content\/uploads\/2021\/03\/Quienes-somos-banner.jpg\u00bb bg_position=\u00bbcenter center\u00bb sidebar=\u00bbsidebar-1&#8243;][vc_column][mk_fancy_title color=\u00bb#ffffff\u00bb size=\u00bb30&#8243; font_weight=\u00bbbold\u00bb margin_top=\u00bb10&#8243; margin_bottom=\u00bb10&#8243; font_family=\u00bbnone\u00bb align=\u00bbcenter\u00bb]Curso comit\u00e9s de \u00e9tica en Colombia.[\/mk_fancy_title][\/vc_column][\/mk_page_section][mk_page_section][vc_column][mk_padding_divider size=\u00bb30&#8243;][vc_column_text align=\u00bbcenter\u00bb]\n<div class=\"page\" style=\"font-size: 20px;\" title=\"Page 2\"><strong>Objetivo: <\/strong>Fortalecer capacidades \u00e9ticas para la reflexi\u00f3n, an\u00e1lisis, evaluaci\u00f3n y toma de decisiones en el \u00e1mbito de los comit\u00e9s de \u00e9tica, bio\u00e9tica e integridad cient\u00edfica que permita identificar los l\u00edmites y alcances morales del que hacer cient\u00edfico en los distintos campos del saber, as\u00ed como desarrollar criterios para la evaluaci\u00f3n, arbitraje y seguimiento a los proyectos de investigaci\u00f3n en el contexto del sistema de educaci\u00f3n superior colombiano.<\/div>\n[\/vc_column_text][mk_button dimension=\u00bbflat\u00bb size=\u00bbmedium\u00bb url=\u00bbhttps:\/\/inis.com.co\/wp-content\/uploads\/2021\/05\/Curso-Comite\u0301s-de-e\u0301tica.-.pdf\u00bb target=\u00bb_blank\u00bb align=\u00bbcenter\u00bb margin_top=\u00bb20&#8243; margin_bottom=\u00bb20&#8243; bg_color=\u00bb#0094c3&#8243; btn_hover_txt_color=\u00bb#ffffff\u00bb]Ver detalles[\/mk_button][mk_padding_divider size=\u00bb30&#8243;][\/vc_column][\/mk_page_section][mk_page_section][vc_column width=\u00bb1\/2&#8243;][mk_image src=\u00bbhttps:\/\/inis.com.co\/wp-content\/uploads\/2021\/03\/Etica-colombia-interna.jpg\u00bb image_size=\u00bbfull\u00bb][mk_divider style=\u00bbthick_solid\u00bb border_color=\u00bb#004477&#8243;][vc_column_text]\n<div class=\"page\" style=\"font-size: 15px;\" title=\"Page 2\">\n<div class=\"layoutArea\">\n<div class=\"column\">\n<ul>\n<li><strong>Ofrece:<\/strong> Instituto Nacional de Investigaci\u00f3n e Innovaci\u00f3n Social<\/li>\n<li><strong>L\u00ednea de Investigaci\u00f3n:<\/strong> Did\u00e1ctica de la Filosof\u00eda<\/li>\n<li><strong>Grupo de Investigaci\u00f3n:<\/strong> Filosof\u00eda, \u00e9tica y educaci\u00f3n (Categor\u00eda C \u2014Minciencias)<\/li>\n<li><strong>Modalidad:<\/strong> Virtual\/Educaci\u00f3n contin\u00faa<\/li>\n<li><strong>Intensidad horaria:<\/strong> 40 horas<\/li>\n<li><strong>Fecha de inicio:<\/strong>\u00a0Permanente<\/li>\n<li><strong>Contacto:<\/strong> innovacion@inis.com.co<\/li>\n<\/ul>\n<\/div>\n<\/div>\n<\/div>\n[\/vc_column_text][\/vc_column][vc_column width=\u00bb1\/2&#8243; css=\u00bb.vc_custom_1615918216634{padding-top: 20px !important;padding-right: 20px !important;padding-bottom: 20px !important;padding-left: 20px !important;background-color: #004477 !important;border-radius: 5px !important;}\u00bb][mk_fancy_title color=\u00bb#ffffff\u00bb size=\u00bb34&#8243; font_family=\u00bbnone\u00bb align=\u00bbcenter\u00bb]Quiero inscribirme&#8230;[\/mk_fancy_title][mk_fancy_title color=\u00bb#ffffff\u00bb font_family=\u00bbnone\u00bb align=\u00bbcenter\u00bb]Si este es el curso adecuado para ti no dudes en hacer una preinscripci\u00f3n, recuerda que son pocos cupos y debes hacer el proceso de inscripci\u00f3n antes de la fecha de inicio.[\/mk_fancy_title][mk_button dimension=\u00bboutline\u00bb size=\u00bbmedium\u00bb url=\u00bbhttps:\/\/forms.gle\/LVg1SE2SM2eaUnab9&#8243; target=\u00bb_blank\u00bb align=\u00bbcenter\u00bb margin_top=\u00bb20&#8243; margin_bottom=\u00bb20&#8243; outline_skin=\u00bblight\u00bb]Inscr\u00edbete aqui[\/mk_button][\/vc_column][\/mk_page_section][mk_page_section][vc_column][mk_divider style=\u00bbthick_solid\u00bb border_color=\u00bb#004477&#8243;][vc_column_text]\n<div class=\"page\" title=\"Page 2\">\n<p><span style=\"font-size: 20px;\"><b>Presentaci\u00f3n:<\/b><\/span><\/p>\n<div class=\"page\" title=\"Page 2\">\n<div class=\"layoutArea\">\n<div class=\"column\">\n<p align=\"justify\">Con el desarrollo de la pol\u00edtica nacional sobre \u00e9tica de la investigaci\u00f3n, bio\u00e9tica e integridad cient\u00edfica (2018), los asuntos \u00e9ticos y los alcances morales de la ciencia en Colombia, se configur\u00f3 un horizonte normativo para avanzar en la comprensi\u00f3n de los l\u00edmites, alcances y oportunidades de la pr\u00e1ctica investigativa. Tambi\u00e9n la crisis sanitaria generada por la COVID-19 coloc\u00f3 en evidencia la urgente necesidad de fortalecer los comit\u00e9s de \u00e9tica en las distintas instituciones, esto como base fundamental para la toma de decisiones que tienen a la base asuntos de orden cient\u00edfico. Si bien en Colombia los comit\u00e9s de \u00e9tica han tenido un mayor desarrollo en las ciencias biom\u00e9dicas, hoy son una necesidad en las distintas \u00e1reas del conocimiento, ya que, en \u00faltimas, est\u00e1 en juego es el sentido \u00e9tico de la ciencia. Ello implica crear una cultura para la \u00e9tica de la investigaci\u00f3n que debe considerar \u2014entre otras cosas-interrogantes como: \u00bfQu\u00e9 caracter\u00edsticas deben tener los miembros de un comit\u00e9 de \u00e9tica? \u00bfC\u00f3mo se forman los miembros de un comit\u00e9 de \u00e9tica? \u00bfQu\u00e9 tipo de conocimientos requieren los miembros de un comit\u00e9 de \u00e9tica?<\/p>\n<\/div>\n<\/div>\n<\/div>\n<\/div>\n[\/vc_column_text][mk_divider style=\u00bbthick_solid\u00bb border_color=\u00bb#004477&#8243;][vc_column_text]\n<div class=\"page\" title=\"Page 2\">\n<p><span style=\"font-size: 20px;\"><b>Inversi\u00f3n:<\/b><\/span><\/p>\n<div class=\"page\" title=\"Page 2\">\n<div class=\"layoutArea\">\n<div class=\"column\">\n<div class=\"page\" title=\"Page 6\">\n<div class=\"section\">\n<div class=\"layoutArea\">\n<div class=\"column\">\n<p><strong>10 participantes:<\/strong> $5.000.000<\/p>\n<\/div>\n<\/div>\n<\/div>\n<\/div>\n<\/div>\n<\/div>\n<\/div>\n<\/div>\n[\/vc_column_text][\/vc_column][\/mk_page_section]\n","protected":false},"excerpt":{"rendered":"<p>[mk_page_section bg_image=\u00bbhttps:\/\/inis.com.co\/wp-content\/uploads\/2021\/03\/Quienes-somos-banner.jpg\u00bb bg_position=\u00bbcenter center\u00bb sidebar=\u00bbsidebar-1&#8243;][vc_column][mk_fancy_title color=\u00bb#ffffff\u00bb size=\u00bb30&#8243; font_weight=\u00bbbold\u00bb margin_top=\u00bb10&#8243; margin_bottom=\u00bb10&#8243; font_family=\u00bbnone\u00bb align=\u00bbcenter\u00bb]Curso comit\u00e9s de \u00e9tica en Colombia.[\/mk_fancy_title][\/vc_column][\/mk_page_section][mk_page_section][vc_column][mk_padding_divider size=\u00bb30&#8243;][vc_column_text align=\u00bbcenter\u00bb] Objetivo: Fortalecer capacidades \u00e9ticas para la reflexi\u00f3n, an\u00e1lisis, evaluaci\u00f3n y toma de decisiones en el \u00e1mbito de los comit\u00e9s de \u00e9tica, bio\u00e9tica e integridad cient\u00edfica que permita identificar los l\u00edmites y alcances morales del que hacer [&hellip;]<\/p>\n","protected":false},"author":1,"featured_media":0,"parent":0,"menu_order":0,"comment_status":"closed","ping_status":"closed","template":"","meta":[],"_links":{"self":[{"href":"https:\/\/inis.com.co\/index.php\/wp-json\/wp\/v2\/pages\/103"}],"collection":[{"href":"https:\/\/inis.com.co\/index.php\/wp-json\/wp\/v2\/pages"}],"about":[{"href":"https:\/\/inis.com.co\/index.php\/wp-json\/wp\/v2\/types\/page"}],"author":[{"embeddable":true,"href":"https:\/\/inis.com.co\/index.php\/wp-json\/wp\/v2\/users\/1"}],"replies":[{"embeddable":true,"href":"https:\/\/inis.com.co\/index.php\/wp-json\/wp\/v2\/comments?post=103"}],"version-history":[{"count":23,"href":"https:\/\/inis.com.co\/index.php\/wp-json\/wp\/v2\/pages\/103\/revisions"}],"predecessor-version":[{"id":2119,"href":"https:\/\/inis.com.co\/index.php\/wp-json\/wp\/v2\/pages\/103\/revisions\/2119"}],"wp:attachment":[{"href":"https:\/\/inis.com.co\/index.php\/wp-json\/wp\/v2\/media?parent=103"}],"curies":[{"name":"wp","href":"https:\/\/api.w.org\/{rel}","templated":true}]}}