{"id":10,"date":"2021-03-09T11:30:32","date_gmt":"2021-03-09T11:30:32","guid":{"rendered":"https:\/\/inis.com.co\/?page_id=10"},"modified":"2021-07-14T17:10:51","modified_gmt":"2021-07-14T17:10:51","slug":"quienes-somos","status":"publish","type":"page","link":"https:\/\/inis.com.co\/index.php\/quienes-somos\/","title":{"rendered":"\u00bfQui\u00e9nes somos?"},"content":{"rendered":"[mk_page_section bg_image=\u00bbhttps:\/\/inis.com.co\/wp-content\/uploads\/2021\/03\/Quienes-somos-banner.jpg\u00bb bg_position=\u00bbcenter center\u00bb sidebar=\u00bbsidebar-1&#8243;][vc_column][mk_fancy_title color=\u00bb#ffffff\u00bb size=\u00bb40&#8243; font_weight=\u00bbbold\u00bb margin_top=\u00bb10&#8243; margin_bottom=\u00bb10&#8243; font_family=\u00bbnone\u00bb align=\u00bbcenter\u00bb]\u00bfQui\u00e9nes Somos?[\/mk_fancy_title][\/vc_column][\/mk_page_section][mk_page_section][vc_column][\/vc_column][\/mk_page_section][mk_page_section section_id=\u00bbmision\u00bb sidebar=\u00bbsidebar-1&#8243;][vc_column][vc_row_inner][vc_column_inner width=\u00bb1\/2&#8243;][mk_font_icons icon=\u00bbmk-li-paper-plane\u00bb color=\u00bb#07b8ea\u00bb size=\u00bbx-large\u00bb margin_vertical=\u00bb5&#8243; circle=\u00bbtrue\u00bb circle_border_width=\u00bb2&#8243; circle_border_color=\u00bb#07b8ea\u00bb align=\u00bbcenter\u00bb][mk_fancy_title color=\u00bb#07b8ea\u00bb size=\u00bb30&#8243; font_weight=\u00bbbold\u00bb margin_top=\u00bb10&#8243; margin_bottom=\u00bb10&#8243; font_family=\u00bbnone\u00bb align=\u00bbcenter\u00bb]Misi\u00f3n[\/mk_fancy_title][mk_divider style=\u00bbthick_solid\u00bb divider_width=\u00bbone_third\u00bb border_color=\u00bb#07b8ea\u00bb margin_top=\u00bb0&#8243;][vc_column_text align=\u00bbcenter\u00bb]Desarrolla con las comunidades, organizaciones e instituciones educativas y sociales <strong>proyectos de investigaci\u00f3n, innovaci\u00f3n y transferencia de conocimiento<\/strong> para la transformaci\u00f3n de los contextos locales, regionales e internacionales[\/vc_column_text][\/vc_column_inner][vc_column_inner width=\u00bb1\/2&#8243;][mk_font_icons icon=\u00bbmk-li-view\u00bb color=\u00bb#07b8ea\u00bb size=\u00bbx-large\u00bb margin_vertical=\u00bb5&#8243; circle=\u00bbtrue\u00bb circle_border_width=\u00bb2&#8243; circle_border_color=\u00bb#07b8ea\u00bb align=\u00bbcenter\u00bb][mk_fancy_title color=\u00bb#07b8ea\u00bb size=\u00bb30&#8243; font_weight=\u00bbbold\u00bb margin_top=\u00bb10&#8243; margin_bottom=\u00bb10&#8243; font_family=\u00bbnone\u00bb align=\u00bbcenter\u00bb]Visi\u00f3n[\/mk_fancy_title][mk_divider style=\u00bbthick_solid\u00bb divider_width=\u00bbone_third\u00bb border_color=\u00bb#07b8ea\u00bb margin_top=\u00bb0&#8243;][vc_column_text align=\u00bbcenter\u00bb]En el 2022 el Instituto Nacional de Investigaci\u00f3n e Innovaci\u00f3n Social ser\u00e1 reconocido en el <strong>contexto colombiano y latinoamericano<\/strong> con el centro de pensamiento, investigaci\u00f3n e innovaci\u00f3n social l\u00edder en los siguientes campos de actuaci\u00f3n:[\/vc_column_text][\/vc_column_inner][\/vc_row_inner][\/vc_column][\/mk_page_section][mk_page_section bg_color=\u00bb#004477&#8243; sidebar=\u00bbsidebar-1&#8243;][vc_column][mk_fancy_title color=\u00bb#ffffff\u00bb size=\u00bb30&#8243; font_weight=\u00bbbold\u00bb margin_top=\u00bb10&#8243; margin_bottom=\u00bb10&#8243; font_family=\u00bbnone\u00bb]Campos de actuaci\u00f3n:[\/mk_fancy_title][vc_row_inner][vc_column_inner width=\u00bb1\/2&#8243;][mk_custom_list style=\u00bbe634&#8243;]\n<ul style=\"color: #ffffff;\">\n<li>Desarrollar proyectos educativos y sociales que impacten positivamente a las comunidades locales y regionales, a las escuelas, las universidades y las organizaciones no gubernamentales y de gobierno.<\/li>\n<\/ul>\n<p>&nbsp;<\/p>\n<ul style=\"color: #ffffff;\">\n<li style=\"text-align: left;\">Desarrollar convenios con universidades nacionales e internacionales para ofrecer programas de formaci\u00f3n de maestr\u00eda y doctorado en el campo de las ciencias humanas y sociales que aporten a la comprensi\u00f3n y transformaci\u00f3n de las realidades educativas y sociales<\/li>\n<\/ul>\n<p>&nbsp;<\/p>\n<ul style=\"color: #ffffff;\">\n<li>Realizar programas de formaci\u00f3n en educaci\u00f3n para el trabajo y el desarrollo humano mediante propuestas curriculares pertinentes y oportunas seg\u00fan las necesidades de las comunidades y las regiones.<\/li>\n<\/ul>\n[\/mk_custom_list][\/vc_column_inner][vc_column_inner width=\u00bb1\/2&#8243;][mk_custom_list style=\u00bbe634&#8243;]\n<ul style=\"color: #ffffff;\">\n<li>Liderar procesos de edici\u00f3n y transferencia de conocimiento humano y social y a la vez investigaci\u00f3n sobre el impacto de la investigaci\u00f3n en la vida de las comunidades.<\/li>\n<\/ul>\n<p>&nbsp;<\/p>\n<ul style=\"color: #ffffff;\">\n<li>Ser\u00e1 consultor de las universidades nacionales e internacionales sobre temas relacionados a los alcances y l\u00edmites \u00e9ticos de la investigaci\u00f3n cient\u00edfica, humana y social.<\/li>\n<\/ul>\n<p>&nbsp;<\/p>\n<ul style=\"color: #ffffff;\">\n<li>Participar en el dise\u00f1o de pol\u00edticas p\u00fablicas para el desarrollo regional desde los enfoques de la educaci\u00f3n para la paz y formaci\u00f3n ciudadana.<\/li>\n<\/ul>\n[\/mk_custom_list][\/vc_column_inner][\/vc_row_inner][\/vc_column][\/mk_page_section][mk_page_section][vc_column][mk_fancy_title color=\u00bb#07b8ea\u00bb size=\u00bb50&#8243; font_weight=\u00bbbold\u00bb margin_top=\u00bb10&#8243; margin_bottom=\u00bb2&#8243; font_family=\u00bbnone\u00bb align=\u00bbcenter\u00bb]Principios[\/mk_fancy_title][mk_divider style=\u00bbthick_solid\u00bb divider_width=\u00bbone_third\u00bb border_color=\u00bb#07b8ea\u00bb margin_top=\u00bb0&#8243;][vc_row_inner css=\u00bb.vc_custom_1615544519615{padding-right: 10px !important;padding-left: 10px !important;}\u00bb][vc_column_inner width=\u00bb1\/3&#8243; css=\u00bb.vc_custom_1615544811735{border-radius: 5px !important;}\u00bb][vc_column_text align=\u00bbcenter\u00bb]\n<div class=\"boxazul\">\n[mk_font_icons icon=\u00bbmk-li-atom\u00bb color=\u00bb#07b8ea\u00bb size=\u00bbx-large\u00bb margin_vertical=\u00bb5&#8243; circle=\u00bbtrue\u00bb circle_border_width=\u00bb2&#8243; circle_border_color=\u00bb#07b8ea\u00bb align=\u00bbcenter\u00bb]\n<h3 style=\"color: #00bce9;\">Apropiaci\u00f3n social del conocimiento<\/h3>\n<p style=\"text-align: center; color: #ffffff;\">Procesos investigaci\u00f3n requieren el dise\u00f1o de estrategias que permitan el di\u00e1logo no solo comunidades acad\u00e9micas y cient\u00edficas sino, fundamentalmente, con las comunidades, las organizaciones donde se valida el impacto del conocimiento en los contextos de actuaci\u00f3n del individuo y las colectividades.<\/p>\n<\/div>\n[\/vc_column_text][\/vc_column_inner][vc_column_inner width=\u00bb1\/3&#8243; css=\u00bb.vc_custom_1615544824572{border-radius: 5px !important;}\u00bb][vc_column_text align=\u00bbcenter\u00bb]\n<div class=\"boxazul\">\n[mk_font_icons icon=\u00bbmk-li-apeaker\u00bb color=\u00bb#07b8ea\u00bb size=\u00bbx-large\u00bb margin_vertical=\u00bb5&#8243; circle=\u00bbtrue\u00bb circle_border_width=\u00bb2&#8243; circle_border_color=\u00bb#07b8ea\u00bb align=\u00bbcenter\u00bb]\n<h3 style=\"color: #00bce9;\">Democratizaci\u00f3n<br \/>\ndel saber<\/h3>\n<p style=\"text-align: center; color: #ffffff;\">La geopol\u00edtica del conocimiento y los avances en la investigaci\u00f3n cient\u00edfica, humana y social requiere de pol\u00edticas que permitan que el acceso sin limitaciones de los ciudadanos al conocimiento que entre otras cosas enriquece y dinamiza la democracia.<\/p>\n<\/div>\n[\/vc_column_text][\/vc_column_inner][vc_column_inner width=\u00bb1\/3&#8243; css=\u00bb.vc_custom_1615544837374{border-radius: 5px !important;}\u00bb][vc_column_text align=\u00bbcenter\u00bb]\n<div class=\"boxazul\">\n[mk_font_icons icon=\u00bbmk-li-comments\u00bb color=\u00bb#07b8ea\u00bb size=\u00bbx-large\u00bb margin_vertical=\u00bb5&#8243; circle=\u00bbtrue\u00bb circle_border_width=\u00bb2&#8243; circle_border_color=\u00bb#07b8ea\u00bb align=\u00bbcenter\u00bb]\n<h3 style=\"color: #00bce9;\">Innovaci\u00f3n para el desarrollo humano y social<\/h3>\n<p style=\"text-align: center; color: #ffffff;\">Frente a las demandas de intervenci\u00f3n social y educativas el desarrollo y la gesti\u00f3n del conocimiento se orienta hacia el dise\u00f1o de propuesto y proyectos innovadores que permitan el cambio y ampl\u00eden las oportunidades de aprendizajes de las comunidades frente a sus demandas de reconocimiento y dignificaci\u00f3n.<\/p>\n<\/div>\n[\/vc_column_text][\/vc_column_inner][\/vc_row_inner][vc_row_inner css=\u00bb.vc_custom_1615544519615{padding-right: 10px !important;padding-left: 10px !important;}\u00bb][vc_column_inner width=\u00bb1\/2&#8243; css=\u00bb.vc_custom_1615544811735{border-radius: 5px !important;}\u00bb][vc_column_text align=\u00bbcenter\u00bb]\n<div class=\"boxazul\">\n[mk_font_icons icon=\u00bbmk-icon-graduation-cap\u00bb color=\u00bb#07b8ea\u00bb size=\u00bbx-large\u00bb margin_vertical=\u00bb5&#8243; circle=\u00bbtrue\u00bb circle_border_width=\u00bb2&#8243; circle_border_color=\u00bb#07b8ea\u00bb align=\u00bbcenter\u00bb]\n<h3 style=\"color: #00bce9;\">Formaci\u00f3n \u00e9tica y educaci\u00f3n para paz<\/h3>\n<p style=\"text-align: center; color: #ffffff;\">Una sociedad plural, incluyente y democr\u00e1tica requiere que los ciudadanos en sus distintos contextos de actuaci\u00f3n desarrollen capacidades \u00e9ticas para avanzar en la construcci\u00f3n de una sociedad fraterna y en paz.<\/p>\n<\/div>\n[\/vc_column_text][\/vc_column_inner][vc_column_inner width=\u00bb1\/2&#8243; css=\u00bb.vc_custom_1615544824572{border-radius: 5px !important;}\u00bb][vc_column_text align=\u00bbcenter\u00bb]\n<div class=\"boxazul\">\n[mk_font_icons icon=\u00bbmk-icon-group\u00bb color=\u00bb#07b8ea\u00bb size=\u00bbx-large\u00bb margin_vertical=\u00bb5&#8243; circle=\u00bbtrue\u00bb circle_border_width=\u00bb2&#8243; circle_border_color=\u00bb#07b8ea\u00bb align=\u00bbcenter\u00bb]\n<h3 style=\"color: #00bce9;\">Cooperaci\u00f3n y desarrollo<\/h3>\n<p style=\"text-align: center; color: #ffffff;\">Para el desarrollo de las comunidades y sus realidades se requieren alianzas, trabajo colaborativo entre las instituciones para promover el cambio y el empoderamiento de los ciudadanos para la consecuci\u00f3n de aspiraciones individuales y colectivas.<\/p>\n<\/div>\n[\/vc_column_text][\/vc_column_inner][\/vc_row_inner][\/vc_column][\/mk_page_section][mk_page_section][vc_column][mk_padding_divider][mk_fancy_title color=\u00bb#07b8ea\u00bb size=\u00bb50&#8243; font_weight=\u00bbbold\u00bb margin_top=\u00bb10&#8243; margin_bottom=\u00bb2&#8243; font_family=\u00bbnone\u00bb align=\u00bbcenter\u00bb]Comit\u00e9 acad\u00e9mico[\/mk_fancy_title][mk_divider style=\u00bbthick_solid\u00bb divider_width=\u00bbone_third\u00bb border_color=\u00bb#07b8ea\u00bb margin_top=\u00bb0&#8243;][\/vc_column][\/mk_page_section][mk_page_section][vc_column width=\u00bb1\/3&#8243;][mk_circle_image src=\u00bbhttps:\/\/inis.com.co\/wp-content\/uploads\/2021\/03\/Victor-Eligio-Espinosa.jpeg\u00bb image_diameter=\u00bb150&#8243; el_class=\u00bbimggray\u00bb][mk_fancy_title color=\u00bb#07b8ea\u00bb size=\u00bb30&#8243; font_weight=\u00bbbold\u00bb margin_top=\u00bb10&#8243; margin_bottom=\u00bb10&#8243; font_family=\u00bbnone\u00bb align=\u00bbcenter\u00bb]V\u00edctor Eligio Espinosa[\/mk_fancy_title][vc_column_text align=\u00bbcenter\u00bb]\n<p style=\"text-align: center;\"><strong>Director del Instituto Nacional de<\/strong><br \/>\n<strong>Investigaci\u00f3n e Innovaci\u00f3n Social (INIS)<\/strong><\/p>\n[\/vc_column_text][mk_button dimension=\u00bbflat\u00bb size=\u00bbmedium\u00bb url=\u00bbhttp:\/\/scienti.colciencias.gov.co:8081\/cvlac\/visualizador\/generarCurriculoCv.do?cod_rh=0001013130&#8243; align=\u00bbcenter\u00bb bg_color=\u00bb#004477&#8243; btn_hover_bg=\u00bb#00bce9&#8243; btn_hover_txt_color=\u00bb#004477&#8243;]Ver CvLAC[\/mk_button][\/vc_column][vc_column width=\u00bb1\/3&#8243;][mk_circle_image src=\u00bbhttps:\/\/inis.com.co\/wp-content\/uploads\/2021\/03\/profesor-elias-Manaced-Rey.jpeg\u00bb image_diameter=\u00bb150&#8243; el_class=\u00bbimggray\u00bb][mk_fancy_title color=\u00bb#07b8ea\u00bb size=\u00bb30&#8243; font_weight=\u00bbbold\u00bb margin_top=\u00bb10&#8243; margin_bottom=\u00bb10&#8243; font_family=\u00bbnone\u00bb align=\u00bbcenter\u00bb]El\u00edas Manaced Rey[\/mk_fancy_title][vc_column_text align=\u00bbcenter\u00bb]\n<p style=\"text-align: center;\">Doctor en Ciencias Sociales. Universidad Javeriana.<\/p>\n<p style=\"text-align: center;\"><strong>Investigador solidario de INIS.<\/strong><\/p>\n[\/vc_column_text][mk_button dimension=\u00bbflat\u00bb size=\u00bbmedium\u00bb url=\u00bbhttps:\/\/scienti.minciencias.gov.co\/cvlac\/visualizador\/generarCurriculoCv.do?cod_rh=0001350821&#8243; align=\u00bbcenter\u00bb bg_color=\u00bb#004477&#8243; btn_hover_bg=\u00bb#00bce9&#8243; btn_hover_txt_color=\u00bb#004477&#8243;]Ver CvLAC[\/mk_button][\/vc_column][vc_column width=\u00bb1\/3&#8243;][mk_circle_image src=\u00bbhttps:\/\/inis.com.co\/wp-content\/uploads\/2021\/03\/Diana-Melissa-Paredes..jpeg\u00bb image_diameter=\u00bb150&#8243; el_class=\u00bbimggray\u00bb][mk_fancy_title color=\u00bb#07b8ea\u00bb size=\u00bb30&#8243; font_weight=\u00bbbold\u00bb margin_top=\u00bb10&#8243; margin_bottom=\u00bb10&#8243; font_family=\u00bbnone\u00bb align=\u00bbcenter\u00bb]Diana Melissa Paredes[\/mk_fancy_title][vc_column_text align=\u00bbcenter\u00bb]\n<p style=\"text-align: center;\">Doctora en Filosof\u00eda. Universidad de Antioquia<\/p>\n<p style=\"text-align: center;\"><strong>Investigadora solidaria de INIS.<\/strong><\/p>\n[\/vc_column_text][mk_button dimension=\u00bbflat\u00bb size=\u00bbmedium\u00bb url=\u00bbhttp:\/\/scienti.colciencias.gov.co:8081\/cvlac\/visualizador\/generarCurriculoCv.do?cod_rh=0000294101&#8243; align=\u00bbcenter\u00bb bg_color=\u00bb#004477&#8243; btn_hover_bg=\u00bb#00bce9&#8243; btn_hover_txt_color=\u00bb#004477&#8243;]Ver CvLAC[\/mk_button][\/vc_column][\/mk_page_section][mk_page_section min_height=\u00bb0&#8243; visibility=\u00bbhidden-sm\u00bb sidebar=\u00bbsidebar-1&#8243;][vc_column][mk_divider style=\u00bbsingle_dotted\u00bb border_color=\u00bb#00bce9&#8243;][\/vc_column][\/mk_page_section][mk_page_section][vc_column width=\u00bb1\/3&#8243;][mk_circle_image src=\u00bbhttps:\/\/inis.com.co\/wp-content\/uploads\/2021\/03\/Jorge-Enrique-Ramirez.jpeg\u00bb image_diameter=\u00bb150&#8243; el_class=\u00bbimggray\u00bb][mk_fancy_title color=\u00bb#07b8ea\u00bb size=\u00bb30&#8243; font_weight=\u00bbbold\u00bb margin_top=\u00bb10&#8243; margin_bottom=\u00bb10&#8243; font_family=\u00bbnone\u00bb align=\u00bbcenter\u00bb]Jorge Enrique Ram\u00edrez[\/mk_fancy_title][vc_column_text align=\u00bbcenter\u00bb]\n<p style=\"text-align: center;\">Mag\u00edster en Educaci\u00f3n. Universidad Santo Tom\u00e1s Villavicencio.<\/p>\n<p style=\"text-align: center;\"><strong>Investigador solidario de INIS.<\/strong><\/p>\n[\/vc_column_text][mk_button dimension=\u00bbflat\u00bb size=\u00bbmedium\u00bb url=\u00bbhttp:\/\/scienti.colciencias.gov.co:8081\/cvlac\/visualizador\/generarCurriculoCv.do?cod_rh=0000674494&#8243; align=\u00bbcenter\u00bb bg_color=\u00bb#004477&#8243; btn_hover_bg=\u00bb#00bce9&#8243; btn_hover_txt_color=\u00bb#004477&#8243;]Ver CvLAC[\/mk_button][\/vc_column][vc_column width=\u00bb1\/3&#8243;][mk_circle_image src=\u00bbhttps:\/\/inis.com.co\/wp-content\/uploads\/2021\/03\/Piedad-ORtega.jpeg\u00bb image_diameter=\u00bb150&#8243; el_class=\u00bbimggray\u00bb][mk_fancy_title color=\u00bb#07b8ea\u00bb size=\u00bb30&#8243; font_weight=\u00bbbold\u00bb margin_top=\u00bb10&#8243; margin_bottom=\u00bb10&#8243; font_family=\u00bbnone\u00bb align=\u00bbcenter\u00bb]Piedad Ortega[\/mk_fancy_title][vc_column_text align=\u00bbcenter\u00bb]\n<p style=\"text-align: center;\">Doctora en Educaci\u00f3n. Universidad Pedag\u00f3gica Nacional.<\/p>\n<p style=\"text-align: center;\"><strong>Investigadora solidaria de INIS.<\/strong><\/p>\n[\/vc_column_text][mk_button dimension=\u00bbflat\u00bb size=\u00bbmedium\u00bb url=\u00bbhttp:\/\/scienti.colciencias.gov.co:8081\/cvlac\/visualizador\/generarCurriculoCv.do?cod_rh=0000020206&#8243; align=\u00bbcenter\u00bb bg_color=\u00bb#004477&#8243; btn_hover_bg=\u00bb#00bce9&#8243; btn_hover_txt_color=\u00bb#004477&#8243;]Ver CvLAC[\/mk_button][\/vc_column][vc_column width=\u00bb1\/3&#8243;][mk_circle_image src=\u00bbhttps:\/\/inis.com.co\/wp-content\/uploads\/2021\/03\/Giovanny-Pinzon.jpeg\u00bb image_diameter=\u00bb150&#8243; el_class=\u00bbimggray\u00bb][mk_fancy_title color=\u00bb#07b8ea\u00bb size=\u00bb30&#8243; font_weight=\u00bbbold\u00bb margin_top=\u00bb10&#8243; margin_bottom=\u00bb10&#8243; font_family=\u00bbnone\u00bb align=\u00bbcenter\u00bb]Giovanny Pinz\u00f3n[\/mk_fancy_title][vc_column_text align=\u00bbcenter\u00bb]\n<p style=\"text-align: center;\">Doctor en Educaci\u00f3n. Universidad de la Salle de Costa Rica.<\/p>\n<p style=\"text-align: center;\"><strong>Investigador solidario de INIS.<\/strong><\/p>\n[\/vc_column_text][mk_button dimension=\u00bbflat\u00bb size=\u00bbmedium\u00bb url=\u00bbhttps:\/\/scienti.minciencias.gov.co\/cvlac\/visualizador\/generarCurriculoCv.do?cod_rh=0001013076&#8243; align=\u00bbcenter\u00bb bg_color=\u00bb#004477&#8243; btn_hover_bg=\u00bb#00bce9&#8243; btn_hover_txt_color=\u00bb#004477&#8243;]Ver CvLAC[\/mk_button][\/vc_column][\/mk_page_section][mk_page_section min_height=\u00bb0&#8243; visibility=\u00bbhidden-sm\u00bb sidebar=\u00bbsidebar-1&#8243;][vc_column][mk_divider style=\u00bbsingle_dotted\u00bb border_color=\u00bb#00bce9&#8243;][\/vc_column][\/mk_page_section][mk_page_section][vc_column width=\u00bb1\/3&#8243;][\/vc_column][vc_column width=\u00bb1\/3&#8243;][mk_circle_image src=\u00bbhttps:\/\/inis.com.co\/wp-content\/uploads\/2021\/05\/Andres-David-Nieto-Buitrago.jpg\u00bb image_diameter=\u00bb150&#8243; el_class=\u00bbimggray\u00bb][mk_fancy_title color=\u00bb#07b8ea\u00bb size=\u00bb30&#8243; font_weight=\u00bbbold\u00bb margin_top=\u00bb10&#8243; margin_bottom=\u00bb10&#8243; font_family=\u00bbnone\u00bb align=\u00bbcenter\u00bb]Andr\u00e9s David Nieto Buitrago[\/mk_fancy_title][vc_column_text align=\u00bbcenter\u00bb]\n<p style=\"text-align: center;\"><strong>Subdirector de Investigaciones INIS<\/strong><\/p>\n[\/vc_column_text][mk_button dimension=\u00bbflat\u00bb size=\u00bbmedium\u00bb url=\u00bbhttps:\/\/scienti.minciencias.gov.co\/cvlac\/visualizador\/generarCurriculoCv.do?cod_rh=00001&#8243; align=\u00bbcenter\u00bb bg_color=\u00bb#004477&#8243; btn_hover_bg=\u00bb#00bce9&#8243; btn_hover_txt_color=\u00bb#004477&#8243;]Ver CvLAC[\/mk_button][\/vc_column][vc_column width=\u00bb1\/3&#8243;][\/vc_column][\/mk_page_section][mk_page_section][vc_column][\/vc_column][\/mk_page_section]\n","protected":false},"excerpt":{"rendered":"<p>[mk_page_section bg_image=\u00bbhttps:\/\/inis.com.co\/wp-content\/uploads\/2021\/03\/Quienes-somos-banner.jpg\u00bb bg_position=\u00bbcenter center\u00bb sidebar=\u00bbsidebar-1&#8243;][vc_column][mk_fancy_title color=\u00bb#ffffff\u00bb size=\u00bb40&#8243; font_weight=\u00bbbold\u00bb margin_top=\u00bb10&#8243; margin_bottom=\u00bb10&#8243; font_family=\u00bbnone\u00bb align=\u00bbcenter\u00bb]\u00bfQui\u00e9nes Somos?[\/mk_fancy_title][\/vc_column][\/mk_page_section][mk_page_section][vc_column][\/vc_column][\/mk_page_section][mk_page_section section_id=\u00bbmision\u00bb sidebar=\u00bbsidebar-1&#8243;][vc_column][vc_row_inner][vc_column_inner width=\u00bb1\/2&#8243;][mk_font_icons icon=\u00bbmk-li-paper-plane\u00bb color=\u00bb#07b8ea\u00bb size=\u00bbx-large\u00bb margin_vertical=\u00bb5&#8243; circle=\u00bbtrue\u00bb circle_border_width=\u00bb2&#8243; circle_border_color=\u00bb#07b8ea\u00bb align=\u00bbcenter\u00bb][mk_fancy_title color=\u00bb#07b8ea\u00bb size=\u00bb30&#8243; font_weight=\u00bbbold\u00bb margin_top=\u00bb10&#8243; margin_bottom=\u00bb10&#8243; font_family=\u00bbnone\u00bb align=\u00bbcenter\u00bb]Misi\u00f3n[\/mk_fancy_title][mk_divider style=\u00bbthick_solid\u00bb divider_width=\u00bbone_third\u00bb border_color=\u00bb#07b8ea\u00bb margin_top=\u00bb0&#8243;][vc_column_text align=\u00bbcenter\u00bb]Desarrolla con las comunidades, organizaciones e instituciones educativas y sociales proyectos de investigaci\u00f3n, innovaci\u00f3n y transferencia de conocimiento para la [&hellip;]<\/p>\n","protected":false},"author":1,"featured_media":69,"parent":0,"menu_order":0,"comment_status":"closed","ping_status":"closed","template":"","meta":[],"_links":{"self":[{"href":"https:\/\/inis.com.co\/index.php\/wp-json\/wp\/v2\/pages\/10"}],"collection":[{"href":"https:\/\/inis.com.co\/index.php\/wp-json\/wp\/v2\/pages"}],"about":[{"href":"https:\/\/inis.com.co\/index.php\/wp-json\/wp\/v2\/types\/page"}],"author":[{"embeddable":true,"href":"https:\/\/inis.com.co\/index.php\/wp-json\/wp\/v2\/users\/1"}],"replies":[{"embeddable":true,"href":"https:\/\/inis.com.co\/index.php\/wp-json\/wp\/v2\/comments?post=10"}],"version-history":[{"count":41,"href":"https:\/\/inis.com.co\/index.php\/wp-json\/wp\/v2\/pages\/10\/revisions"}],"predecessor-version":[{"id":1102,"href":"https:\/\/inis.com.co\/index.php\/wp-json\/wp\/v2\/pages\/10\/revisions\/1102"}],"wp:featuredmedia":[{"embeddable":true,"href":"https:\/\/inis.com.co\/index.php\/wp-json\/wp\/v2\/media\/69"}],"wp:attachment":[{"href":"https:\/\/inis.com.co\/index.php\/wp-json\/wp\/v2\/media?parent=10"}],"curies":[{"name":"wp","href":"https:\/\/api.w.org\/{rel}","templated":true}]}}